{"id":156685,"date":"2025-05-19T06:16:14","date_gmt":"2025-05-19T06:16:14","guid":{"rendered":"https:\/\/micus.fi\/ikkunat\/"},"modified":"2025-06-03T07:02:10","modified_gmt":"2025-06-03T07:02:10","slug":"pihla-ikkunat-pohjanmaa","status":"publish","type":"page","link":"https:\/\/micus.fi\/fi\/pihla-ikkunat-pohjanmaa\/","title":{"rendered":"Ikkunat"},"content":{"rendered":"<div class=\"wpb-content-wrapper\"><p>[vc_row row_height_percent=&#8221;55&#8243; override_padding=&#8221;yes&#8221; h_padding=&#8221;2&#8243; top_padding=&#8221;4&#8243; bottom_padding=&#8221;4&#8243; back_color=&#8221;color-wayh&#8221; back_image=&#8221;156002&#8243; back_position=&#8221;center center&#8221; overlay_color=&#8221;accent&#8221; overlay_alpha=&#8221;50&#8243; gutter_size=&#8221;3&#8243; column_width_percent=&#8221;100&#8243; shift_y=&#8221;0&#8243; z_index=&#8221;0&#8243; enable_bottom_divider=&#8221;default&#8221; bottom_divider=&#8221;gradient&#8221; shape_bottom_h_use_pixel=&#8221;true&#8221; shape_bottom_height_percent=&#8221;100&#8243; shape_bottom_color=&#8221;color-210407&#8243; shape_bottom_opacity=&#8221;50&#8243; shape_bottom_index=&#8221;0&#8243; content_parallax=&#8221;0&#8243; uncode_shortcode_id=&#8221;242145&#8243; back_color_type=&#8221;uncode-palette&#8221; overlay_color_type=&#8221;uncode-palette&#8221; shape_bottom_color_type=&#8221;uncode-palette&#8221;][vc_column column_width_percent=&#8221;100&#8243; position_vertical=&#8221;bottom&#8221; gutter_size=&#8221;3&#8243; style=&#8221;dark&#8221; overlay_alpha=&#8221;50&#8243; shift_x=&#8221;0&#8243; shift_y=&#8221;0&#8243; shift_y_down=&#8221;0&#8243; z_index=&#8221;0&#8243; medium_width=&#8221;0&#8243; mobile_width=&#8221;0&#8243; zoom_width=&#8221;0&#8243; zoom_height=&#8221;0&#8243; width=&#8221;1\/1&#8243; uncode_shortcode_id=&#8221;488640&#8243; mobile_height=&#8221;40vh&#8221;][vc_custom_heading heading_semantic=&#8221;h1&#8243; text_font=&#8221;font-846016&#8243; text_size=&#8221;fontsize-338686&#8243; text_height=&#8221;fontheight-179065&#8243; sub_reduced=&#8221;yes&#8221; text_uppercase=&#8221;&#8221; uncode_shortcode_id=&#8221;202632&#8243;]Ota meihin yhteytt\u00e4, niin saat turvallisen<br \/>\nja helpon ikkunanvaihdon.[\/vc_custom_heading][\/vc_column][\/vc_row][vc_row row_height_percent=&#8221;0&#8243; override_padding=&#8221;yes&#8221; h_padding=&#8221;2&#8243; top_padding=&#8221;5&#8243; bottom_padding=&#8221;3&#8243; overlay_alpha=&#8221;50&#8243; equal_height=&#8221;yes&#8221; gutter_size=&#8221;4&#8243; column_width_percent=&#8221;100&#8243; shift_y=&#8221;0&#8243; z_index=&#8221;0&#8243;][vc_column column_width_percent=&#8221;100&#8243; gutter_size=&#8221;0&#8243; overlay_alpha=&#8221;50&#8243; shift_x=&#8221;0&#8243; shift_y=&#8221;0&#8243; shift_y_down=&#8221;0&#8243; z_index=&#8221;0&#8243; medium_width=&#8221;0&#8243; mobile_width=&#8221;0&#8243; width=&#8221;4\/12&#8243;][vc_empty_space empty_h=&#8221;0&#8243;][vc_custom_heading text_color=&#8221;accent&#8221; heading_semantic=&#8221;h6&#8243; text_size=&#8221;fontsize-160000&#8243; text_transform=&#8221;uppercase&#8221; text_space=&#8221;fontspace-210350&#8243; uncode_shortcode_id=&#8221;138576&#8243; text_color_type=&#8221;uncode-palette&#8221;]Ikkunat[\/vc_custom_heading][\/vc_column][vc_column column_width_percent=&#8221;100&#8243; position_vertical=&#8221;bottom&#8221; gutter_size=&#8221;3&#8243; overlay_alpha=&#8221;50&#8243; shift_x=&#8221;0&#8243; shift_y=&#8221;0&#8243; shift_y_down=&#8221;0&#8243; z_index=&#8221;0&#8243; medium_width=&#8221;0&#8243; mobile_width=&#8221;0&#8243; width=&#8221;8\/12&#8243;][vc_custom_heading text_size=&#8221;h1&#8243; text_weight=&#8221;700&#8243; text_height=&#8221;fontheight-357766&#8243; uncode_shortcode_id=&#8221;172377&#8243;]Energiatehokkaat ikkunat Pohjanmaalla &#8211; turvallinen muutos paikallisella osaamisella[\/vc_custom_heading][\/vc_column][\/vc_row][vc_row][vc_column width=&#8221;1\/1&#8243;][vc_custom_heading heading_semantic=&#8221;h4&#8243; text_size=&#8221;h4&#8243; text_weight=&#8221;300&#8243; text_height=&#8221;fontheight-357766&#8243; uncode_shortcode_id=&#8221;715778&#8243; text_color_type=&#8221;uncode-solid&#8221; text_color_solid=&#8221;#5b616b&#8221;]Etsitk\u00f6 uusia ikkunoita omakotitaloosi, rivitaloosi tai loma-asuntoosi Pohjanmaalla? Me Micuksella autamme sinua koko matkan &#8211; neuvonnasta ja mittauksesta aina Pihlan energiatehokkaiden laatuikkunoiden lopulliseen asennukseen.<\/p>\n<p>Olemme Pihla-ikkunoiden valtuutettu j\u00e4lleenmyyj\u00e4 ja asentaja &#8211; Suomessa valmistetut ikkunat kest\u00e4v\u00e4t pohjoismaista ilmastoamme ja parantavat sek\u00e4 sis\u00e4ilman viihtyisyytt\u00e4 ett\u00e4 julkisivun ulkon\u00e4k\u00f6\u00e4. Laajan kokemuksen ja paikallistuntemuksen avulla varmistamme, ett\u00e4 lopputulos vastaa tarpeitasi, tyyli\u00e4si ja budjettiasi.<\/p>\n<p>Kun valitset Micuksen, saat turvallisen kokonaisratkaisun, henkil\u00f6kohtaista palvelua ja huolellisen asennuksen omien sertifioitujen asentajiemme toimesta &#8211; ymp\u00e4ri vuoden, asuitpa miss\u00e4 p\u00e4in Pohjanmaata tahansa. Micus asentaa Pihla-ikkunat koko Pohjanmaalla &#8211; Kokkolasta, Pietarsaaresta ja Uudestakaarlepyyst\u00e4 Mustasaareen, Vaasaan ja N\u00e4rpi\u00f6\u00f6n.<\/p>\n<p>Lataa <strong><a href=\"https:\/\/view.taiqa.com\/kspaino\/pihla-esite-ikkunat-ja-ovet#\/\/page=1\"><span class=\"text-accent-color\">esite<\/span><\/a><\/strong> ja tutustu koko valikoimaan.[\/vc_custom_heading][vc_row_inner][vc_column_inner width=&#8221;1\/3&#8243;][vc_single_image media=&#8221;156202&#8243; media_width_percent=&#8221;100&#8243; media_ratio=&#8221;four-three&#8221; uncode_shortcode_id=&#8221;984508&#8243;][vc_custom_heading heading_semantic=&#8221;h3&#8243; text_size=&#8221;h3&#8243; text_weight=&#8221;700&#8243; sub_lead=&#8221;yes&#8221; sub_reduced=&#8221;yes&#8221; subheading=&#8221;Autamme sinua valitsemaan Pohjanmaalla sijaitsevaan kotiisi sopivat ikkunaratkaisut, olipa kyseess\u00e4 sitten uudisrakennus, peruskorjaus tai energiaremontti. L\u00f6yd\u00e4mme yhdess\u00e4 taloosi sopivan tyylin ja toiminnallisuuden. &#8221; uncode_shortcode_id=&#8221;229699&#8243;]Oikea ikkuna oikeaan paikkaan[\/vc_custom_heading][\/vc_column_inner][vc_column_inner width=&#8221;1\/3&#8243;][vc_single_image media=&#8221;156203&#8243; media_width_percent=&#8221;100&#8243; media_ratio=&#8221;four-three&#8221; uncode_shortcode_id=&#8221;180411&#8243;][vc_custom_heading heading_semantic=&#8221;h3&#8243; text_size=&#8221;h3&#8243; text_weight=&#8221;700&#8243; sub_lead=&#8221;yes&#8221; sub_reduced=&#8221;yes&#8221; subheading=&#8221;Kaikki ikkunamme tulevat Pihlalta, ja ne on valmistettu Suomessa kest\u00e4m\u00e4\u00e4n ankaria s\u00e4\u00e4olosuhteita, l\u00e4mp\u00f6tilanvaihteluita ja arkiel\u00e4m\u00e4n rasituksia. Oikealla lasivalinnalla v\u00e4henn\u00e4t l\u00e4mp\u00f6h\u00e4vi\u00f6it\u00e4, melua ja ylikuumenemista kes\u00e4ll\u00e4. &#8221; uncode_shortcode_id=&#8221;740483&#8243;]Tehty pohjoismaiseen ilmastoon[\/vc_custom_heading][\/vc_column_inner][vc_column_inner width=&#8221;1\/3&#8243;][vc_single_image media=&#8221;156204&#8243; media_width_percent=&#8221;100&#8243; media_ratio=&#8221;four-three&#8221; uncode_shortcode_id=&#8221;129207&#8243;][vc_custom_heading heading_semantic=&#8221;h3&#8243; text_size=&#8221;h3&#8243; text_weight=&#8221;700&#8243; sub_lead=&#8221;yes&#8221; sub_reduced=&#8221;yes&#8221; subheading=&#8221;Valitse avattavat, kiinte\u00e4t tai erikoisvalmisteiset ikkunat, joissa keskityt\u00e4\u00e4n aina turvallisuuteen, helppohoitoisuuteen ja tyylikk\u00e4\u00e4seen muotoiluun. Piditp\u00e4 sitten klassisesta tai modernista, meill\u00e4 on ratkaisu, joka parantaa yleisvaikutelmaa. &#8221; uncode_shortcode_id=&#8221;203826&#8243;]Muotoilu, turvallisuus ja mukavuus[\/vc_custom_heading][\/vc_column_inner][\/vc_row_inner][vc_button button_color=&#8221;accent&#8221; radius=&#8221;btn-circle&#8221; border_width=&#8221;0&#8243; link=&#8221;url:https%3A%2F%2Fwww.pihla.fi%2Ffi%2Fikkunat%2F|target:_blank|&#8221; button_color_type=&#8221;uncode-palette&#8221; uncode_shortcode_id=&#8221;203480&#8243;]Katso koko Pihla-ikkunavalikoima[\/vc_button][\/vc_column][\/vc_row][vc_row unlock_row_content=&#8221;yes&#8221; row_height_percent=&#8221;0&#8243; override_padding=&#8221;yes&#8221; h_padding=&#8221;0&#8243; top_padding=&#8221;0&#8243; bottom_padding=&#8221;0&#8243; back_color=&#8221;color-lxmt&#8221; overlay_alpha=&#8221;50&#8243; equal_height=&#8221;yes&#8221; gutter_size=&#8221;0&#8243; column_width_percent=&#8221;100&#8243; shift_y=&#8221;0&#8243; z_index=&#8221;0&#8243; bottom_divider=&#8221;gradient&#8221;][vc_column column_width_use_pixel=&#8221;yes&#8221; position_horizontal=&#8221;right&#8221; gutter_size=&#8221;3&#8243; override_padding=&#8221;yes&#8221; column_padding=&#8221;5&#8243; style=&#8221;dark&#8221; back_color=&#8221;accent&#8221; overlay_alpha=&#8221;50&#8243; shift_x=&#8221;0&#8243; shift_y=&#8221;0&#8243; shift_y_down=&#8221;0&#8243; z_index=&#8221;0&#8243; medium_width=&#8221;4&#8243; mobile_width=&#8221;0&#8243; width=&#8221;1\/2&#8243; column_width_pixel=&#8221;466&#8243; uncode_shortcode_id=&#8221;828850&#8243; back_color_type=&#8221;uncode-palette&#8221;][vc_custom_heading heading_semantic=&#8221;h3&#8243; text_size=&#8221;h1&#8243; text_weight=&#8221;700&#8243; sub_lead=&#8221;yes&#8221; sub_reduced=&#8221;yes&#8221; subheading=&#8221;Aloittaminen on helppoa, ja sen tuloksena saat selkeit\u00e4 vastauksia, fiksuja valintoja ja paremman kodin.&#8221; uncode_shortcode_id=&#8221;876114&#8243;]Nykyaikaisiin ikkunoihin siirtymisen edut[\/vc_custom_heading][uncode_list larger=&#8221;yes&#8221; icon=&#8221;fa fa-circle-check&#8221; uncode_shortcode_id=&#8221;137248&#8243;]<\/p>\n<ul>\n<li><strong>V\u00e4henn\u00e4 energiakustannuksia<\/strong><br \/>\nNykyaikaisissa ikkunoissa on parempi eristys, joka v\u00e4hent\u00e4\u00e4 l\u00e4mp\u00f6h\u00e4vi\u00f6it\u00e4 talvella ja pit\u00e4\u00e4 l\u00e4mm\u00f6n poissa kes\u00e4ll\u00e4 &#8211; n\u00e4in s\u00e4\u00e4st\u00e4t sek\u00e4 rahaa ett\u00e4 ymp\u00e4rist\u00f6\u00e4.<\/li>\n<li><strong>Nauti hiljaisemmasta ja miellytt\u00e4v\u00e4mm\u00e4st\u00e4 sis\u00e4ymp\u00e4rist\u00f6st\u00e4<\/strong><br \/>\n\u00c4\u00e4nieristetty lasi v\u00e4hent\u00e4\u00e4 \u00e4rsytt\u00e4v\u00e4\u00e4 liikennemelua ja tuo rauhaa jokap\u00e4iv\u00e4iseen el\u00e4m\u00e4\u00e4n &#8211; t\u00e4ydellinen ratkaisu, jos asut kaupungissa, tien varrella tai naapureiden l\u00e4hell\u00e4.<\/li>\n<li><strong>Lis\u00e4\u00e4 turvallisuutta<\/strong><br \/>\nTurvalasit, lukittavat kahvat ja nykyaikaiset varusteet tekev\u00e4t kodistasi turvallisemman ja ehk\u00e4isev\u00e4t murtoja.<\/li>\n<li><strong>V\u00e4hemm\u00e4n huoltoa &#8211; enemm\u00e4n vapaa-aikaa<\/strong><br \/>\nNykyaikaiset materiaalit vaativat minimaalisen v\u00e4h\u00e4n huoltoa ja kest\u00e4v\u00e4t pidemp\u00e4\u00e4n ilman hankausta tai maalausta.<\/li>\n<li><strong>Sovitettu Suomeen ja Pohjanmaalle<\/strong><br \/>\nIkkunat on suunniteltu kest\u00e4m\u00e4\u00e4n pohjoismaisen ilmaston ankarat s\u00e4\u00e4olosuhteet.<\/li>\n<\/ul>\n<p>[\/uncode_list][\/vc_column][vc_column column_width_use_pixel=&#8221;yes&#8221; position_horizontal=&#8221;left&#8221; gutter_size=&#8221;3&#8243; override_padding=&#8221;yes&#8221; column_padding=&#8221;5&#8243; back_color=&#8221;color-lxmt&#8221; overlay_alpha=&#8221;50&#8243; shift_x=&#8221;0&#8243; shift_y=&#8221;0&#8243; shift_y_fixed=&#8221;yes&#8221; shift_y_down=&#8221;0&#8243; z_index=&#8221;0&#8243; medium_width=&#8221;4&#8243; mobile_width=&#8221;0&#8243; width=&#8221;1\/2&#8243; column_width_pixel=&#8221;466&#8243; uncode_shortcode_id=&#8221;484703&#8243; back_color_type=&#8221;uncode-palette&#8221;][vc_custom_heading heading_semantic=&#8221;h3&#8243; text_size=&#8221;h1&#8243; text_weight=&#8221;700&#8243; sub_lead=&#8221;yes&#8221; sub_reduced=&#8221;yes&#8221; subheading=&#8221;Asennamme taitavasti ja huolellisesti ja tarjoamme nykyaikaisia ratkaisuja jokaiseen kotiin.&#8221; uncode_shortcode_id=&#8221;621686&#8243;]\u00c4lykk\u00e4it\u00e4 ominaisuuksia, enemm\u00e4n mukavuutta ja tyyli\u00e4[\/vc_custom_heading][uncode_list larger=&#8221;yes&#8221; icon=&#8221;fa fa-circle-check&#8221; icon_color=&#8221;accent&#8221; uncode_shortcode_id=&#8221;129891&#8243; icon_color_type=&#8221;uncode-palette&#8221;]<\/p>\n<ul>\n<li><strong>P\u00e4\u00e4st\u00e4 enemm\u00e4n valoa sis\u00e4\u00e4n &#8211; ilman ylikuumenemista<\/strong><br \/>\nAurinkosuojalasi v\u00e4hent\u00e4\u00e4 h\u00e4ik\u00e4isy\u00e4 ja ylikuumenemista ja antaa sinulle mahdollisuuden nauttia valoisammasta kodista.<\/li>\n<li><strong>Parempi viihtyvyys ymp\u00e4ri vuoden<\/strong><br \/>\nH\u00e4ik\u00e4isysuojalasit, tiivistys ja \u00e4lyk\u00e4s ilmanvaihto takaavat tasaisen ja miellytt\u00e4v\u00e4n sis\u00e4ilmaston &#8211; vuodenajasta riippumatta.<\/li>\n<li><strong>Esteettinen p\u00e4ivitys ja arvonnousu<\/strong><br \/>\nUudet Pihla-ikkunat parantavat koko kodin ulkon\u00e4k\u00f6\u00e4 ja ovat viisas investointi tulevaa myynti\u00e4 ajatellen.<\/li>\n<li><strong>Nykyaikaista tekniikkaa tulevaisuuden tarpeisiin<\/strong><br \/>\nValitse esimerkiksi antennilasi, joka parantaa matkapuhelinten kuuluvuutta sis\u00e4tiloissa &#8211; t\u00e4ydellinen ratkaisu energiatehokkaisiin taloihin, joissa on heikko signaali.<\/li>\n<li><strong>Sopii taloosi<\/strong><br \/>\nAsuitpa sitten klassisessa puutalossa, uudisrakennuksessa tai rivitalossa Pohjanmaalla, me l\u00f6yd\u00e4mme sinulle sopivan ratkaisun.<\/li>\n<\/ul>\n<p>[\/uncode_list][\/vc_column][\/vc_row][vc_row row_height_percent=&#8221;0&#8243; overlay_alpha=&#8221;50&#8243; gutter_size=&#8221;3&#8243; column_width_percent=&#8221;100&#8243; shift_y=&#8221;0&#8243; z_index=&#8221;0&#8243; el_class=&#8221;inverted-device-order .service-sidebar&#8221;][vc_column width=&#8221;1\/3&#8243;][\/vc_column][vc_column width=&#8221;1\/3&#8243;][vc_custom_heading heading_semantic=&#8221;p&#8221; text_size=&#8221;&#8221; text_weight=&#8221;800&#8243; uncode_shortcode_id=&#8221;199071&#8243;]Kysymyksi\u00e4 ikkunoista tai ovista? Ota yhteytt\u00e4 suoraan minuun.[\/vc_custom_heading][vc_single_image media=&#8221;156114&#8243; media_width_percent=&#8221;70&#8243; uncode_shortcode_id=&#8221;115194&#8243;][vc_custom_heading heading_semantic=&#8221;p&#8221; text_size=&#8221;&#8221; text_weight=&#8221;800&#8243; uncode_shortcode_id=&#8221;197382&#8243; text_color_type=&#8221;uncode-palette&#8221; text_color_solid=&#8221;#ff0000&#8243; subheading=&#8221;Nimeni on Marcus Granberg ja autan sinua mielell\u00e4ni neuvojen ja tarjousten kanssa tai jos haluat vain keskustella ideoista ikkuna- tai ovihankkeeseesi Pohjanmaalla.<\/p>\n<p>marcus.granberg@pihla.fi<br \/>\n+358 50 596 3432<\/p>\n<p>Marcus Granberg, toimitusjohtaja &#8211; Micus Ab Oy&#8221;][\/vc_custom_heading][vc_button button_color=&#8221;accent&#8221; radius=&#8221;btn-circle&#8221; border_width=&#8221;0&#8243; link=&#8221;url:https%3A%2F%2Fmicus.fi%2Ffi%2Fpyyda-tarjous%2F|&#8221; uncode_shortcode_id=&#8221;974305&#8243; button_color_type=&#8221;uncode-palette&#8221;]Ota yhteytt\u00e4[\/vc_button][\/vc_column][vc_column width=&#8221;1\/3&#8243;][\/vc_column][\/vc_row]<\/p>\n<\/div>","protected":false},"excerpt":{"rendered":"<p>[vc_row row_height_percent=&#8221;55&#8243; override_padding=&#8221;yes&#8221; h_padding=&#8221;2&#8243; top_padding=&#8221;4&#8243; bottom_padding=&#8221;4&#8243; back_color=&#8221;color-wayh&#8221; back_image=&#8221;156002&#8243; back_position=&#8221;center center&#8221; overlay_color=&#8221;accent&#8221; overlay_alpha=&#8221;50&#8243; gutter_size=&#8221;3&#8243; column_width_percent=&#8221;100&#8243; shift_y=&#8221;0&#8243; z_index=&#8221;0&#8243; enable_bottom_divider=&#8221;default&#8221; bottom_divider=&#8221;gradient&#8221; shape_bottom_h_use_pixel=&#8221;true&#8221; shape_bottom_height_percent=&#8221;100&#8243; [&hellip;]<\/p>\n","protected":false},"author":1,"featured_media":0,"parent":0,"menu_order":0,"comment_status":"closed","ping_status":"closed","template":"","meta":{"footnotes":""},"class_list":["post-156685","page","type-page","status-publish","hentry"],"yoast_head":"<!-- This site is optimized with the Yoast SEO plugin v27.1.1 - https:\/\/yoast.com\/product\/yoast-seo-wordpress\/ -->\n<title>Pihla-ikkunat Pohjanmaalla - Energiatehokkaat &amp; tyylikk\u00e4\u00e4t ratkaisut<\/title>\n<meta name=\"description\" content=\"Etsitk\u00f6 ikkunoita kohteessa Pohjanmaa? Autamme sinua l\u00f6yt\u00e4m\u00e4\u00e4n oikeat ikkunat Pihlan kanssa - tyylikk\u00e4\u00e4t, energiatehokkaat ja takuulla asennetut.\" \/>\n<meta name=\"robots\" content=\"index, follow, max-snippet:-1, max-image-preview:large, max-video-preview:-1\" \/>\n<link rel=\"canonical\" href=\"https:\/\/micus.fi\/fi\/pihla-ikkunat-pohjanmaa\/\" \/>\n<meta property=\"og:locale\" content=\"fi_FI\" \/>\n<meta property=\"og:type\" content=\"article\" \/>\n<meta property=\"og:title\" content=\"Pihla-ikkunat Pohjanmaalla - Energiatehokkaat &amp; tyylikk\u00e4\u00e4t ratkaisut\" \/>\n<meta property=\"og:description\" content=\"Etsitk\u00f6 ikkunoita kohteessa Pohjanmaa? Autamme sinua l\u00f6yt\u00e4m\u00e4\u00e4n oikeat ikkunat Pihlan kanssa - tyylikk\u00e4\u00e4t, energiatehokkaat ja takuulla asennetut.\" \/>\n<meta property=\"og:url\" content=\"https:\/\/micus.fi\/fi\/pihla-ikkunat-pohjanmaa\/\" \/>\n<meta property=\"og:site_name\" content=\"Pihla \u2013 Ikkunat ja Ovet | F\u00f6nster &amp; D\u00f6rrar\" \/>\n<meta property=\"article:modified_time\" content=\"2025-06-03T07:02:10+00:00\" \/>\n<meta name=\"twitter:card\" content=\"summary_large_image\" \/>\n<meta name=\"twitter:label1\" content=\"Arvioitu lukuaika\" \/>\n\t<meta name=\"twitter:data1\" content=\"4 minuuttia\" \/>\n<script type=\"application\/ld+json\" class=\"yoast-schema-graph\">{\"@context\":\"https:\/\/schema.org\",\"@graph\":[{\"@type\":\"WebPage\",\"@id\":\"https:\/\/micus.fi\/fi\/pihla-ikkunat-pohjanmaa\/\",\"url\":\"https:\/\/micus.fi\/fi\/pihla-ikkunat-pohjanmaa\/\",\"name\":\"Pihla-ikkunat Pohjanmaalla - Energiatehokkaat & tyylikk\u00e4\u00e4t ratkaisut\",\"isPartOf\":{\"@id\":\"https:\/\/micus.fi\/#website\"},\"datePublished\":\"2025-05-19T06:16:14+00:00\",\"dateModified\":\"2025-06-03T07:02:10+00:00\",\"description\":\"Etsitk\u00f6 ikkunoita kohteessa Pohjanmaa? Autamme sinua l\u00f6yt\u00e4m\u00e4\u00e4n oikeat ikkunat Pihlan kanssa - tyylikk\u00e4\u00e4t, energiatehokkaat ja takuulla asennetut.\",\"breadcrumb\":{\"@id\":\"https:\/\/micus.fi\/fi\/pihla-ikkunat-pohjanmaa\/#breadcrumb\"},\"inLanguage\":\"fi\",\"potentialAction\":[{\"@type\":\"ReadAction\",\"target\":[\"https:\/\/micus.fi\/fi\/pihla-ikkunat-pohjanmaa\/\"]}]},{\"@type\":\"BreadcrumbList\",\"@id\":\"https:\/\/micus.fi\/fi\/pihla-ikkunat-pohjanmaa\/#breadcrumb\",\"itemListElement\":[{\"@type\":\"ListItem\",\"position\":1,\"name\":\"Home\",\"item\":\"https:\/\/micus.fi\/\"},{\"@type\":\"ListItem\",\"position\":2,\"name\":\"Ikkunat\"}]},{\"@type\":\"WebSite\",\"@id\":\"https:\/\/micus.fi\/#website\",\"url\":\"https:\/\/micus.fi\/\",\"name\":\"Pihla \u2013 Ikkunat ja Ovet | F\u00f6nster &amp; D\u00f6rrar\",\"description\":\"Laatua kotiisi \u2013 Kvalitet f\u00f6r ditt hem\",\"potentialAction\":[{\"@type\":\"SearchAction\",\"target\":{\"@type\":\"EntryPoint\",\"urlTemplate\":\"https:\/\/micus.fi\/?s={search_term_string}\"},\"query-input\":{\"@type\":\"PropertyValueSpecification\",\"valueRequired\":true,\"valueName\":\"search_term_string\"}}],\"inLanguage\":\"fi\"}]}<\/script>\n<!-- \/ Yoast SEO plugin. -->","yoast_head_json":{"title":"Pihla-ikkunat Pohjanmaalla - Energiatehokkaat & tyylikk\u00e4\u00e4t ratkaisut","description":"Etsitk\u00f6 ikkunoita kohteessa Pohjanmaa? Autamme sinua l\u00f6yt\u00e4m\u00e4\u00e4n oikeat ikkunat Pihlan kanssa - tyylikk\u00e4\u00e4t, energiatehokkaat ja takuulla asennetut.","robots":{"index":"index","follow":"follow","max-snippet":"max-snippet:-1","max-image-preview":"max-image-preview:large","max-video-preview":"max-video-preview:-1"},"canonical":"https:\/\/micus.fi\/fi\/pihla-ikkunat-pohjanmaa\/","og_locale":"fi_FI","og_type":"article","og_title":"Pihla-ikkunat Pohjanmaalla - Energiatehokkaat & tyylikk\u00e4\u00e4t ratkaisut","og_description":"Etsitk\u00f6 ikkunoita kohteessa Pohjanmaa? Autamme sinua l\u00f6yt\u00e4m\u00e4\u00e4n oikeat ikkunat Pihlan kanssa - tyylikk\u00e4\u00e4t, energiatehokkaat ja takuulla asennetut.","og_url":"https:\/\/micus.fi\/fi\/pihla-ikkunat-pohjanmaa\/","og_site_name":"Pihla \u2013 Ikkunat ja Ovet | F\u00f6nster &amp; D\u00f6rrar","article_modified_time":"2025-06-03T07:02:10+00:00","twitter_card":"summary_large_image","twitter_misc":{"Arvioitu lukuaika":"4 minuuttia"},"schema":{"@context":"https:\/\/schema.org","@graph":[{"@type":"WebPage","@id":"https:\/\/micus.fi\/fi\/pihla-ikkunat-pohjanmaa\/","url":"https:\/\/micus.fi\/fi\/pihla-ikkunat-pohjanmaa\/","name":"Pihla-ikkunat Pohjanmaalla - Energiatehokkaat & tyylikk\u00e4\u00e4t ratkaisut","isPartOf":{"@id":"https:\/\/micus.fi\/#website"},"datePublished":"2025-05-19T06:16:14+00:00","dateModified":"2025-06-03T07:02:10+00:00","description":"Etsitk\u00f6 ikkunoita kohteessa Pohjanmaa? Autamme sinua l\u00f6yt\u00e4m\u00e4\u00e4n oikeat ikkunat Pihlan kanssa - tyylikk\u00e4\u00e4t, energiatehokkaat ja takuulla asennetut.","breadcrumb":{"@id":"https:\/\/micus.fi\/fi\/pihla-ikkunat-pohjanmaa\/#breadcrumb"},"inLanguage":"fi","potentialAction":[{"@type":"ReadAction","target":["https:\/\/micus.fi\/fi\/pihla-ikkunat-pohjanmaa\/"]}]},{"@type":"BreadcrumbList","@id":"https:\/\/micus.fi\/fi\/pihla-ikkunat-pohjanmaa\/#breadcrumb","itemListElement":[{"@type":"ListItem","position":1,"name":"Home","item":"https:\/\/micus.fi\/"},{"@type":"ListItem","position":2,"name":"Ikkunat"}]},{"@type":"WebSite","@id":"https:\/\/micus.fi\/#website","url":"https:\/\/micus.fi\/","name":"Pihla \u2013 Ikkunat ja Ovet | F\u00f6nster &amp; D\u00f6rrar","description":"Laatua kotiisi \u2013 Kvalitet f\u00f6r ditt hem","potentialAction":[{"@type":"SearchAction","target":{"@type":"EntryPoint","urlTemplate":"https:\/\/micus.fi\/?s={search_term_string}"},"query-input":{"@type":"PropertyValueSpecification","valueRequired":true,"valueName":"search_term_string"}}],"inLanguage":"fi"}]}},"_links":{"self":[{"href":"https:\/\/micus.fi\/fi\/wp-json\/wp\/v2\/pages\/156685","targetHints":{"allow":["GET"]}}],"collection":[{"href":"https:\/\/micus.fi\/fi\/wp-json\/wp\/v2\/pages"}],"about":[{"href":"https:\/\/micus.fi\/fi\/wp-json\/wp\/v2\/types\/page"}],"author":[{"embeddable":true,"href":"https:\/\/micus.fi\/fi\/wp-json\/wp\/v2\/users\/1"}],"replies":[{"embeddable":true,"href":"https:\/\/micus.fi\/fi\/wp-json\/wp\/v2\/comments?post=156685"}],"version-history":[{"count":7,"href":"https:\/\/micus.fi\/fi\/wp-json\/wp\/v2\/pages\/156685\/revisions"}],"predecessor-version":[{"id":156784,"href":"https:\/\/micus.fi\/fi\/wp-json\/wp\/v2\/pages\/156685\/revisions\/156784"}],"wp:attachment":[{"href":"https:\/\/micus.fi\/fi\/wp-json\/wp\/v2\/media?parent=156685"}],"curies":[{"name":"wp","href":"https:\/\/api.w.org\/{rel}","templated":true}]}}