{"id":156688,"date":"2025-05-19T06:16:26","date_gmt":"2025-05-19T06:16:26","guid":{"rendered":"https:\/\/micus.fi\/ovet\/"},"modified":"2025-06-03T07:14:42","modified_gmt":"2025-06-03T07:14:42","slug":"pihla-ovet-pohjanmaa","status":"publish","type":"page","link":"https:\/\/micus.fi\/fi\/pihla-ovet-pohjanmaa\/","title":{"rendered":"Ovet"},"content":{"rendered":"<div class=\"wpb-content-wrapper\"><p>[vc_row row_height_percent=&#8221;55&#8243; override_padding=&#8221;yes&#8221; h_padding=&#8221;2&#8243; top_padding=&#8221;4&#8243; bottom_padding=&#8221;4&#8243; back_color=&#8221;color-wayh&#8221; back_image=&#8221;156002&#8243; back_position=&#8221;center center&#8221; overlay_color=&#8221;accent&#8221; overlay_alpha=&#8221;50&#8243; gutter_size=&#8221;3&#8243; column_width_percent=&#8221;100&#8243; shift_y=&#8221;0&#8243; z_index=&#8221;0&#8243; enable_bottom_divider=&#8221;default&#8221; bottom_divider=&#8221;gradient&#8221; shape_bottom_h_use_pixel=&#8221;true&#8221; shape_bottom_height_percent=&#8221;100&#8243; shape_bottom_color=&#8221;color-210407&#8243; shape_bottom_opacity=&#8221;50&#8243; shape_bottom_index=&#8221;0&#8243; content_parallax=&#8221;0&#8243; uncode_shortcode_id=&#8221;242145&#8243; back_color_type=&#8221;uncode-palette&#8221; overlay_color_type=&#8221;uncode-palette&#8221; shape_bottom_color_type=&#8221;uncode-palette&#8221;][vc_column column_width_percent=&#8221;100&#8243; position_vertical=&#8221;bottom&#8221; gutter_size=&#8221;3&#8243; style=&#8221;dark&#8221; overlay_alpha=&#8221;50&#8243; shift_x=&#8221;0&#8243; shift_y=&#8221;0&#8243; shift_y_down=&#8221;0&#8243; z_index=&#8221;0&#8243; medium_width=&#8221;0&#8243; mobile_width=&#8221;0&#8243; zoom_width=&#8221;0&#8243; zoom_height=&#8221;0&#8243; width=&#8221;1\/1&#8243; uncode_shortcode_id=&#8221;488640&#8243; mobile_height=&#8221;40vh&#8221;][vc_custom_heading heading_semantic=&#8221;h1&#8243; text_font=&#8221;font-846016&#8243; text_size=&#8221;fontsize-338686&#8243; text_height=&#8221;fontheight-179065&#8243; sub_reduced=&#8221;yes&#8221; text_uppercase=&#8221;&#8221; uncode_shortcode_id=&#8221;567675&#8243;]Ota yhteytt\u00e4 turvalliseen<br \/>\nja vaivattomaan oviremonttiin[\/vc_custom_heading][\/vc_column][\/vc_row][vc_row row_height_percent=&#8221;0&#8243; override_padding=&#8221;yes&#8221; h_padding=&#8221;2&#8243; top_padding=&#8221;5&#8243; bottom_padding=&#8221;3&#8243; overlay_alpha=&#8221;50&#8243; equal_height=&#8221;yes&#8221; gutter_size=&#8221;4&#8243; column_width_percent=&#8221;100&#8243; shift_y=&#8221;0&#8243; z_index=&#8221;0&#8243;][vc_column column_width_percent=&#8221;100&#8243; gutter_size=&#8221;0&#8243; overlay_alpha=&#8221;50&#8243; shift_x=&#8221;0&#8243; shift_y=&#8221;0&#8243; shift_y_down=&#8221;0&#8243; z_index=&#8221;0&#8243; medium_width=&#8221;0&#8243; mobile_width=&#8221;0&#8243; width=&#8221;4\/12&#8243;][vc_empty_space empty_h=&#8221;0&#8243;][vc_custom_heading text_color=&#8221;accent&#8221; heading_semantic=&#8221;h6&#8243; text_size=&#8221;fontsize-160000&#8243; text_transform=&#8221;uppercase&#8221; text_space=&#8221;fontspace-210350&#8243; uncode_shortcode_id=&#8221;498701&#8243; text_color_type=&#8221;uncode-palette&#8221;]Ovet[\/vc_custom_heading][\/vc_column][vc_column column_width_percent=&#8221;100&#8243; position_vertical=&#8221;bottom&#8221; gutter_size=&#8221;3&#8243; overlay_alpha=&#8221;50&#8243; shift_x=&#8221;0&#8243; shift_y=&#8221;0&#8243; shift_y_down=&#8221;0&#8243; z_index=&#8221;0&#8243; medium_width=&#8221;0&#8243; mobile_width=&#8221;0&#8243; width=&#8221;8\/12&#8243;][vc_custom_heading text_size=&#8221;h1&#8243; text_weight=&#8221;700&#8243; text_height=&#8221;fontheight-357766&#8243; uncode_shortcode_id=&#8221;118677&#8243;]Pihla-ovet Pohjanmaalla \u2013 turvallisuutta, tyyli\u00e4 ja toimivuutta kotiisi.[\/vc_custom_heading][\/vc_column][\/vc_row][vc_row][vc_column width=&#8221;1\/1&#8243;][vc_custom_heading heading_semantic=&#8221;h4&#8243; text_size=&#8221;h4&#8243; text_weight=&#8221;300&#8243; text_height=&#8221;fontheight-357766&#8243; uncode_shortcode_id=&#8221;719616&#8243; text_color_type=&#8221;uncode-solid&#8221; text_color_solid=&#8221;#5b616b&#8221;]Autamme sinua l\u00f6yt\u00e4m\u00e4\u00e4n oikean ulko-oven kotiisi Pohjanmaalla &#8211; olipa kyse sitten p\u00e4\u00e4sis\u00e4\u00e4nk\u00e4ynnist\u00e4, terassin ovesta tai turvallisesta ja tyylikk\u00e4\u00e4st\u00e4 ovesta kes\u00e4m\u00f6kille. Laajan kokemuksen, paikallistuntemuksen ja suunnittelusilm\u00e4n avulla luomme ratkaisuja, jotka parantavat yleisvaikutelmaa ja lis\u00e4\u00e4v\u00e4t sek\u00e4 talosi turvallisuutta ett\u00e4 arvoa.<\/p>\n<p>Pihla-ovien sertifioituna j\u00e4lleenmyyj\u00e4n\u00e4 ja asentajana tarjoamme koko paketin: neuvonnan, mittaukset ja asennuksen &#8211; nopeasti, sujuvasti ja taatusti oikein. Kun Micus on kumppanisi, saat turvallisen kokonaisratkaisun ilman stressi\u00e4 ja vaivaa. Me vastaamme koko prosessista.<\/p>\n<p>&nbsp;<\/p>\n<p>Lataa <strong><a href=\"https:\/\/view.taiqa.com\/kspaino\/pihla-esite-ikkunat-ja-ovet#\/\/page=1\"><span class=\"text-accent-color\">esitteemme<\/span><\/a><\/strong> ja tutustu koko Pihla-ovivalikoimaamme.[\/vc_custom_heading][vc_row_inner][vc_column_inner width=&#8221;1\/3&#8243;][vc_single_image media=&#8221;156210&#8243; media_width_percent=&#8221;100&#8243; media_ratio=&#8221;four-three&#8221; uncode_shortcode_id=&#8221;849164&#8243;][vc_custom_heading heading_semantic=&#8221;h3&#8243; text_size=&#8221;h3&#8243; text_weight=&#8221;700&#8243; sub_lead=&#8221;yes&#8221; sub_reduced=&#8221;yes&#8221; subheading=&#8221;Autamme sinua valitsemaan oikean ulko-oven \u2013 p\u00e4\u00e4oven tai sivuoven \u2013 kodin arkkitehtuuriin, tyyliin ja tarpeisiin sopivaksi. Kyseess\u00e4 voi olla uudiskohde, remontti tai energiatehokkuuden parantaminen \u2013 varmistamme, ett\u00e4 lopputulos on sek\u00e4 tyylik\u00e4s ett\u00e4 turvallinen.&#8221; uncode_shortcode_id=&#8221;202121&#8243;]Ovi, joka sopii kotiisi[\/vc_custom_heading][\/vc_column_inner][vc_column_inner width=&#8221;1\/3&#8243;][vc_single_image media=&#8221;156208&#8243; media_width_percent=&#8221;100&#8243; media_ratio=&#8221;four-three&#8221; uncode_shortcode_id=&#8221;381372&#8243;][vc_custom_heading heading_semantic=&#8221;h3&#8243; text_size=&#8221;h3&#8243; text_weight=&#8221;700&#8243; sub_lead=&#8221;yes&#8221; sub_reduced=&#8221;yes&#8221; subheading=&#8221;Pihla-ovet valmistetaan Suomessa kest\u00e4m\u00e4\u00e4n pohjoismaista ilmastoa &#8211; kylm\u00e4\u00e4, tuulta ja lunta. Rakenteet ovat hyvin eristettyj\u00e4 ja rakennettu pit\u00e4m\u00e4\u00e4n l\u00e4mp\u00f6\u00e4 sis\u00e4ll\u00e4 ymp\u00e4ri vuoden &#8211; muotoilusta tai kest\u00e4vyydest\u00e4 tinkim\u00e4tt\u00e4.&#8221; uncode_shortcode_id=&#8221;195429&#8243;]Luotu pohjoismaisiin olosuhteisiin[\/vc_custom_heading][\/vc_column_inner][vc_column_inner width=&#8221;1\/3&#8243;][vc_single_image media=&#8221;156209&#8243; media_width_percent=&#8221;100&#8243; media_ratio=&#8221;four-three&#8221; uncode_shortcode_id=&#8221;174909&#8243;][vc_custom_heading heading_semantic=&#8221;h3&#8243; text_size=&#8221;h3&#8243; text_weight=&#8221;700&#8243; sub_lead=&#8221;yes&#8221; sub_reduced=&#8221;yes&#8221; subheading=&#8221;Etsitp\u00e4 sitten modernia, klassista tai t\u00e4ysin ainutlaatuista ovea, meill\u00e4 on sopiva ovi. Meill\u00e4 on useita avautumisvaihtoehtoja, \u00e4lykk\u00e4it\u00e4 vaihtoehtoja sek\u00e4 panostamme turvallisuuteen ja mukavuuteen &#8211; saat turvallisen ulko-oven, josta nautit joka p\u00e4iv\u00e4.&#8221; uncode_shortcode_id=&#8221;101312&#8243;]Turvallisuus kohtaa tyylin ja toiminnallisuuden[\/vc_custom_heading][\/vc_column_inner][\/vc_row_inner][vc_button button_color=&#8221;accent&#8221; radius=&#8221;btn-circle&#8221; border_width=&#8221;0&#8243; link=&#8221;url:https%3A%2F%2Fwww.pihla.fi%2Fovet%2F|target:_blank|&#8221; button_color_type=&#8221;uncode-palette&#8221; uncode_shortcode_id=&#8221;111288&#8243;]Tutustu koko Pihla-ovivalikoimaamme[\/vc_button][\/vc_column][\/vc_row][vc_row unlock_row_content=&#8221;yes&#8221; row_height_percent=&#8221;0&#8243; override_padding=&#8221;yes&#8221; h_padding=&#8221;0&#8243; top_padding=&#8221;0&#8243; bottom_padding=&#8221;0&#8243; back_color=&#8221;color-lxmt&#8221; overlay_alpha=&#8221;50&#8243; equal_height=&#8221;yes&#8221; gutter_size=&#8221;0&#8243; column_width_percent=&#8221;100&#8243; shift_y=&#8221;0&#8243; z_index=&#8221;0&#8243; bottom_divider=&#8221;gradient&#8221;][vc_column column_width_use_pixel=&#8221;yes&#8221; position_horizontal=&#8221;right&#8221; gutter_size=&#8221;3&#8243; override_padding=&#8221;yes&#8221; column_padding=&#8221;5&#8243; style=&#8221;dark&#8221; back_color=&#8221;accent&#8221; overlay_alpha=&#8221;50&#8243; shift_x=&#8221;0&#8243; shift_y=&#8221;0&#8243; shift_y_down=&#8221;0&#8243; z_index=&#8221;0&#8243; medium_width=&#8221;4&#8243; mobile_width=&#8221;0&#8243; width=&#8221;1\/2&#8243; column_width_pixel=&#8221;466&#8243; uncode_shortcode_id=&#8221;828850&#8243; back_color_type=&#8221;uncode-palette&#8221;][vc_custom_heading heading_semantic=&#8221;h3&#8243; text_size=&#8221;h1&#8243; text_weight=&#8221;700&#8243; sub_lead=&#8221;yes&#8221; sub_reduced=&#8221;yes&#8221; subheading=&#8221;Teemme oven valinnasta helppoa \u2013 tarjoamme selke\u00e4t vastaukset, fiksut vaihtoehdot ja turvallisemman, tyylikk\u00e4\u00e4mm\u00e4n lopputuloksen.&#8221; uncode_shortcode_id=&#8221;175314&#8243;]Miksi valita modernit Pihla-ovet?[\/vc_custom_heading][uncode_list larger=&#8221;yes&#8221; icon=&#8221;fa fa-circle-check&#8221; uncode_shortcode_id=&#8221;266964&#8243;]<\/p>\n<ul>\n<li><strong>S\u00e4\u00e4st\u00e4 l\u00e4mmityskuluissa<\/strong><br \/>\nHyvin erist\u00e4v\u00e4t ovet v\u00e4hent\u00e4v\u00e4t l\u00e4mp\u00f6h\u00e4vi\u00f6t\u00e4 talvella ja ylil\u00e4mpenemist\u00e4 kes\u00e4ll\u00e4 \u2013 s\u00e4\u00e4st\u00e4en rahaa ja ymp\u00e4rist\u00f6\u00e4.<\/li>\n<li><strong>Hiljaisempi ja viihtyis\u00e4mpi sis\u00e4tila<\/strong><br \/>\n\u00c4\u00e4nieristetyt ovet vaimentavat ulkoa kantautuvaa melua \u2013 erinomainen valinta kaupunkiymp\u00e4rist\u00f6\u00f6n tai vilkkaiden teiden l\u00e4heisyyteen.<\/li>\n<li><strong>Turvallisempi koti<\/strong><br \/>\nModernit Pihla-ovet sis\u00e4lt\u00e4v\u00e4t turvalukot, monipistelukituksen ja kest\u00e4v\u00e4t helat, jotka suojaavat murroilta.<\/li>\n<li><strong>Huoltovapaa<\/strong><br \/>\nEi en\u00e4\u00e4 maalausta tai hiontaa \u2013 ovet on valmistettu kest\u00e4vist\u00e4 materiaaleista, jotka s\u00e4\u00e4st\u00e4v\u00e4t aikaa ja rahaa.<\/li>\n<li><strong>Suomessa kehitetty &#8211; Suomeen sopiva<\/strong><br \/>\nOvet on suunniteltu kest\u00e4m\u00e4\u00e4n kylm\u00e4\u00e4, sadetta, tuulta ja vaihtelevia s\u00e4it\u00e4 \u2013 ymp\u00e4ri vuoden Pohjanmaalla ja muualla Suomessa.<\/li>\n<\/ul>\n<p>[\/uncode_list][\/vc_column][vc_column column_width_use_pixel=&#8221;yes&#8221; position_horizontal=&#8221;left&#8221; gutter_size=&#8221;3&#8243; override_padding=&#8221;yes&#8221; column_padding=&#8221;5&#8243; back_color=&#8221;color-lxmt&#8221; overlay_alpha=&#8221;50&#8243; shift_x=&#8221;0&#8243; shift_y=&#8221;0&#8243; shift_y_fixed=&#8221;yes&#8221; shift_y_down=&#8221;0&#8243; z_index=&#8221;0&#8243; medium_width=&#8221;4&#8243; mobile_width=&#8221;0&#8243; width=&#8221;1\/2&#8243; column_width_pixel=&#8221;466&#8243; uncode_shortcode_id=&#8221;484703&#8243; back_color_type=&#8221;uncode-palette&#8221;][vc_custom_heading heading_semantic=&#8221;h3&#8243; text_size=&#8221;h1&#8243; text_weight=&#8221;700&#8243; sub_lead=&#8221;yes&#8221; sub_reduced=&#8221;yes&#8221; subheading=&#8221;Asennamme ovet ammattitaidolla ja huolella \u2013 tarjoten moderneja oviratkaisuja, jotka yhdist\u00e4v\u00e4t muotoilun ja toimivuuden.&#8221; uncode_shortcode_id=&#8221;178580&#8243;]\u00c4lyk\u00e4s toiminnallisuus, tyyli ja mukavuus[\/vc_custom_heading][uncode_list larger=&#8221;yes&#8221; icon=&#8221;fa fa-circle-check&#8221; icon_color=&#8221;accent&#8221; uncode_shortcode_id=&#8221;182243&#8243; icon_color_type=&#8221;uncode-palette&#8221;]<\/p>\n<ul>\n<li><strong>P\u00e4\u00e4st\u00e4 valo sis\u00e4\u00e4n &#8211; ilman h\u00e4ik\u00e4isy\u00e4<\/strong><br \/>\nOvet, joissa on lasiosia ja auringonsuojalasi, p\u00e4\u00e4st\u00e4v\u00e4t valon sis\u00e4\u00e4n ilman ylikuumenemista.<\/li>\n<li><strong>Mukavuutta ymp\u00e4ri vuoden<\/strong><br \/>\nTiiviit rakenteet ja s\u00e4\u00e4nkest\u00e4v\u00e4t ominaisuudet pit\u00e4v\u00e4t l\u00e4mp\u00f6tilan tasaisena ja v\u00e4hent\u00e4v\u00e4t vetoa.<\/li>\n<li><strong>Muotoilu, joka nostaa ilmett\u00e4<\/strong><br \/>\nValitse moderni tai klassinen tyyli \u2013 aina viimeistellyll\u00e4 muotoilulla ja yksityiskohdilla.<\/li>\n<li><strong>\u00c4lykk\u00e4\u00e4t ratkaisut<\/strong><br \/>\nValitse avaimeton kulku, koodilukko tai muut nykyaikaiset ja turvalliset vaihtoehdot.<\/li>\n<li><strong>Sopii kaikkiin koteihin<\/strong><br \/>\nOli kyseess\u00e4 omakotitalo, rivitalo tai kes\u00e4m\u00f6kki \u2013 autamme l\u00f6yt\u00e4m\u00e4\u00e4n juuri oikean oven kotiisi Pohjanmaalla.<\/li>\n<\/ul>\n<p>[\/uncode_list][\/vc_column][\/vc_row][vc_row row_height_percent=&#8221;0&#8243; overlay_alpha=&#8221;50&#8243; gutter_size=&#8221;3&#8243; column_width_percent=&#8221;100&#8243; shift_y=&#8221;0&#8243; z_index=&#8221;0&#8243; el_class=&#8221;inverted-device-order .service-sidebar&#8221;][vc_column width=&#8221;1\/3&#8243;][\/vc_column][vc_column width=&#8221;1\/3&#8243;][vc_custom_heading heading_semantic=&#8221;p&#8221; text_size=&#8221;&#8221; text_weight=&#8221;800&#8243; uncode_shortcode_id=&#8221;108864&#8243;]Kysymyksi\u00e4 ikkunoista tai ovista? Ota yhteytt\u00e4 suoraan minuun.[\/vc_custom_heading][vc_single_image media=&#8221;156114&#8243; media_width_percent=&#8221;70&#8243; uncode_shortcode_id=&#8221;115194&#8243;][vc_custom_heading heading_semantic=&#8221;p&#8221; text_size=&#8221;&#8221; text_weight=&#8221;800&#8243; uncode_shortcode_id=&#8221;207894&#8243; text_color_type=&#8221;uncode-palette&#8221; text_color_solid=&#8221;#ff0000&#8243; subheading=&#8221;Nimeni on Marcus Granberg ja autan sinua mielell\u00e4ni neuvojen ja tarjousten kanssa tai jos haluat vain keskustella ideoista ikkuna- tai ovihankkeeseesi Pohjanmaalla.<\/p>\n<p>marcus.granberg@pihla.fi<br \/>\n+358 50 596 3432<\/p>\n<p>Marcus Granberg, toimitusjohtaja &#8211; Micus Ab Oy&#8221;][\/vc_custom_heading][vc_button button_color=&#8221;accent&#8221; radius=&#8221;btn-circle&#8221; border_width=&#8221;0&#8243; link=&#8221;url:https%3A%2F%2Fmicus.fi%2Ffi%2Fpyyda-tarjous%2F|&#8221; uncode_shortcode_id=&#8221;713503&#8243; button_color_type=&#8221;uncode-palette&#8221;]Ota yhteytt\u00e4[\/vc_button][\/vc_column][vc_column width=&#8221;1\/3&#8243;][\/vc_column][\/vc_row]<\/p>\n<\/div>","protected":false},"excerpt":{"rendered":"<p>[vc_row row_height_percent=&#8221;55&#8243; override_padding=&#8221;yes&#8221; h_padding=&#8221;2&#8243; top_padding=&#8221;4&#8243; bottom_padding=&#8221;4&#8243; back_color=&#8221;color-wayh&#8221; back_image=&#8221;156002&#8243; back_position=&#8221;center center&#8221; overlay_color=&#8221;accent&#8221; overlay_alpha=&#8221;50&#8243; gutter_size=&#8221;3&#8243; column_width_percent=&#8221;100&#8243; shift_y=&#8221;0&#8243; z_index=&#8221;0&#8243; enable_bottom_divider=&#8221;default&#8221; bottom_divider=&#8221;gradient&#8221; shape_bottom_h_use_pixel=&#8221;true&#8221; shape_bottom_height_percent=&#8221;100&#8243; [&hellip;]<\/p>\n","protected":false},"author":1,"featured_media":0,"parent":0,"menu_order":0,"comment_status":"closed","ping_status":"closed","template":"","meta":{"footnotes":""},"class_list":["post-156688","page","type-page","status-publish","hentry"],"yoast_head":"<!-- This site is optimized with the Yoast SEO plugin v27.1.1 - https:\/\/yoast.com\/product\/yoast-seo-wordpress\/ -->\n<title>Pihla-ovet \u2013 Pohjanmaa | Turvallista neuvontaa &amp; asennusta<\/title>\n<meta name=\"description\" content=\"L\u00f6yd\u00e4 oikea ulko-ovi Pohjanmaalta Pihlan avulla \u2013 tarjoamme ilmaisen kotik\u00e4ynnin, turvallisen asennuksen ja asiantuntevaa neuvontaa. T\u00e4ydellinen valinta pohjoisen ilmastoon.\" \/>\n<meta name=\"robots\" content=\"index, follow, max-snippet:-1, max-image-preview:large, max-video-preview:-1\" \/>\n<link rel=\"canonical\" href=\"https:\/\/micus.fi\/fi\/pihla-ovet-pohjanmaa\/\" \/>\n<meta property=\"og:locale\" content=\"fi_FI\" \/>\n<meta property=\"og:type\" content=\"article\" \/>\n<meta property=\"og:title\" content=\"Pihla-ovet \u2013 Pohjanmaa | Turvallista neuvontaa &amp; asennusta\" \/>\n<meta property=\"og:description\" content=\"L\u00f6yd\u00e4 oikea ulko-ovi Pohjanmaalta Pihlan avulla \u2013 tarjoamme ilmaisen kotik\u00e4ynnin, turvallisen asennuksen ja asiantuntevaa neuvontaa. T\u00e4ydellinen valinta pohjoisen ilmastoon.\" \/>\n<meta property=\"og:url\" content=\"https:\/\/micus.fi\/fi\/pihla-ovet-pohjanmaa\/\" \/>\n<meta property=\"og:site_name\" content=\"Pihla \u2013 Ikkunat ja Ovet | F\u00f6nster &amp; D\u00f6rrar\" \/>\n<meta property=\"article:modified_time\" content=\"2025-06-03T07:14:42+00:00\" \/>\n<meta name=\"twitter:card\" content=\"summary_large_image\" \/>\n<meta name=\"twitter:label1\" content=\"Arvioitu lukuaika\" \/>\n\t<meta name=\"twitter:data1\" content=\"3 minuuttia\" \/>\n<script type=\"application\/ld+json\" class=\"yoast-schema-graph\">{\"@context\":\"https:\/\/schema.org\",\"@graph\":[{\"@type\":\"WebPage\",\"@id\":\"https:\/\/micus.fi\/fi\/pihla-ovet-pohjanmaa\/\",\"url\":\"https:\/\/micus.fi\/fi\/pihla-ovet-pohjanmaa\/\",\"name\":\"Pihla-ovet \u2013 Pohjanmaa | Turvallista neuvontaa & asennusta\",\"isPartOf\":{\"@id\":\"https:\/\/micus.fi\/#website\"},\"datePublished\":\"2025-05-19T06:16:26+00:00\",\"dateModified\":\"2025-06-03T07:14:42+00:00\",\"description\":\"L\u00f6yd\u00e4 oikea ulko-ovi Pohjanmaalta Pihlan avulla \u2013 tarjoamme ilmaisen kotik\u00e4ynnin, turvallisen asennuksen ja asiantuntevaa neuvontaa. T\u00e4ydellinen valinta pohjoisen ilmastoon.\",\"breadcrumb\":{\"@id\":\"https:\/\/micus.fi\/fi\/pihla-ovet-pohjanmaa\/#breadcrumb\"},\"inLanguage\":\"fi\",\"potentialAction\":[{\"@type\":\"ReadAction\",\"target\":[\"https:\/\/micus.fi\/fi\/pihla-ovet-pohjanmaa\/\"]}]},{\"@type\":\"BreadcrumbList\",\"@id\":\"https:\/\/micus.fi\/fi\/pihla-ovet-pohjanmaa\/#breadcrumb\",\"itemListElement\":[{\"@type\":\"ListItem\",\"position\":1,\"name\":\"Home\",\"item\":\"https:\/\/micus.fi\/\"},{\"@type\":\"ListItem\",\"position\":2,\"name\":\"Ovet\"}]},{\"@type\":\"WebSite\",\"@id\":\"https:\/\/micus.fi\/#website\",\"url\":\"https:\/\/micus.fi\/\",\"name\":\"Pihla \u2013 Ikkunat ja Ovet | F\u00f6nster &amp; D\u00f6rrar\",\"description\":\"Laatua kotiisi \u2013 Kvalitet f\u00f6r ditt hem\",\"potentialAction\":[{\"@type\":\"SearchAction\",\"target\":{\"@type\":\"EntryPoint\",\"urlTemplate\":\"https:\/\/micus.fi\/?s={search_term_string}\"},\"query-input\":{\"@type\":\"PropertyValueSpecification\",\"valueRequired\":true,\"valueName\":\"search_term_string\"}}],\"inLanguage\":\"fi\"}]}<\/script>\n<!-- \/ Yoast SEO plugin. -->","yoast_head_json":{"title":"Pihla-ovet \u2013 Pohjanmaa | Turvallista neuvontaa & asennusta","description":"L\u00f6yd\u00e4 oikea ulko-ovi Pohjanmaalta Pihlan avulla \u2013 tarjoamme ilmaisen kotik\u00e4ynnin, turvallisen asennuksen ja asiantuntevaa neuvontaa. T\u00e4ydellinen valinta pohjoisen ilmastoon.","robots":{"index":"index","follow":"follow","max-snippet":"max-snippet:-1","max-image-preview":"max-image-preview:large","max-video-preview":"max-video-preview:-1"},"canonical":"https:\/\/micus.fi\/fi\/pihla-ovet-pohjanmaa\/","og_locale":"fi_FI","og_type":"article","og_title":"Pihla-ovet \u2013 Pohjanmaa | Turvallista neuvontaa & asennusta","og_description":"L\u00f6yd\u00e4 oikea ulko-ovi Pohjanmaalta Pihlan avulla \u2013 tarjoamme ilmaisen kotik\u00e4ynnin, turvallisen asennuksen ja asiantuntevaa neuvontaa. T\u00e4ydellinen valinta pohjoisen ilmastoon.","og_url":"https:\/\/micus.fi\/fi\/pihla-ovet-pohjanmaa\/","og_site_name":"Pihla \u2013 Ikkunat ja Ovet | F\u00f6nster &amp; D\u00f6rrar","article_modified_time":"2025-06-03T07:14:42+00:00","twitter_card":"summary_large_image","twitter_misc":{"Arvioitu lukuaika":"3 minuuttia"},"schema":{"@context":"https:\/\/schema.org","@graph":[{"@type":"WebPage","@id":"https:\/\/micus.fi\/fi\/pihla-ovet-pohjanmaa\/","url":"https:\/\/micus.fi\/fi\/pihla-ovet-pohjanmaa\/","name":"Pihla-ovet \u2013 Pohjanmaa | Turvallista neuvontaa & asennusta","isPartOf":{"@id":"https:\/\/micus.fi\/#website"},"datePublished":"2025-05-19T06:16:26+00:00","dateModified":"2025-06-03T07:14:42+00:00","description":"L\u00f6yd\u00e4 oikea ulko-ovi Pohjanmaalta Pihlan avulla \u2013 tarjoamme ilmaisen kotik\u00e4ynnin, turvallisen asennuksen ja asiantuntevaa neuvontaa. T\u00e4ydellinen valinta pohjoisen ilmastoon.","breadcrumb":{"@id":"https:\/\/micus.fi\/fi\/pihla-ovet-pohjanmaa\/#breadcrumb"},"inLanguage":"fi","potentialAction":[{"@type":"ReadAction","target":["https:\/\/micus.fi\/fi\/pihla-ovet-pohjanmaa\/"]}]},{"@type":"BreadcrumbList","@id":"https:\/\/micus.fi\/fi\/pihla-ovet-pohjanmaa\/#breadcrumb","itemListElement":[{"@type":"ListItem","position":1,"name":"Home","item":"https:\/\/micus.fi\/"},{"@type":"ListItem","position":2,"name":"Ovet"}]},{"@type":"WebSite","@id":"https:\/\/micus.fi\/#website","url":"https:\/\/micus.fi\/","name":"Pihla \u2013 Ikkunat ja Ovet | F\u00f6nster &amp; D\u00f6rrar","description":"Laatua kotiisi \u2013 Kvalitet f\u00f6r ditt hem","potentialAction":[{"@type":"SearchAction","target":{"@type":"EntryPoint","urlTemplate":"https:\/\/micus.fi\/?s={search_term_string}"},"query-input":{"@type":"PropertyValueSpecification","valueRequired":true,"valueName":"search_term_string"}}],"inLanguage":"fi"}]}},"_links":{"self":[{"href":"https:\/\/micus.fi\/fi\/wp-json\/wp\/v2\/pages\/156688","targetHints":{"allow":["GET"]}}],"collection":[{"href":"https:\/\/micus.fi\/fi\/wp-json\/wp\/v2\/pages"}],"about":[{"href":"https:\/\/micus.fi\/fi\/wp-json\/wp\/v2\/types\/page"}],"author":[{"embeddable":true,"href":"https:\/\/micus.fi\/fi\/wp-json\/wp\/v2\/users\/1"}],"replies":[{"embeddable":true,"href":"https:\/\/micus.fi\/fi\/wp-json\/wp\/v2\/comments?post=156688"}],"version-history":[{"count":7,"href":"https:\/\/micus.fi\/fi\/wp-json\/wp\/v2\/pages\/156688\/revisions"}],"predecessor-version":[{"id":156787,"href":"https:\/\/micus.fi\/fi\/wp-json\/wp\/v2\/pages\/156688\/revisions\/156787"}],"wp:attachment":[{"href":"https:\/\/micus.fi\/fi\/wp-json\/wp\/v2\/media?parent=156688"}],"curies":[{"name":"wp","href":"https:\/\/api.w.org\/{rel}","templated":true}]}}