{"id":156691,"date":"2025-05-19T08:01:55","date_gmt":"2025-05-19T08:01:55","guid":{"rendered":"https:\/\/micus.fi\/rahoitus\/"},"modified":"2025-06-03T07:16:02","modified_gmt":"2025-06-03T07:16:02","slug":"rahoitus","status":"publish","type":"page","link":"https:\/\/micus.fi\/fi\/rahoitus\/","title":{"rendered":"Rahoitus"},"content":{"rendered":"<div class=\"wpb-content-wrapper\"><p>[vc_row unlock_row_content=&#8221;yes&#8221; row_height_percent=&#8221;100&#8243; override_padding=&#8221;yes&#8221; h_padding=&#8221;0&#8243; top_padding=&#8221;0&#8243; bottom_padding=&#8221;0&#8243; back_color=&#8221;color-lxmt&#8221; overlay_alpha=&#8221;50&#8243; equal_height=&#8221;yes&#8221; gutter_size=&#8221;3&#8243; column_width_percent=&#8221;100&#8243; shift_y=&#8221;0&#8243; z_index=&#8221;0&#8243; content_parallax=&#8221;0&#8243; uncode_shortcode_id=&#8221;127929&#8243; back_color_type=&#8221;uncode-palette&#8221;][vc_column column_width_percent=&#8221;100&#8243; gutter_size=&#8221;3&#8243; expand_height=&#8221;yes&#8221; style=&#8221;dark&#8221; overlay_alpha=&#8221;50&#8243; shift_x=&#8221;0&#8243; shift_y=&#8221;0&#8243; z_index=&#8221;0&#8243; medium_width=&#8221;0&#8243; width=&#8221;1\/1&#8243;][vc_row_inner row_inner_height_percent=&#8221;0&#8243; overlay_alpha=&#8221;50&#8243; equal_height=&#8221;yes&#8221; gutter_size=&#8221;0&#8243; shift_y=&#8221;0&#8243; limit_content=&#8221;&#8221;][vc_column_inner column_width_use_pixel=&#8221;yes&#8221; gutter_size=&#8221;3&#8243; expand_height=&#8221;yes&#8221; back_image=&#8221;7&#8243; back_position=&#8221;right center&#8221; overlay_alpha=&#8221;50&#8243; shift_x=&#8221;0&#8243; shift_y=&#8221;0&#8243; shift_y_down=&#8221;0&#8243; z_index=&#8221;0&#8243; medium_width=&#8221;0&#8243; mobile_width=&#8221;0&#8243; width=&#8221;1\/2&#8243; mobile_height=&#8221;300&#8243; uncode_shortcode_id=&#8221;230132&#8243;][\/vc_column_inner][vc_column_inner column_width_percent=&#8221;65&#8243; position_vertical=&#8221;middle&#8221; gutter_size=&#8221;3&#8243; override_padding=&#8221;yes&#8221; column_padding=&#8221;3&#8243; style=&#8221;light&#8221; font_family=&#8221;font-136269&#8243; overlay_alpha=&#8221;50&#8243; shift_x=&#8221;0&#8243; shift_y=&#8221;0&#8243; shift_y_down=&#8221;0&#8243; z_index=&#8221;0&#8243; medium_width=&#8221;0&#8243; mobile_width=&#8221;0&#8243; width=&#8221;1\/2&#8243; uncode_shortcode_id=&#8221;149181&#8243;][vc_single_image media=&#8221;156047&#8243; media_width_percent=&#8221;100&#8243; uncode_shortcode_id=&#8221;505484&#8243;][vc_custom_heading heading_semantic=&#8221;h1&#8243; text_size=&#8221;fontsize-155944&#8243; text_weight=&#8221;700&#8243; text_align=&#8221;text-left&#8221; uncode_shortcode_id=&#8221;191387&#8243;]Rahoita ikkunoiden ja ovien vaihto <span class=\"text-accent-color\">turvallisesti<\/span> OP:n rahoituksen avulla[\/vc_custom_heading][vc_column_text text_lead=&#8221;yes&#8221; uncode_shortcode_id=&#8221;166356&#8243;]Ikkunoiden tai ovien vaihtaminen on t\u00e4rke\u00e4 investointi kotiisi. Monille kotitalouksille se merkitsee suurta menoa, mink\u00e4 vuoksi me Micus Ab Oy:ss\u00e4 olemme yhteisty\u00f6ss\u00e4 OP Financen kanssa kehitt\u00e4neet joustavan ja turvallisen rahoitusratkaisun, jonka avulla voit jakaa kustannukset ajallisesti.<\/p>\n<p><strong>Valitse sinulle sopiva maksutapa:<\/strong><br \/>\n&#8211; Maksa heti kokonaan &#8211; tai maksa eriss\u00e4 alkaen vain 50 \u20ac\/kk.<br \/>\n&#8211; Etumaksua tai vakuutta ei vaadita<br \/>\n&#8211; Ei perustamismaksua<br \/>\n&#8211; 1 kuukausi korotonta ja maksutonta maksuaikaa<br \/>\n&#8211; Kampanja 2024: 6 kuukauden koroton ja maksuton maksuer\u00e4.<br \/>\n&#8211; Lainat v\u00e4lill\u00e4 2 500-50 000 \u20ac.<br \/>\n&#8211; Sin\u00e4 p\u00e4\u00e4t\u00e4t, kuinka paljon haluat maksaa kuukausittain (v\u00e4himm\u00e4ism\u00e4\u00e4r\u00e4n ja j\u00e4ljell\u00e4 olevan velan v\u00e4lill\u00e4).<br \/>\n&#8211; Laskutusmaksu: 7 \u20ac\/kk<\/p>\n<p><strong>Miten se toimii:<\/strong><br \/>\nRahoitus toimii kuten tavallinen lasku. Voit valita, haluatko maksaa koko summan heti vai hajauttaa kustannukset ajallisesti. OP l\u00e4hett\u00e4\u00e4 sinulle kuukausittain laskun, kunnes laina on maksettu kokonaan takaisin, ja voit maksaa lainan ennenaikaisesti takaisin milloin tahansa ilman lis\u00e4maksuja.<\/p>\n<p><strong>Lis\u00e4edut:<\/strong><br \/>\n&#8211; Korkokulut ovat verov\u00e4hennyskelpoisia pysyv\u00e4n asunnon remontissa<br \/>\n&#8211; OP-bonukset OP Osuuspankin omistaja-asiakkaille<br \/>\n&#8211; Helppo lainojen seuranta ja hallinta op.fi:n kautta.<\/p>\n<p><strong>Esimerkki:<\/strong><br \/>\n10 000 euron luotto OP-prime + 6,95 prosentin marginaalilla antaa vuosikoroksi 9,22 prosenttia. Ei j\u00e4rjestelypalkkiota. Laskutusmaksu: 7 \u20ac\/kk. Kokonaiskustannukset v\u00e4himm\u00e4ismaksuilla (120 \u20ac\/kk): noin 15 577 \u20ac.<\/p>\n<p><strong>Lainan my\u00f6nt\u00e4\u00e4:<\/strong><br \/>\nOP Yrityspankki Oyj, Gebhardinaukio 1, 00510 Helsinki.[\/vc_column_text][vc_button radius=&#8221;btn-circle&#8221; custom_typo=&#8221;yes&#8221; font_family=&#8221;font-377884&#8243; font_weight=&#8221;400&#8243; border_width=&#8221;0&#8243; link=&#8221;url:https%3A%2F%2Feficode.pohjola-finance.fi%2Fkertaluotto-uusi%2Fmicusaboy%3Fbusiness_id%3D1882624-9|target:_blank|&#8221; button_color_type=&#8221;uncode-solid&#8221; button_color_solid=&#8221;#ed7332&#8243; uncode_shortcode_id=&#8221;145813&#8243;]Hae nopeasti ja helposti verkossa[\/vc_button][\/vc_column_inner][\/vc_row_inner][\/vc_column][\/vc_row]<\/p>\n<\/div>","protected":false},"excerpt":{"rendered":"<p>[vc_row unlock_row_content=&#8221;yes&#8221; row_height_percent=&#8221;100&#8243; override_padding=&#8221;yes&#8221; h_padding=&#8221;0&#8243; top_padding=&#8221;0&#8243; bottom_padding=&#8221;0&#8243; back_color=&#8221;color-lxmt&#8221; overlay_alpha=&#8221;50&#8243; equal_height=&#8221;yes&#8221; gutter_size=&#8221;3&#8243; column_width_percent=&#8221;100&#8243; shift_y=&#8221;0&#8243; z_index=&#8221;0&#8243; content_parallax=&#8221;0&#8243; uncode_shortcode_id=&#8221;127929&#8243; back_color_type=&#8221;uncode-palette&#8221;][vc_column column_width_percent=&#8221;100&#8243; gutter_size=&#8221;3&#8243; expand_height=&#8221;yes&#8221; [&hellip;]<\/p>\n","protected":false},"author":1,"featured_media":0,"parent":0,"menu_order":0,"comment_status":"closed","ping_status":"closed","template":"","meta":{"footnotes":""},"class_list":["post-156691","page","type-page","status-publish","hentry"],"yoast_head":"<!-- This site is optimized with the Yoast SEO plugin v27.1.1 - https:\/\/yoast.com\/product\/yoast-seo-wordpress\/ -->\n<title>Rahoita ikkunat ja ovet OP:lla - Turvallinen ja joustava maksaminen<\/title>\n<meta name=\"description\" content=\"Jaa ikkuna- tai ovivaihdon kustannukset turvallisesti ja helposti OP:n kanssa. Ei piilotettuja maksuja, korotonta aikaa ja joustavia maksusuunnitelmia.\" \/>\n<meta name=\"robots\" content=\"index, follow, max-snippet:-1, max-image-preview:large, max-video-preview:-1\" \/>\n<link rel=\"canonical\" href=\"https:\/\/micus.fi\/fi\/rahoitus\/\" \/>\n<meta property=\"og:locale\" content=\"fi_FI\" \/>\n<meta property=\"og:type\" content=\"article\" \/>\n<meta property=\"og:title\" content=\"Rahoita ikkunat ja ovet OP:lla - Turvallinen ja joustava maksaminen\" \/>\n<meta property=\"og:description\" content=\"Jaa ikkuna- tai ovivaihdon kustannukset turvallisesti ja helposti OP:n kanssa. Ei piilotettuja maksuja, korotonta aikaa ja joustavia maksusuunnitelmia.\" \/>\n<meta property=\"og:url\" content=\"https:\/\/micus.fi\/fi\/rahoitus\/\" \/>\n<meta property=\"og:site_name\" content=\"Pihla \u2013 Ikkunat ja Ovet | F\u00f6nster &amp; D\u00f6rrar\" \/>\n<meta property=\"article:modified_time\" content=\"2025-06-03T07:16:02+00:00\" \/>\n<meta name=\"twitter:card\" content=\"summary_large_image\" \/>\n<meta name=\"twitter:label1\" content=\"Arvioitu lukuaika\" \/>\n\t<meta name=\"twitter:data1\" content=\"2 minuuttia\" \/>\n<script type=\"application\/ld+json\" class=\"yoast-schema-graph\">{\"@context\":\"https:\/\/schema.org\",\"@graph\":[{\"@type\":\"WebPage\",\"@id\":\"https:\/\/micus.fi\/fi\/rahoitus\/\",\"url\":\"https:\/\/micus.fi\/fi\/rahoitus\/\",\"name\":\"Rahoita ikkunat ja ovet OP:lla - Turvallinen ja joustava maksaminen\",\"isPartOf\":{\"@id\":\"https:\/\/micus.fi\/#website\"},\"datePublished\":\"2025-05-19T08:01:55+00:00\",\"dateModified\":\"2025-06-03T07:16:02+00:00\",\"description\":\"Jaa ikkuna- tai ovivaihdon kustannukset turvallisesti ja helposti OP:n kanssa. Ei piilotettuja maksuja, korotonta aikaa ja joustavia maksusuunnitelmia.\",\"breadcrumb\":{\"@id\":\"https:\/\/micus.fi\/fi\/rahoitus\/#breadcrumb\"},\"inLanguage\":\"fi\",\"potentialAction\":[{\"@type\":\"ReadAction\",\"target\":[\"https:\/\/micus.fi\/fi\/rahoitus\/\"]}]},{\"@type\":\"BreadcrumbList\",\"@id\":\"https:\/\/micus.fi\/fi\/rahoitus\/#breadcrumb\",\"itemListElement\":[{\"@type\":\"ListItem\",\"position\":1,\"name\":\"Home\",\"item\":\"https:\/\/micus.fi\/\"},{\"@type\":\"ListItem\",\"position\":2,\"name\":\"Rahoitus\"}]},{\"@type\":\"WebSite\",\"@id\":\"https:\/\/micus.fi\/#website\",\"url\":\"https:\/\/micus.fi\/\",\"name\":\"Pihla \u2013 Ikkunat ja Ovet | F\u00f6nster &amp; D\u00f6rrar\",\"description\":\"Laatua kotiisi \u2013 Kvalitet f\u00f6r ditt hem\",\"potentialAction\":[{\"@type\":\"SearchAction\",\"target\":{\"@type\":\"EntryPoint\",\"urlTemplate\":\"https:\/\/micus.fi\/?s={search_term_string}\"},\"query-input\":{\"@type\":\"PropertyValueSpecification\",\"valueRequired\":true,\"valueName\":\"search_term_string\"}}],\"inLanguage\":\"fi\"}]}<\/script>\n<!-- \/ Yoast SEO plugin. -->","yoast_head_json":{"title":"Rahoita ikkunat ja ovet OP:lla - Turvallinen ja joustava maksaminen","description":"Jaa ikkuna- tai ovivaihdon kustannukset turvallisesti ja helposti OP:n kanssa. Ei piilotettuja maksuja, korotonta aikaa ja joustavia maksusuunnitelmia.","robots":{"index":"index","follow":"follow","max-snippet":"max-snippet:-1","max-image-preview":"max-image-preview:large","max-video-preview":"max-video-preview:-1"},"canonical":"https:\/\/micus.fi\/fi\/rahoitus\/","og_locale":"fi_FI","og_type":"article","og_title":"Rahoita ikkunat ja ovet OP:lla - Turvallinen ja joustava maksaminen","og_description":"Jaa ikkuna- tai ovivaihdon kustannukset turvallisesti ja helposti OP:n kanssa. Ei piilotettuja maksuja, korotonta aikaa ja joustavia maksusuunnitelmia.","og_url":"https:\/\/micus.fi\/fi\/rahoitus\/","og_site_name":"Pihla \u2013 Ikkunat ja Ovet | F\u00f6nster &amp; D\u00f6rrar","article_modified_time":"2025-06-03T07:16:02+00:00","twitter_card":"summary_large_image","twitter_misc":{"Arvioitu lukuaika":"2 minuuttia"},"schema":{"@context":"https:\/\/schema.org","@graph":[{"@type":"WebPage","@id":"https:\/\/micus.fi\/fi\/rahoitus\/","url":"https:\/\/micus.fi\/fi\/rahoitus\/","name":"Rahoita ikkunat ja ovet OP:lla - Turvallinen ja joustava maksaminen","isPartOf":{"@id":"https:\/\/micus.fi\/#website"},"datePublished":"2025-05-19T08:01:55+00:00","dateModified":"2025-06-03T07:16:02+00:00","description":"Jaa ikkuna- tai ovivaihdon kustannukset turvallisesti ja helposti OP:n kanssa. Ei piilotettuja maksuja, korotonta aikaa ja joustavia maksusuunnitelmia.","breadcrumb":{"@id":"https:\/\/micus.fi\/fi\/rahoitus\/#breadcrumb"},"inLanguage":"fi","potentialAction":[{"@type":"ReadAction","target":["https:\/\/micus.fi\/fi\/rahoitus\/"]}]},{"@type":"BreadcrumbList","@id":"https:\/\/micus.fi\/fi\/rahoitus\/#breadcrumb","itemListElement":[{"@type":"ListItem","position":1,"name":"Home","item":"https:\/\/micus.fi\/"},{"@type":"ListItem","position":2,"name":"Rahoitus"}]},{"@type":"WebSite","@id":"https:\/\/micus.fi\/#website","url":"https:\/\/micus.fi\/","name":"Pihla \u2013 Ikkunat ja Ovet | F\u00f6nster &amp; D\u00f6rrar","description":"Laatua kotiisi \u2013 Kvalitet f\u00f6r ditt hem","potentialAction":[{"@type":"SearchAction","target":{"@type":"EntryPoint","urlTemplate":"https:\/\/micus.fi\/?s={search_term_string}"},"query-input":{"@type":"PropertyValueSpecification","valueRequired":true,"valueName":"search_term_string"}}],"inLanguage":"fi"}]}},"_links":{"self":[{"href":"https:\/\/micus.fi\/fi\/wp-json\/wp\/v2\/pages\/156691","targetHints":{"allow":["GET"]}}],"collection":[{"href":"https:\/\/micus.fi\/fi\/wp-json\/wp\/v2\/pages"}],"about":[{"href":"https:\/\/micus.fi\/fi\/wp-json\/wp\/v2\/types\/page"}],"author":[{"embeddable":true,"href":"https:\/\/micus.fi\/fi\/wp-json\/wp\/v2\/users\/1"}],"replies":[{"embeddable":true,"href":"https:\/\/micus.fi\/fi\/wp-json\/wp\/v2\/comments?post=156691"}],"version-history":[{"count":6,"href":"https:\/\/micus.fi\/fi\/wp-json\/wp\/v2\/pages\/156691\/revisions"}],"predecessor-version":[{"id":156790,"href":"https:\/\/micus.fi\/fi\/wp-json\/wp\/v2\/pages\/156691\/revisions\/156790"}],"wp:attachment":[{"href":"https:\/\/micus.fi\/fi\/wp-json\/wp\/v2\/media?parent=156691"}],"curies":[{"name":"wp","href":"https:\/\/api.w.org\/{rel}","templated":true}]}}