{"id":156694,"date":"2025-05-19T06:16:48","date_gmt":"2025-05-19T06:16:48","guid":{"rendered":"https:\/\/micus.fi\/pyyda-tarjous\/"},"modified":"2025-06-03T07:22:31","modified_gmt":"2025-06-03T07:22:31","slug":"pyyda-tarjous","status":"publish","type":"page","link":"https:\/\/micus.fi\/fi\/pyyda-tarjous\/","title":{"rendered":"Pyyd\u00e4 tarjous"},"content":{"rendered":"<div class=\"wpb-content-wrapper\"><p>[vc_row row_height_percent=&#8221;55&#8243; override_padding=&#8221;yes&#8221; h_padding=&#8221;2&#8243; top_padding=&#8221;4&#8243; bottom_padding=&#8221;4&#8243; back_color=&#8221;color-wayh&#8221; back_image=&#8221;156002&#8243; back_position=&#8221;center center&#8221; overlay_color=&#8221;accent&#8221; overlay_alpha=&#8221;50&#8243; gutter_size=&#8221;3&#8243; column_width_percent=&#8221;100&#8243; shift_y=&#8221;0&#8243; z_index=&#8221;0&#8243; enable_bottom_divider=&#8221;default&#8221; bottom_divider=&#8221;gradient&#8221; shape_bottom_h_use_pixel=&#8221;true&#8221; shape_bottom_height_percent=&#8221;100&#8243; shape_bottom_color=&#8221;color-210407&#8243; shape_bottom_opacity=&#8221;50&#8243; shape_bottom_index=&#8221;0&#8243; content_parallax=&#8221;0&#8243; uncode_shortcode_id=&#8221;242145&#8243; back_color_type=&#8221;uncode-palette&#8221; overlay_color_type=&#8221;uncode-palette&#8221; shape_bottom_color_type=&#8221;uncode-palette&#8221;][vc_column column_width_percent=&#8221;100&#8243; position_vertical=&#8221;bottom&#8221; gutter_size=&#8221;3&#8243; style=&#8221;dark&#8221; overlay_alpha=&#8221;50&#8243; shift_x=&#8221;0&#8243; shift_y=&#8221;0&#8243; shift_y_down=&#8221;0&#8243; z_index=&#8221;0&#8243; medium_width=&#8221;0&#8243; mobile_width=&#8221;0&#8243; zoom_width=&#8221;0&#8243; zoom_height=&#8221;0&#8243; width=&#8221;1\/1&#8243; uncode_shortcode_id=&#8221;488640&#8243; mobile_height=&#8221;40vh&#8221;][vc_custom_heading heading_semantic=&#8221;h1&#8243; text_size=&#8221;fontsize-338686&#8243; text_height=&#8221;fontheight-179065&#8243; sub_reduced=&#8221;yes&#8221; text_uppercase=&#8221;&#8221; uncode_shortcode_id=&#8221;125912&#8243;]Ota meihin yhteytt\u00e4, niin saat turvallisen<br \/>\nja helpon ikkunanvaihdon.[\/vc_custom_heading][\/vc_column][\/vc_row][vc_row row_height_percent=&#8221;0&#8243; override_padding=&#8221;yes&#8221; h_padding=&#8221;2&#8243; top_padding=&#8221;5&#8243; bottom_padding=&#8221;5&#8243; overlay_alpha=&#8221;50&#8243; gutter_size=&#8221;4&#8243; column_width_percent=&#8221;100&#8243; shift_y=&#8221;0&#8243; z_index=&#8221;0&#8243;][vc_column column_width_percent=&#8221;100&#8243; gutter_size=&#8221;2&#8243; font_family=&#8221;font-136269&#8243; overlay_alpha=&#8221;50&#8243; shift_x=&#8221;0&#8243; shift_y=&#8221;0&#8243; shift_y_down=&#8221;0&#8243; z_index=&#8221;0&#8243; medium_width=&#8221;0&#8243; mobile_width=&#8221;0&#8243; width=&#8221;4\/12&#8243; uncode_shortcode_id=&#8221;639591&#8243;][vc_custom_heading heading_semantic=&#8221;h3&#8243; text_size=&#8221;h1&#8243; text_weight=&#8221;700&#8243; uncode_shortcode_id=&#8221;162270&#8243;]<span class=\"text-accent-color\">Ota yhteytt\u00e4<\/span> &#8211; autamme sinua eteenp\u00e4in[\/vc_custom_heading][vc_custom_heading text_color=&#8221;color-wvjs&#8221; heading_semantic=&#8221;h4&#8243; text_size=&#8221;h4&#8243; text_weight=&#8221;400&#8243; text_height=&#8221;fontheight-357766&#8243; uncode_shortcode_id=&#8221;812398&#8243; text_color_type=&#8221;uncode-palette&#8221;]Onko sinulla kysytt\u00e4v\u00e4\u00e4 tai haluatko varata kotik\u00e4ynnin? L\u00e4het\u00e4 meille s\u00e4hk\u00f6postia tai soita, niin jatkamme siit\u00e4.[\/vc_custom_heading][vc_empty_space empty_h=&#8221;1&#8243;][vc_row_inner][vc_column_inner width=&#8221;1\/2&#8243;][vc_single_image media=&#8221;156114&#8243; media_width_percent=&#8221;100&#8243; uncode_shortcode_id=&#8221;152973&#8243;][vc_custom_heading text_size=&#8221;h5&#8243; uncode_shortcode_id=&#8221;461229&#8243;]Marcus Granberg, TJ[\/vc_custom_heading][\/vc_column_inner][vc_column_inner width=&#8221;1\/2&#8243;][\/vc_column_inner][\/vc_row_inner][uncode_list larger=&#8221;yes&#8221; icon=&#8221;fa fa-mail&#8221; icon_color=&#8221;accent&#8221; uncode_shortcode_id=&#8221;185826&#8243; icon_color_type=&#8221;uncode-palette&#8221;]<\/p>\n<ul>\n<li><a href=\"mailto:marcus.granberg@pihla.fi\">marcus.granberg@pihla.fi<\/a><\/li>\n<\/ul>\n<p>[\/uncode_list][uncode_list larger=&#8221;yes&#8221; icon=&#8221;fa fa-phone-square&#8221; icon_color=&#8221;accent&#8221; uncode_shortcode_id=&#8221;159805&#8243; icon_color_type=&#8221;uncode-palette&#8221;]<\/p>\n<ul>\n<li><a href=\"tel:+358%2050%20596%203432\">+358 50 596 3432<\/a><\/li>\n<\/ul>\n<p>[\/uncode_list][\/vc_column][vc_column column_width_percent=&#8221;100&#8243; gutter_size=&#8221;4&#8243; font_family=&#8221;font-136269&#8243; overlay_alpha=&#8221;50&#8243; shift_x=&#8221;0&#8243; shift_y=&#8221;0&#8243; shift_y_down=&#8221;0&#8243; z_index=&#8221;0&#8243; medium_width=&#8221;0&#8243; mobile_width=&#8221;0&#8243; width=&#8221;8\/12&#8243; uncode_shortcode_id=&#8221;274116&#8243;]\n<div class=\"wpcf7 no-js\" id=\"wpcf7-f156300-o1\" lang=\"sv-SE\" dir=\"ltr\" data-wpcf7-id=\"156300\">\n<div class=\"screen-reader-response\"><p role=\"status\" aria-live=\"polite\" aria-atomic=\"true\"><\/p> <ul><\/ul><\/div>\n<form action=\"\/fi\/wp-json\/wp\/v2\/pages\/156694#wpcf7-f156300-o1\" method=\"post\" class=\"wpcf7-form init\" aria-label=\"Kontaktformul\u00e4r\" novalidate=\"novalidate\" data-status=\"init\">\n<fieldset class=\"hidden-fields-container\"><input type=\"hidden\" name=\"_wpcf7\" value=\"156300\" \/><input type=\"hidden\" name=\"_wpcf7_version\" value=\"6.1.5\" \/><input type=\"hidden\" name=\"_wpcf7_locale\" value=\"sv_SE\" \/><input type=\"hidden\" name=\"_wpcf7_unit_tag\" value=\"wpcf7-f156300-o1\" \/><input type=\"hidden\" name=\"_wpcf7_container_post\" value=\"0\" \/><input type=\"hidden\" name=\"_wpcf7_posted_data_hash\" value=\"\" \/><input type=\"hidden\" name=\"_wpcf7_recaptcha_response\" value=\"\" \/>\n<\/fieldset>\n<h3 style=\"font-weight: 700;\">Varaa maksuton k\u00e4ynti ikkuna- ja oviremonttia varten\n<\/h3>\n<p style=\"font-weight: normal;\">Pihla-asiantuntijamme auttaa sinua suunnittelemaan kotisi ikkunaremontin.\n<\/p>\n<p style=\"font-weight: normal;\"><br \/>\nOnnistunut ikkuna- tai oviremontti edellytt\u00e4\u00e4 aina huolellista suunnittelua. Kotik\u00e4ynnin aikana asiantuntijamme kartoittaa remonttitarpeet, auttaa valitsemaan sopivat ratkaisut ja kertoo, kuinka asennus kannattaa toteuttaa. H\u00e4n my\u00f6s mittaa ikkunat ja ovet \u2013 n\u00e4in me vastaamme mittojen oikeellisuudesta. Saat samalla arvion koko projektin kustannuksista.\n<\/p>\n<p style=\"font-weight: normal;\"><br \/>\nVoit turvallisesti varata maksuttoman kotik\u00e4ynnin t\u00e4ytt\u00e4m\u00e4ll\u00e4 alla olevan lomakkeen. Asiantuntijamme ottaa sinuun yhteytt\u00e4 ja sopii ajan henkil\u00f6kohtaisesti.\n<\/p>\n<div class=\"wpcf7-inline-wrapper\">\n\t<p class=\"wpcf7-inline-field\"><span class=\"wpcf7-form-control-wrap\" data-name=\"fornamn\"><input size=\"40\" maxlength=\"400\" class=\"wpcf7-form-control wpcf7-text wpcf7-validates-as-required\" aria-required=\"true\" aria-invalid=\"false\" placeholder=\"Etunimi*\" value=\"\" type=\"text\" name=\"fornamn\" \/><\/span>\n\t<\/p>\n\t<p class=\"wpcf7-inline-field\"><span class=\"wpcf7-form-control-wrap\" data-name=\"efternamn\"><input size=\"40\" maxlength=\"400\" class=\"wpcf7-form-control wpcf7-text wpcf7-validates-as-required\" aria-required=\"true\" aria-invalid=\"false\" placeholder=\"Sukunimi*\" value=\"\" type=\"text\" name=\"efternamn\" \/><\/span>\n\t<\/p>\n<\/div>\n<div class=\"wpcf7-inline-wrapper\">\n\t<p class=\"wpcf7-inline-field\"><span class=\"wpcf7-form-control-wrap\" data-name=\"gatuadress\"><input size=\"40\" maxlength=\"400\" class=\"wpcf7-form-control wpcf7-text wpcf7-validates-as-required\" aria-required=\"true\" aria-invalid=\"false\" placeholder=\"Katuosoite*\" value=\"\" type=\"text\" name=\"gatuadress\" \/><\/span>\n\t<\/p>\n\t<p class=\"wpcf7-inline-field\"><span class=\"wpcf7-form-control-wrap\" data-name=\"postnummer\"><input size=\"40\" maxlength=\"400\" class=\"wpcf7-form-control wpcf7-text wpcf7-validates-as-required\" aria-required=\"true\" aria-invalid=\"false\" placeholder=\"Postinumero*\" value=\"\" type=\"text\" name=\"postnummer\" \/><\/span>\n\t<\/p>\n<\/div>\n<div class=\"wpcf7-inline-wrapper\">\n\t<p class=\"wpcf7-inline-field\"><span class=\"wpcf7-form-control-wrap\" data-name=\"ort\"><input size=\"40\" maxlength=\"400\" class=\"wpcf7-form-control wpcf7-text wpcf7-validates-as-required\" aria-required=\"true\" aria-invalid=\"false\" placeholder=\"Postitoimipaikka*\" value=\"\" type=\"text\" name=\"ort\" \/><\/span>\n\t<\/p>\n\t<p class=\"wpcf7-inline-field\"><span class=\"wpcf7-form-control-wrap\" data-name=\"telefon\"><input size=\"40\" maxlength=\"400\" class=\"wpcf7-form-control wpcf7-tel wpcf7-validates-as-required wpcf7-text wpcf7-validates-as-tel\" aria-required=\"true\" aria-invalid=\"false\" placeholder=\"Puhelinnumero*\" value=\"\" type=\"tel\" name=\"telefon\" \/><\/span>\n\t<\/p>\n<\/div>\n<p><span class=\"wpcf7-form-control-wrap\" data-name=\"epost\"><input size=\"40\" maxlength=\"400\" class=\"wpcf7-form-control wpcf7-email wpcf7-text wpcf7-validates-as-email\" aria-invalid=\"false\" placeholder=\"S\u00e4hk\u00f6posti\" value=\"\" type=\"email\" name=\"epost\" \/><\/span>\n<\/p>\n<p><strong>Kohteen tiedot<\/strong>\n<\/p>\n<p><span class=\"wpcf7-form-control-wrap\" data-name=\"objekt\"><select class=\"wpcf7-form-control wpcf7-select wpcf7-validates-as-required\" aria-required=\"true\" aria-invalid=\"false\" name=\"objekt\"><option value=\"\">Asunnon tyyppi*<\/option><option value=\"Omakotitalo\">Omakotitalo<\/option><option value=\"Paritalo\">Paritalo<\/option><option value=\"Rivitalo\">Rivitalo<\/option><option value=\"Muu\">Muu<\/option><\/select><\/span>\n<\/p>\n<p><strong>Mit\u00e4 tarvitset?<\/strong>\n<\/p>\n<p><span class=\"wpcf7-form-control-wrap\" data-name=\"behov\"><select class=\"wpcf7-form-control wpcf7-select wpcf7-validates-as-required\" aria-required=\"true\" aria-invalid=\"false\" name=\"behov\"><option value=\"\">Valitse vaihtoehto*<\/option><option value=\"Ikkunat\">Ikkunat<\/option><option value=\"Ovet\">Ovet<\/option><option value=\"Ikkunat ja ovet\">Ikkunat ja ovet<\/option><option value=\"Rahoitus\">Rahoitus<\/option><\/select><\/span>\n<\/p>\n<p><strong>Viesti<\/strong>\n<\/p>\n<p><span class=\"wpcf7-form-control-wrap\" data-name=\"meddelande\"><textarea cols=\"40\" rows=\"10\" maxlength=\"2000\" class=\"wpcf7-form-control wpcf7-textarea\" id=\"meddelande\" aria-invalid=\"false\" placeholder=\"Kuinka voimme auttaa?\" name=\"meddelande\"><\/textarea><\/span>\n<\/p>\n<p><span class=\"wpcf7-form-control-wrap\" data-name=\"marknadsforing\"><span class=\"wpcf7-form-control wpcf7-checkbox\"><span class=\"wpcf7-list-item first last\"><label><input type=\"checkbox\" name=\"marknadsforing[]\" value=\"Kyll\u00e4, haluan saada lis\u00e4tietoa Pihlan tuotteista ja palveluista s\u00e4hk\u00f6postitse.\" \/><span class=\"wpcf7-list-item-label\">Kyll\u00e4, haluan saada lis\u00e4tietoa Pihlan tuotteista ja palveluista s\u00e4hk\u00f6postitse.<\/span><\/label><\/span><\/span><\/span>\n<\/p>\n<p><span class=\"wpcf7-form-control-wrap\" data-name=\"accept-this-1\"><span class=\"wpcf7-form-control wpcf7-acceptance\"><span class=\"wpcf7-list-item\"><label><input type=\"checkbox\" name=\"accept-this-1\" value=\"1\" aria-invalid=\"false\" \/><span class=\"wpcf7-list-item-label\">Hyv\u00e4ksyn (<a href=\"https:\/\/micus.fi\/integritetspolicy\/\">Tietosuojaselosteen<\/a>)<\/span><\/label><\/span><\/span><\/span>\n<\/p>\n<p><input class=\"wpcf7-form-control wpcf7-submit has-spinner btn btn-accent\" type=\"submit\" value=\"L\u00e4het\u00e4\" \/>\n<\/p><div class=\"wpcf7-response-output\" aria-hidden=\"true\"><\/div>\n<\/form>\n<\/div>\n[\/vc_column][\/vc_row]<\/p>\n<\/div>","protected":false},"excerpt":{"rendered":"<p>[vc_row row_height_percent=&#8221;55&#8243; override_padding=&#8221;yes&#8221; h_padding=&#8221;2&#8243; top_padding=&#8221;4&#8243; bottom_padding=&#8221;4&#8243; back_color=&#8221;color-wayh&#8221; back_image=&#8221;156002&#8243; back_position=&#8221;center center&#8221; overlay_color=&#8221;accent&#8221; overlay_alpha=&#8221;50&#8243; gutter_size=&#8221;3&#8243; column_width_percent=&#8221;100&#8243; shift_y=&#8221;0&#8243; z_index=&#8221;0&#8243; enable_bottom_divider=&#8221;default&#8221; bottom_divider=&#8221;gradient&#8221; shape_bottom_h_use_pixel=&#8221;true&#8221; shape_bottom_height_percent=&#8221;100&#8243; [&hellip;]<\/p>\n","protected":false},"author":1,"featured_media":0,"parent":0,"menu_order":0,"comment_status":"closed","ping_status":"closed","template":"","meta":{"footnotes":""},"class_list":["post-156694","page","type-page","status-publish","hentry"],"yoast_head":"<!-- This site is optimized with the Yoast SEO plugin v27.1.1 - https:\/\/yoast.com\/product\/yoast-seo-wordpress\/ -->\n<title>Pyyd\u00e4 tarjous ikkunoiden ja ovien vaihdosta Pohjanmaalla \u2013 Ilmainen kotik\u00e4ynti<\/title>\n<meta name=\"description\" content=\"Varaa ilmainen kotik\u00e4ynti Pohjanmaalla tarjousta varten ikkunoiden ja ovien vaihdosta. Mittaamme, suunnittelemme ja annamme ei-sitovan tarjouksen.\" \/>\n<meta name=\"robots\" content=\"index, follow, max-snippet:-1, max-image-preview:large, max-video-preview:-1\" \/>\n<link rel=\"canonical\" href=\"https:\/\/micus.fi\/fi\/pyyda-tarjous\/\" \/>\n<meta property=\"og:locale\" content=\"fi_FI\" \/>\n<meta property=\"og:type\" content=\"article\" \/>\n<meta property=\"og:title\" content=\"Pyyd\u00e4 tarjous ikkunoiden ja ovien vaihdosta Pohjanmaalla \u2013 Ilmainen kotik\u00e4ynti\" \/>\n<meta property=\"og:description\" content=\"Varaa ilmainen kotik\u00e4ynti Pohjanmaalla tarjousta varten ikkunoiden ja ovien vaihdosta. Mittaamme, suunnittelemme ja annamme ei-sitovan tarjouksen.\" \/>\n<meta property=\"og:url\" content=\"https:\/\/micus.fi\/fi\/pyyda-tarjous\/\" \/>\n<meta property=\"og:site_name\" content=\"Pihla \u2013 Ikkunat ja Ovet | F\u00f6nster &amp; D\u00f6rrar\" \/>\n<meta property=\"article:modified_time\" content=\"2025-06-03T07:22:31+00:00\" \/>\n<meta name=\"twitter:card\" content=\"summary_large_image\" \/>\n<meta name=\"twitter:label1\" content=\"Arvioitu lukuaika\" \/>\n\t<meta name=\"twitter:data1\" content=\"1 minuutti\" \/>\n<script type=\"application\/ld+json\" class=\"yoast-schema-graph\">{\"@context\":\"https:\/\/schema.org\",\"@graph\":[{\"@type\":\"WebPage\",\"@id\":\"https:\/\/micus.fi\/fi\/pyyda-tarjous\/\",\"url\":\"https:\/\/micus.fi\/fi\/pyyda-tarjous\/\",\"name\":\"Pyyd\u00e4 tarjous ikkunoiden ja ovien vaihdosta Pohjanmaalla \u2013 Ilmainen kotik\u00e4ynti\",\"isPartOf\":{\"@id\":\"https:\/\/micus.fi\/#website\"},\"datePublished\":\"2025-05-19T06:16:48+00:00\",\"dateModified\":\"2025-06-03T07:22:31+00:00\",\"description\":\"Varaa ilmainen kotik\u00e4ynti Pohjanmaalla tarjousta varten ikkunoiden ja ovien vaihdosta. Mittaamme, suunnittelemme ja annamme ei-sitovan tarjouksen.\",\"breadcrumb\":{\"@id\":\"https:\/\/micus.fi\/fi\/pyyda-tarjous\/#breadcrumb\"},\"inLanguage\":\"fi\",\"potentialAction\":[{\"@type\":\"ReadAction\",\"target\":[\"https:\/\/micus.fi\/fi\/pyyda-tarjous\/\"]}]},{\"@type\":\"BreadcrumbList\",\"@id\":\"https:\/\/micus.fi\/fi\/pyyda-tarjous\/#breadcrumb\",\"itemListElement\":[{\"@type\":\"ListItem\",\"position\":1,\"name\":\"Home\",\"item\":\"https:\/\/micus.fi\/\"},{\"@type\":\"ListItem\",\"position\":2,\"name\":\"Pyyd\u00e4 tarjous\"}]},{\"@type\":\"WebSite\",\"@id\":\"https:\/\/micus.fi\/#website\",\"url\":\"https:\/\/micus.fi\/\",\"name\":\"Pihla \u2013 Ikkunat ja Ovet | F\u00f6nster &amp; D\u00f6rrar\",\"description\":\"Laatua kotiisi \u2013 Kvalitet f\u00f6r ditt hem\",\"potentialAction\":[{\"@type\":\"SearchAction\",\"target\":{\"@type\":\"EntryPoint\",\"urlTemplate\":\"https:\/\/micus.fi\/?s={search_term_string}\"},\"query-input\":{\"@type\":\"PropertyValueSpecification\",\"valueRequired\":true,\"valueName\":\"search_term_string\"}}],\"inLanguage\":\"fi\"}]}<\/script>\n<!-- \/ Yoast SEO plugin. -->","yoast_head_json":{"title":"Pyyd\u00e4 tarjous ikkunoiden ja ovien vaihdosta Pohjanmaalla \u2013 Ilmainen kotik\u00e4ynti","description":"Varaa ilmainen kotik\u00e4ynti Pohjanmaalla tarjousta varten ikkunoiden ja ovien vaihdosta. Mittaamme, suunnittelemme ja annamme ei-sitovan tarjouksen.","robots":{"index":"index","follow":"follow","max-snippet":"max-snippet:-1","max-image-preview":"max-image-preview:large","max-video-preview":"max-video-preview:-1"},"canonical":"https:\/\/micus.fi\/fi\/pyyda-tarjous\/","og_locale":"fi_FI","og_type":"article","og_title":"Pyyd\u00e4 tarjous ikkunoiden ja ovien vaihdosta Pohjanmaalla \u2013 Ilmainen kotik\u00e4ynti","og_description":"Varaa ilmainen kotik\u00e4ynti Pohjanmaalla tarjousta varten ikkunoiden ja ovien vaihdosta. Mittaamme, suunnittelemme ja annamme ei-sitovan tarjouksen.","og_url":"https:\/\/micus.fi\/fi\/pyyda-tarjous\/","og_site_name":"Pihla \u2013 Ikkunat ja Ovet | F\u00f6nster &amp; D\u00f6rrar","article_modified_time":"2025-06-03T07:22:31+00:00","twitter_card":"summary_large_image","twitter_misc":{"Arvioitu lukuaika":"1 minuutti"},"schema":{"@context":"https:\/\/schema.org","@graph":[{"@type":"WebPage","@id":"https:\/\/micus.fi\/fi\/pyyda-tarjous\/","url":"https:\/\/micus.fi\/fi\/pyyda-tarjous\/","name":"Pyyd\u00e4 tarjous ikkunoiden ja ovien vaihdosta Pohjanmaalla \u2013 Ilmainen kotik\u00e4ynti","isPartOf":{"@id":"https:\/\/micus.fi\/#website"},"datePublished":"2025-05-19T06:16:48+00:00","dateModified":"2025-06-03T07:22:31+00:00","description":"Varaa ilmainen kotik\u00e4ynti Pohjanmaalla tarjousta varten ikkunoiden ja ovien vaihdosta. Mittaamme, suunnittelemme ja annamme ei-sitovan tarjouksen.","breadcrumb":{"@id":"https:\/\/micus.fi\/fi\/pyyda-tarjous\/#breadcrumb"},"inLanguage":"fi","potentialAction":[{"@type":"ReadAction","target":["https:\/\/micus.fi\/fi\/pyyda-tarjous\/"]}]},{"@type":"BreadcrumbList","@id":"https:\/\/micus.fi\/fi\/pyyda-tarjous\/#breadcrumb","itemListElement":[{"@type":"ListItem","position":1,"name":"Home","item":"https:\/\/micus.fi\/"},{"@type":"ListItem","position":2,"name":"Pyyd\u00e4 tarjous"}]},{"@type":"WebSite","@id":"https:\/\/micus.fi\/#website","url":"https:\/\/micus.fi\/","name":"Pihla \u2013 Ikkunat ja Ovet | F\u00f6nster &amp; D\u00f6rrar","description":"Laatua kotiisi \u2013 Kvalitet f\u00f6r ditt hem","potentialAction":[{"@type":"SearchAction","target":{"@type":"EntryPoint","urlTemplate":"https:\/\/micus.fi\/?s={search_term_string}"},"query-input":{"@type":"PropertyValueSpecification","valueRequired":true,"valueName":"search_term_string"}}],"inLanguage":"fi"}]}},"_links":{"self":[{"href":"https:\/\/micus.fi\/fi\/wp-json\/wp\/v2\/pages\/156694","targetHints":{"allow":["GET"]}}],"collection":[{"href":"https:\/\/micus.fi\/fi\/wp-json\/wp\/v2\/pages"}],"about":[{"href":"https:\/\/micus.fi\/fi\/wp-json\/wp\/v2\/types\/page"}],"author":[{"embeddable":true,"href":"https:\/\/micus.fi\/fi\/wp-json\/wp\/v2\/users\/1"}],"replies":[{"embeddable":true,"href":"https:\/\/micus.fi\/fi\/wp-json\/wp\/v2\/comments?post=156694"}],"version-history":[{"count":9,"href":"https:\/\/micus.fi\/fi\/wp-json\/wp\/v2\/pages\/156694\/revisions"}],"predecessor-version":[{"id":156794,"href":"https:\/\/micus.fi\/fi\/wp-json\/wp\/v2\/pages\/156694\/revisions\/156794"}],"wp:attachment":[{"href":"https:\/\/micus.fi\/fi\/wp-json\/wp\/v2\/media?parent=156694"}],"curies":[{"name":"wp","href":"https:\/\/api.w.org\/{rel}","templated":true}]}}