{"id":156697,"date":"2025-05-19T10:29:59","date_gmt":"2025-05-19T10:29:59","guid":{"rendered":"https:\/\/micus.fi\/kayttoehdot\/"},"modified":"2025-06-02T13:35:59","modified_gmt":"2025-06-02T13:35:59","slug":"kayttoehdot","status":"publish","type":"page","link":"https:\/\/micus.fi\/fi\/kayttoehdot\/","title":{"rendered":"K\u00e4ytt\u00f6ehdot"},"content":{"rendered":"<div class=\"wpb-content-wrapper\"><p class=\"p1\"><b>Micus.fi:n k\u00e4ytt\u00f6ehdot<\/b><\/p>\n<p class=\"p3\"><i>Viimeksi p\u00e4ivitetty: 19.05.2025<\/i><\/p>\n<hr>\n<p class=\"p3\">K\u00e4ytt\u00e4m\u00e4ll\u00e4 verkkosivustoa <b>Micus.fi<\/b> (\u201cVerkkosivusto\u201d) hyv\u00e4ksyt n\u00e4m\u00e4 k\u00e4ytt\u00f6ehdot, jotka koskevat sinun ja <b>Micus Ab Oy:n<\/b> (\u201cme\u201d, \u201cmeid\u00e4n\u201d, \u201cMicus\u201d) v\u00e4list\u00e4 suhdetta. Lue n\u00e4m\u00e4 ehdot huolellisesti ennen verkkosivuston k\u00e4ytt\u00f6\u00e4. <\/p>\n<hr>\n<p class=\"p5\"><b>1. Palvelun sis\u00e4lt\u00f6<\/b><\/p>\n<p class=\"p3\">Micus.fi tarjoaa tietoa tuotteistamme ja palveluistamme. Sis\u00e4lt\u00f6 on luonteeltaan informatiivista, ja sit\u00e4 voidaan muuttaa ilman erillist\u00e4 ilmoitusta. <\/p>\n<hr>\n<p class=\"p5\"><b>2. Immateriaalioikeudet<\/b><\/p>\n<p class=\"p3\">Kaikki t\u00e4m\u00e4n verkkosivuston sis\u00e4lt\u00f6, mukaan lukien teksti, kuvat, logot ja mallit, on Micus Ab Oy:n tai sen lisenssinantajien omaisuutta ja tekij\u00e4noikeuslakien suojaamaa. Mit\u00e4\u00e4n aineistoa ei saa kopioida, levitt\u00e4\u00e4 tai k\u00e4ytt\u00e4\u00e4 ilman kirjallista lupaa. <\/p>\n<hr>\n<p class=\"p5\"><b>3. Verkkosivuston k\u00e4ytt\u00f6<\/b><\/p>\n<p class=\"p3\">Hyv\u00e4ksyt, ett\u00e4 k\u00e4yt\u00e4t verkkosivustoa sovellettavien lakien ja n\u00e4iden ehtojen mukaisesti. Et saa: <\/p>\n<ul>\n<li>Yritt\u00e4\u00e4 p\u00e4\u00e4st\u00e4 luvattomasti j\u00e4rjestelm\u00e4\u00e4n tai dataan<\/li>\n<li>K\u00e4ytt\u00e4\u00e4 verkkosivustoa tavalla, joka h\u00e4iritsee muiden k\u00e4ytt\u00e4jien kokemusta<\/li>\n<li>Levitt\u00e4\u00e4 haittaohjelmia tai muuta haitallista sis\u00e4lt\u00f6\u00e4<\/li>\n<\/ul>\n<hr>\n<p class=\"p5\"><b>4. Vastuunrajoitus<\/b><\/p>\n<p class=\"p3\">Pyrimme varmistamaan, ett\u00e4 verkkosivuston sis\u00e4lt\u00f6 on oikein ja ajantasainen, mutta emme anna takuuta sen t\u00e4ydellisyydest\u00e4 tai virheett\u00f6myydest\u00e4. Micus ei ole vastuussa mahdollisista vahingoista, jotka johtuvat verkkosivuston k\u00e4yt\u00f6st\u00e4. <\/p>\n<hr>\n<p class=\"p5\"><b>5. Linkit kolmansien osapuolten sivuille<\/b><\/p>\n<p class=\"p3\">Verkkosivustolla voi olla linkkej\u00e4 kolmansien osapuolten sivuille. Emme vastaa n\u00e4iden sivujen sis\u00e4ll\u00f6st\u00e4 tai tietosuojak\u00e4yt\u00e4nn\u00f6ist\u00e4. <\/p>\n<hr>\n<p class=\"p5\"><b>6. Ehtojen muutokset<\/b><\/p>\n<p class=\"p3\">Voimme muuttaa n\u00e4it\u00e4 k\u00e4ytt\u00f6ehtoja milloin tahansa. Suosittelemme tarkistamaan ehdot s\u00e4\u00e4nn\u00f6llisesti pysy\u00e4ksesi ajan tasalla.  <\/p>\n<hr>\n<p class=\"p5\"><b>Sovellettava laki ja riidanratkaisu<\/b><\/p>\n<p class=\"p3\">N\u00e4ihin ehtoihin sovelletaan Suomen lakia. Mahdolliset riidat pyrit\u00e4\u00e4n ensisijaisesti ratkaisemaan neuvotteluteitse. Mik\u00e4li se ei ole mahdollista, ratkaistaan riita suomalaisessa tuomioistuimessa.  <\/p>\n<hr>\n<p class=\"p5\"><b>8. Yhteystiedot<\/b><\/p>\n<p class=\"p3\">Jos sinulla on kysytt\u00e4v\u00e4\u00e4 n\u00e4ist\u00e4 k\u00e4ytt\u00f6ehdoista, ota yhteytt\u00e4:<\/p>\n<p class=\"p6\"><b>Micus Ab Oy<\/b><\/p>\n<p class=\"p3\">V\u00e4stantr\u00e4skv\u00e4gen 170, 66910 Socklot, Finland<\/p>\n<p class=\"p3\">info@micus.fi<\/p>\n<p class=\"p3\">+358 50 5963432<\/p>\n<p>[\/vc_column_text][\/vc_column][\/vc_row][\/vc_column_text][\/vc_column][\/vc_row][vc_row][vc_column][vc_column_text uncode_shortcode_id=&#8221;micus_tou&#8221;]\n&#13;\n<p class=\"p1\"><b>Anv\u00e4ndarvillkor f\u00f6r Micus.fi<\/b><\/p>&#13;\n<p class=\"p3\"><i>Senast uppdaterad: 19.05.2025<\/i><\/p>&#13;\n&#13;\n&#13;\n<hr\/>&#13;\n<p class=\"p3\">Genom att anv\u00e4nda webbplatsen <b>Micus.fi<\/b> (\u201dWebbplatsen\u201d) godk\u00e4nner du dessa anv\u00e4ndarvillkor mellan dig och <b>Micus Ab Oy<\/b> (\u201dvi\u201d, \u201doss\u201d, \u201dMicus\u201d). V\u00e4nligen l\u00e4s igenom villkoren noggrant innan du anv\u00e4nder tj\u00e4nsten.<\/p>&#13;\n&#13;\n&#13;\n<hr\/>&#13;\n<p class=\"p5\"><b>1. Tj\u00e4nstens inneh\u00e5ll<\/b><\/p>&#13;\n<p class=\"p3\">Micus.fi tillhandah\u00e5ller information om v\u00e5ra produkter och tj\u00e4nster. Inneh\u00e5llet \u00e4r endast av allm\u00e4n informationskarakt\u00e4r och kan \u00e4ndras utan f\u00f6reg\u00e5ende meddelande.<\/p>&#13;\n&#13;\n&#13;\n<hr\/>&#13;\n<p class=\"p5\"><b>2. Immateriella r\u00e4ttigheter<\/b><\/p>&#13;\n<p class=\"p3\">Allt inneh\u00e5ll p\u00e5 denna webbplats, inklusive text, bilder, logotyper och design, tillh\u00f6r Micus Ab Oy eller dess licensgivare och skyddas av upphovsr\u00e4ttslagar. Du f\u00e5r inte kopiera, distribuera eller anv\u00e4nda material utan skriftligt tillst\u00e5nd.<\/p>&#13;\n&#13;\n&#13;\n<hr\/>&#13;\n<p class=\"p5\"><b>3. Anv\u00e4ndning av webbplatsen<\/b><\/p>&#13;\n<p class=\"p3\">Du samtycker till att anv\u00e4nda webbplatsen endast i enlighet med g\u00e4llande lagar och dessa villkor. Du f\u00e5r inte:<\/p>&#13;\n&#13;\n<ul>&#13;\n \t<li>F\u00f6rs\u00f6ka f\u00e5 obeh\u00f6rig \u00e5tkomst till webbplatsens system eller data<\/li>&#13;\n \t<li>Anv\u00e4nda webbplatsen p\u00e5 ett s\u00e4tt som st\u00f6r andra anv\u00e4ndares upplevelse<\/li>&#13;\n \t<li>Sprida skadlig kod, virus eller annan teknik som kan skada webbplatsen eller dess anv\u00e4ndare<\/li>&#13;\n<\/ul>&#13;\n&#13;\n<hr\/>&#13;\n<p class=\"p5\"><b>4. Ansvarsbegr\u00e4nsning<\/b><\/p>&#13;\n<p class=\"p3\">Vi str\u00e4var efter att informationen p\u00e5 webbplatsen ska vara korrekt och uppdaterad, men vi l\u00e4mnar inga garantier f\u00f6r inneh\u00e5llets fullst\u00e4ndighet eller riktighet. Micus ansvarar inte f\u00f6r eventuella skador eller f\u00f6rluster som uppst\u00e5r till f\u00f6ljd av anv\u00e4ndning av webbplatsen.<\/p>&#13;\n&#13;\n&#13;\n<hr\/>&#13;\n<p class=\"p5\"><b>5. L\u00e4nkar till tredje part<\/b><\/p>&#13;\n<p class=\"p3\">Webbplatsen kan inneh\u00e5lla l\u00e4nkar till externa webbplatser. Vi ansvarar inte f\u00f6r inneh\u00e5llet eller dataskyddspolicyn p\u00e5 dessa sidor.<\/p>&#13;\n&#13;\n&#13;\n<hr\/>&#13;\n<p class=\"p5\"><b>6. \u00c4ndringar av villkoren<\/b><\/p>&#13;\n<p class=\"p3\">Vi kan uppdatera dessa anv\u00e4ndarvillkor vid behov. Den senaste versionen finns alltid publicerad p\u00e5 denna sida. Genom att forts\u00e4tta anv\u00e4nda webbplatsen efter \u00e4ndringar godk\u00e4nner du de uppdaterade villkoren.<\/p>&#13;\n&#13;\n&#13;\n<hr\/>&#13;\n<p class=\"p5\"><b>7. Till\u00e4mplig lag och tvistl\u00f6sning<\/b><\/p>&#13;\n<p class=\"p3\">Dessa villkor regleras av finsk lag. Eventuella tvister ska i f\u00f6rsta hand l\u00f6sas genom f\u00f6rhandling. Om det inte \u00e4r m\u00f6jligt, avg\u00f6rs tvisten i en finsk domstol.<\/p>&#13;\n&#13;\n&#13;\n<hr\/>&#13;\n<p class=\"p5\"><b>8. Kontaktuppgifter<\/b><\/p>&#13;\n<p class=\"p3\">Om du har fr\u00e5gor om dessa anv\u00e4ndarvillkor, kontakta oss:<\/p>&#13;\n<p class=\"p6\"><b>Micus Ab Oy<\/b><\/p>&#13;\n<p class=\"p3\">V\u00e4stantr\u00e4skv\u00e4gen 170, 66910 Socklot, Finland<\/p>&#13;\n<p class=\"p3\">info@micus.fi<\/p>&#13;\n<p class=\"p3\">+358 50 5963432<\/p>&#13;\n[\/vc_column_text][\/vc_column][\/vc_row][vc_row][vc_column width=&#8221;1\/1&#8243;][vc_column_text uncode_shortcode_id=&#8221;133681&#8243;][vc_row][vc_column][vc_column_text uncode_shortcode_id=&#8221;micus_tou&#8221;]\n&#13;\n<p class=\"p1\"><b>Anv\u00e4ndarvillkor f\u00f6r Micus.fi<\/b><\/p>&#13;\n<p class=\"p3\"><i>Senast uppdaterad: 19.05.2025<\/i><\/p>&#13;\n&#13;\n&#13;\n<hr\/>&#13;\n<p class=\"p3\">Genom att anv\u00e4nda webbplatsen <b>Micus.fi<\/b> (\u201dWebbplatsen\u201d) godk\u00e4nner du dessa anv\u00e4ndarvillkor mellan dig och <b>Micus Ab Oy<\/b> (\u201dvi\u201d, \u201doss\u201d, \u201dMicus\u201d). V\u00e4nligen l\u00e4s igenom villkoren noggrant innan du anv\u00e4nder tj\u00e4nsten.<\/p>&#13;\n&#13;\n&#13;\n<hr\/>&#13;\n<p class=\"p5\"><b>1. Tj\u00e4nstens inneh\u00e5ll<\/b><\/p>&#13;\n<p class=\"p3\">Micus.fi tillhandah\u00e5ller information om v\u00e5ra produkter och tj\u00e4nster. Inneh\u00e5llet \u00e4r endast av allm\u00e4n informationskarakt\u00e4r och kan \u00e4ndras utan f\u00f6reg\u00e5ende meddelande.<\/p>&#13;\n&#13;\n&#13;\n<hr\/>&#13;\n<p class=\"p5\"><b>2. Immateriella r\u00e4ttigheter<\/b><\/p>&#13;\n<p class=\"p3\">Allt inneh\u00e5ll p\u00e5 denna webbplats, inklusive text, bilder, logotyper och design, tillh\u00f6r Micus Ab Oy eller dess licensgivare och skyddas av upphovsr\u00e4ttslagar. Du f\u00e5r inte kopiera, distribuera eller anv\u00e4nda material utan skriftligt tillst\u00e5nd.<\/p>&#13;\n&#13;\n&#13;\n<hr\/>&#13;\n<p class=\"p5\"><b>3. Anv\u00e4ndning av webbplatsen<\/b><\/p>&#13;\n<p class=\"p3\">Du samtycker till att anv\u00e4nda webbplatsen endast i enlighet med g\u00e4llande lagar och dessa villkor. Du f\u00e5r inte:<\/p>&#13;\n&#13;\n<ul>&#13;\n \t<li>F\u00f6rs\u00f6ka f\u00e5 obeh\u00f6rig \u00e5tkomst till webbplatsens system eller data<\/li>&#13;\n \t<li>Anv\u00e4nda webbplatsen p\u00e5 ett s\u00e4tt som st\u00f6r andra anv\u00e4ndares upplevelse<\/li>&#13;\n \t<li>Sprida skadlig kod, virus eller annan teknik som kan skada webbplatsen eller dess anv\u00e4ndare<\/li>&#13;\n<\/ul>&#13;\n&#13;\n<hr\/>&#13;\n<p class=\"p5\"><b>4. Ansvarsbegr\u00e4nsning<\/b><\/p>&#13;\n<p class=\"p3\">Vi str\u00e4var efter att informationen p\u00e5 webbplatsen ska vara korrekt och uppdaterad, men vi l\u00e4mnar inga garantier f\u00f6r inneh\u00e5llets fullst\u00e4ndighet eller riktighet. Micus ansvarar inte f\u00f6r eventuella skador eller f\u00f6rluster som uppst\u00e5r till f\u00f6ljd av anv\u00e4ndning av webbplatsen.<\/p>&#13;\n&#13;\n&#13;\n<hr\/>&#13;\n<p class=\"p5\"><b>5. L\u00e4nkar till tredje part<\/b><\/p>&#13;\n<p class=\"p3\">Webbplatsen kan inneh\u00e5lla l\u00e4nkar till externa webbplatser. Vi ansvarar inte f\u00f6r inneh\u00e5llet eller dataskyddspolicyn p\u00e5 dessa sidor.<\/p>&#13;\n&#13;\n&#13;\n<hr\/>&#13;\n<p class=\"p5\"><b>6. \u00c4ndringar av villkoren<\/b><\/p>&#13;\n<p class=\"p3\">Vi kan uppdatera dessa anv\u00e4ndarvillkor vid behov. Den senaste versionen finns alltid publicerad p\u00e5 denna sida. Genom att forts\u00e4tta anv\u00e4nda webbplatsen efter \u00e4ndringar godk\u00e4nner du de uppdaterade villkoren.<\/p>&#13;\n&#13;\n&#13;\n<hr\/>&#13;\n<p class=\"p5\"><b>7. Till\u00e4mplig lag och tvistl\u00f6sning<\/b><\/p>&#13;\n<p class=\"p3\">Dessa villkor regleras av finsk lag. Eventuella tvister ska i f\u00f6rsta hand l\u00f6sas genom f\u00f6rhandling. Om det inte \u00e4r m\u00f6jligt, avg\u00f6rs tvisten i en finsk domstol.<\/p>&#13;\n&#13;\n&#13;\n<hr\/>&#13;\n<p class=\"p5\"><b>8. Kontaktuppgifter<\/b><\/p>&#13;\n<p class=\"p3\">Om du har fr\u00e5gor om dessa anv\u00e4ndarvillkor, kontakta oss:<\/p>&#13;\n<p class=\"p6\"><b>Micus Ab Oy<\/b><\/p>&#13;\n<p class=\"p3\">V\u00e4stantr\u00e4skv\u00e4gen 170, 66910 Socklot, Finland<\/p>&#13;\n<p class=\"p3\">info@micus.fi<\/p>&#13;\n<p class=\"p3\">+358 50 5963432<\/p>&#13;\n[\/vc_column_text][\/vc_column][\/vc_row][\/vc_column_text][\/vc_column][\/vc_row][vc_row][vc_column][vc_column_text uncode_shortcode_id=&#8221;micus_tou&#8221;]&#13;\n&#13;\n<p class=\"p1\"><b>Anv\u00e4ndarvillkor f\u00f6r Micus.fi<\/b><\/p>&#13;\n<p class=\"p3\"><i>Senast uppdaterad: 19.05.2025<\/i><\/p>&#13;\n&#13;\n&#13;\n<hr\/>&#13;\n<p class=\"p3\">Genom att anv\u00e4nda webbplatsen <b>Micus.fi<\/b> (\u201dWebbplatsen\u201d) godk\u00e4nner du dessa anv\u00e4ndarvillkor mellan dig och <b>Micus Ab Oy<\/b> (\u201dvi\u201d, \u201doss\u201d, \u201dMicus\u201d). V\u00e4nligen l\u00e4s igenom villkoren noggrant innan du anv\u00e4nder tj\u00e4nsten.<\/p>&#13;\n&#13;\n&#13;\n<hr\/>&#13;\n<p class=\"p5\"><b>1. Tj\u00e4nstens inneh\u00e5ll<\/b><\/p>&#13;\n<p class=\"p3\">Micus.fi tillhandah\u00e5ller information om v\u00e5ra produkter och tj\u00e4nster. Inneh\u00e5llet \u00e4r endast av allm\u00e4n informationskarakt\u00e4r och kan \u00e4ndras utan f\u00f6reg\u00e5ende meddelande.<\/p>&#13;\n&#13;\n&#13;\n<hr\/>&#13;\n<p class=\"p5\"><b>2. Immateriella r\u00e4ttigheter<\/b><\/p>&#13;\n<p class=\"p3\">Allt inneh\u00e5ll p\u00e5 denna webbplats, inklusive text, bilder, logotyper och design, tillh\u00f6r Micus Ab Oy eller dess licensgivare och skyddas av upphovsr\u00e4ttslagar. Du f\u00e5r inte kopiera, distribuera eller anv\u00e4nda material utan skriftligt tillst\u00e5nd.<\/p>&#13;\n&#13;\n&#13;\n<hr\/>&#13;\n<p class=\"p5\"><b>3. Anv\u00e4ndning av webbplatsen<\/b><\/p>&#13;\n<p class=\"p3\">Du samtycker till att anv\u00e4nda webbplatsen endast i enlighet med g\u00e4llande lagar och dessa villkor. Du f\u00e5r inte:<\/p>&#13;\n&#13;\n<ul>&#13;\n \t<li>F\u00f6rs\u00f6ka f\u00e5 obeh\u00f6rig \u00e5tkomst till webbplatsens system eller data<\/li>&#13;\n \t<li>Anv\u00e4nda webbplatsen p\u00e5 ett s\u00e4tt som st\u00f6r andra anv\u00e4ndares upplevelse<\/li>&#13;\n \t<li>Sprida skadlig kod, virus eller annan teknik som kan skada webbplatsen eller dess anv\u00e4ndare<\/li>&#13;\n<\/ul>&#13;\n&#13;\n<hr\/>&#13;\n<p class=\"p5\"><b>4. Ansvarsbegr\u00e4nsning<\/b><\/p>&#13;\n<p class=\"p3\">Vi str\u00e4var efter att informationen p\u00e5 webbplatsen ska vara korrekt och uppdaterad, men vi l\u00e4mnar inga garantier f\u00f6r inneh\u00e5llets fullst\u00e4ndighet eller riktighet. Micus ansvarar inte f\u00f6r eventuella skador eller f\u00f6rluster som uppst\u00e5r till f\u00f6ljd av anv\u00e4ndning av webbplatsen.<\/p>&#13;\n&#13;\n&#13;\n<hr\/>&#13;\n<p class=\"p5\"><b>5. L\u00e4nkar till tredje part<\/b><\/p>&#13;\n<p class=\"p3\">Webbplatsen kan inneh\u00e5lla l\u00e4nkar till externa webbplatser. Vi ansvarar inte f\u00f6r inneh\u00e5llet eller dataskyddspolicyn p\u00e5 dessa sidor.<\/p>&#13;\n&#13;\n&#13;\n<hr\/>&#13;\n<p class=\"p5\"><b>6. \u00c4ndringar av villkoren<\/b><\/p>&#13;\n<p class=\"p3\">Vi kan uppdatera dessa anv\u00e4ndarvillkor vid behov. Den senaste versionen finns alltid publicerad p\u00e5 denna sida. Genom att forts\u00e4tta anv\u00e4nda webbplatsen efter \u00e4ndringar godk\u00e4nner du de uppdaterade villkoren.<\/p>&#13;\n&#13;\n&#13;\n<hr\/>&#13;\n<p class=\"p5\"><b>7. Till\u00e4mplig lag och tvistl\u00f6sning<\/b><\/p>&#13;\n<p class=\"p3\">Dessa villkor regleras av finsk lag. Eventuella tvister ska i f\u00f6rsta hand l\u00f6sas genom f\u00f6rhandling. Om det inte \u00e4r m\u00f6jligt, avg\u00f6rs tvisten i en finsk domstol.<\/p>&#13;\n&#13;\n&#13;\n<hr\/>&#13;\n<p class=\"p5\"><b>8. Kontaktuppgifter<\/b><\/p>&#13;\n<p class=\"p3\">Om du har fr\u00e5gor om dessa anv\u00e4ndarvillkor, kontakta oss:<\/p>&#13;\n<p class=\"p6\"><b>Micus Ab Oy<\/b><\/p>&#13;\n<p class=\"p3\">V\u00e4stantr\u00e4skv\u00e4gen 170, 66910 Socklot, Finland<\/p>&#13;\n<p class=\"p3\">info@micus.fi<\/p>&#13;\n<p class=\"p3\">+358 50 5963432<\/p>&#13;\n[\/vc_column_text][\/vc_column][\/vc_row]<\/div>","protected":false},"excerpt":{"rendered":"<p>Micus.fi:n k\u00e4ytt\u00f6ehdot Viimeksi p\u00e4ivitetty: 19.05.2025 K\u00e4ytt\u00e4m\u00e4ll\u00e4 verkkosivustoa Micus.fi (\u201cVerkkosivusto\u201d) hyv\u00e4ksyt n\u00e4m\u00e4 k\u00e4ytt\u00f6ehdot, jotka koskevat sinun ja Micus Ab Oy:n (\u201cme\u201d, [&hellip;]<\/p>\n","protected":false},"author":1,"featured_media":0,"parent":0,"menu_order":0,"comment_status":"closed","ping_status":"closed","template":"","meta":{"footnotes":""},"class_list":["post-156697","page","type-page","status-publish","hentry"],"yoast_head":"<!-- This site is optimized with the Yoast SEO plugin v27.1.1 - https:\/\/yoast.com\/product\/yoast-seo-wordpress\/ -->\n<title>K\u00e4ytt\u00f6ehdot - Pihla \u2013 Ikkunat ja Ovet | F\u00f6nster &amp; D\u00f6rrar<\/title>\n<meta name=\"robots\" content=\"index, follow, max-snippet:-1, max-image-preview:large, max-video-preview:-1\" \/>\n<link rel=\"canonical\" href=\"https:\/\/micus.fi\/fi\/kayttoehdot\/\" \/>\n<meta property=\"og:locale\" content=\"fi_FI\" \/>\n<meta property=\"og:type\" content=\"article\" \/>\n<meta property=\"og:title\" content=\"K\u00e4ytt\u00f6ehdot - Pihla \u2013 Ikkunat ja Ovet | F\u00f6nster &amp; D\u00f6rrar\" \/>\n<meta property=\"og:description\" content=\"Micus.fi:n k\u00e4ytt\u00f6ehdot Viimeksi p\u00e4ivitetty: 19.05.2025 K\u00e4ytt\u00e4m\u00e4ll\u00e4 verkkosivustoa Micus.fi (\u201cVerkkosivusto\u201d) hyv\u00e4ksyt n\u00e4m\u00e4 k\u00e4ytt\u00f6ehdot, jotka koskevat sinun ja Micus Ab Oy:n (\u201cme\u201d, [&hellip;]\" \/>\n<meta property=\"og:url\" content=\"https:\/\/micus.fi\/fi\/kayttoehdot\/\" \/>\n<meta property=\"og:site_name\" content=\"Pihla \u2013 Ikkunat ja Ovet | F\u00f6nster &amp; D\u00f6rrar\" \/>\n<meta property=\"article:modified_time\" content=\"2025-06-02T13:35:59+00:00\" \/>\n<meta name=\"twitter:card\" content=\"summary_large_image\" \/>\n<meta name=\"twitter:label1\" content=\"Arvioitu lukuaika\" \/>\n\t<meta name=\"twitter:data1\" content=\"7 minuuttia\" \/>\n<script type=\"application\/ld+json\" class=\"yoast-schema-graph\">{\"@context\":\"https:\/\/schema.org\",\"@graph\":[{\"@type\":\"WebPage\",\"@id\":\"https:\/\/micus.fi\/fi\/kayttoehdot\/\",\"url\":\"https:\/\/micus.fi\/fi\/kayttoehdot\/\",\"name\":\"K\u00e4ytt\u00f6ehdot - Pihla \u2013 Ikkunat ja Ovet | F\u00f6nster &amp; D\u00f6rrar\",\"isPartOf\":{\"@id\":\"https:\/\/micus.fi\/#website\"},\"datePublished\":\"2025-05-19T10:29:59+00:00\",\"dateModified\":\"2025-06-02T13:35:59+00:00\",\"breadcrumb\":{\"@id\":\"https:\/\/micus.fi\/fi\/kayttoehdot\/#breadcrumb\"},\"inLanguage\":\"fi\",\"potentialAction\":[{\"@type\":\"ReadAction\",\"target\":[\"https:\/\/micus.fi\/fi\/kayttoehdot\/\"]}]},{\"@type\":\"BreadcrumbList\",\"@id\":\"https:\/\/micus.fi\/fi\/kayttoehdot\/#breadcrumb\",\"itemListElement\":[{\"@type\":\"ListItem\",\"position\":1,\"name\":\"Home\",\"item\":\"https:\/\/micus.fi\/\"},{\"@type\":\"ListItem\",\"position\":2,\"name\":\"K\u00e4ytt\u00f6ehdot\"}]},{\"@type\":\"WebSite\",\"@id\":\"https:\/\/micus.fi\/#website\",\"url\":\"https:\/\/micus.fi\/\",\"name\":\"Pihla \u2013 Ikkunat ja Ovet | F\u00f6nster &amp; D\u00f6rrar\",\"description\":\"Laatua kotiisi \u2013 Kvalitet f\u00f6r ditt hem\",\"potentialAction\":[{\"@type\":\"SearchAction\",\"target\":{\"@type\":\"EntryPoint\",\"urlTemplate\":\"https:\/\/micus.fi\/?s={search_term_string}\"},\"query-input\":{\"@type\":\"PropertyValueSpecification\",\"valueRequired\":true,\"valueName\":\"search_term_string\"}}],\"inLanguage\":\"fi\"}]}<\/script>\n<!-- \/ Yoast SEO plugin. -->","yoast_head_json":{"title":"K\u00e4ytt\u00f6ehdot - Pihla \u2013 Ikkunat ja Ovet | F\u00f6nster &amp; D\u00f6rrar","robots":{"index":"index","follow":"follow","max-snippet":"max-snippet:-1","max-image-preview":"max-image-preview:large","max-video-preview":"max-video-preview:-1"},"canonical":"https:\/\/micus.fi\/fi\/kayttoehdot\/","og_locale":"fi_FI","og_type":"article","og_title":"K\u00e4ytt\u00f6ehdot - Pihla \u2013 Ikkunat ja Ovet | F\u00f6nster &amp; D\u00f6rrar","og_description":"Micus.fi:n k\u00e4ytt\u00f6ehdot Viimeksi p\u00e4ivitetty: 19.05.2025 K\u00e4ytt\u00e4m\u00e4ll\u00e4 verkkosivustoa Micus.fi (\u201cVerkkosivusto\u201d) hyv\u00e4ksyt n\u00e4m\u00e4 k\u00e4ytt\u00f6ehdot, jotka koskevat sinun ja Micus Ab Oy:n (\u201cme\u201d, [&hellip;]","og_url":"https:\/\/micus.fi\/fi\/kayttoehdot\/","og_site_name":"Pihla \u2013 Ikkunat ja Ovet | F\u00f6nster &amp; D\u00f6rrar","article_modified_time":"2025-06-02T13:35:59+00:00","twitter_card":"summary_large_image","twitter_misc":{"Arvioitu lukuaika":"7 minuuttia"},"schema":{"@context":"https:\/\/schema.org","@graph":[{"@type":"WebPage","@id":"https:\/\/micus.fi\/fi\/kayttoehdot\/","url":"https:\/\/micus.fi\/fi\/kayttoehdot\/","name":"K\u00e4ytt\u00f6ehdot - Pihla \u2013 Ikkunat ja Ovet | F\u00f6nster &amp; D\u00f6rrar","isPartOf":{"@id":"https:\/\/micus.fi\/#website"},"datePublished":"2025-05-19T10:29:59+00:00","dateModified":"2025-06-02T13:35:59+00:00","breadcrumb":{"@id":"https:\/\/micus.fi\/fi\/kayttoehdot\/#breadcrumb"},"inLanguage":"fi","potentialAction":[{"@type":"ReadAction","target":["https:\/\/micus.fi\/fi\/kayttoehdot\/"]}]},{"@type":"BreadcrumbList","@id":"https:\/\/micus.fi\/fi\/kayttoehdot\/#breadcrumb","itemListElement":[{"@type":"ListItem","position":1,"name":"Home","item":"https:\/\/micus.fi\/"},{"@type":"ListItem","position":2,"name":"K\u00e4ytt\u00f6ehdot"}]},{"@type":"WebSite","@id":"https:\/\/micus.fi\/#website","url":"https:\/\/micus.fi\/","name":"Pihla \u2013 Ikkunat ja Ovet | F\u00f6nster &amp; D\u00f6rrar","description":"Laatua kotiisi \u2013 Kvalitet f\u00f6r ditt hem","potentialAction":[{"@type":"SearchAction","target":{"@type":"EntryPoint","urlTemplate":"https:\/\/micus.fi\/?s={search_term_string}"},"query-input":{"@type":"PropertyValueSpecification","valueRequired":true,"valueName":"search_term_string"}}],"inLanguage":"fi"}]}},"_links":{"self":[{"href":"https:\/\/micus.fi\/fi\/wp-json\/wp\/v2\/pages\/156697","targetHints":{"allow":["GET"]}}],"collection":[{"href":"https:\/\/micus.fi\/fi\/wp-json\/wp\/v2\/pages"}],"about":[{"href":"https:\/\/micus.fi\/fi\/wp-json\/wp\/v2\/types\/page"}],"author":[{"embeddable":true,"href":"https:\/\/micus.fi\/fi\/wp-json\/wp\/v2\/users\/1"}],"replies":[{"embeddable":true,"href":"https:\/\/micus.fi\/fi\/wp-json\/wp\/v2\/comments?post=156697"}],"version-history":[{"count":2,"href":"https:\/\/micus.fi\/fi\/wp-json\/wp\/v2\/pages\/156697\/revisions"}],"predecessor-version":[{"id":156776,"href":"https:\/\/micus.fi\/fi\/wp-json\/wp\/v2\/pages\/156697\/revisions\/156776"}],"wp:attachment":[{"href":"https:\/\/micus.fi\/fi\/wp-json\/wp\/v2\/media?parent=156697"}],"curies":[{"name":"wp","href":"https:\/\/api.w.org\/{rel}","templated":true}]}}