{"id":156701,"date":"2025-05-21T10:38:05","date_gmt":"2025-05-21T10:38:05","guid":{"rendered":"https:\/\/micus.fi\/kotitalousvahennys\/"},"modified":"2025-06-03T07:19:54","modified_gmt":"2025-06-03T07:19:54","slug":"kotitalousvahennys","status":"publish","type":"page","link":"https:\/\/micus.fi\/fi\/kotitalousvahennys\/","title":{"rendered":"Kotitalousv\u00e4hennys"},"content":{"rendered":"<div class=\"wpb-content-wrapper\"><p>[vc_row row_height_percent=&#8221;55&#8243; override_padding=&#8221;yes&#8221; h_padding=&#8221;2&#8243; top_padding=&#8221;4&#8243; bottom_padding=&#8221;4&#8243; back_color=&#8221;color-wayh&#8221; back_image=&#8221;156002&#8243; back_position=&#8221;center center&#8221; overlay_color=&#8221;accent&#8221; overlay_alpha=&#8221;50&#8243; gutter_size=&#8221;3&#8243; column_width_percent=&#8221;100&#8243; shift_y=&#8221;0&#8243; z_index=&#8221;0&#8243; enable_bottom_divider=&#8221;default&#8221; bottom_divider=&#8221;gradient&#8221; shape_bottom_h_use_pixel=&#8221;true&#8221; shape_bottom_height_percent=&#8221;100&#8243; shape_bottom_color=&#8221;color-210407&#8243; shape_bottom_opacity=&#8221;50&#8243; shape_bottom_index=&#8221;0&#8243; content_parallax=&#8221;0&#8243; uncode_shortcode_id=&#8221;242145&#8243; back_color_type=&#8221;uncode-palette&#8221; overlay_color_type=&#8221;uncode-palette&#8221; shape_bottom_color_type=&#8221;uncode-palette&#8221;][vc_column column_width_percent=&#8221;100&#8243; position_vertical=&#8221;bottom&#8221; gutter_size=&#8221;3&#8243; style=&#8221;dark&#8221; overlay_alpha=&#8221;50&#8243; shift_x=&#8221;0&#8243; shift_y=&#8221;0&#8243; shift_y_down=&#8221;0&#8243; z_index=&#8221;0&#8243; medium_width=&#8221;0&#8243; mobile_width=&#8221;0&#8243; zoom_width=&#8221;0&#8243; zoom_height=&#8221;0&#8243; width=&#8221;1\/1&#8243; uncode_shortcode_id=&#8221;488640&#8243; mobile_height=&#8221;40vh&#8221;][vc_custom_heading heading_semantic=&#8221;h1&#8243; text_font=&#8221;font-846016&#8243; text_size=&#8221;fontsize-338686&#8243; text_height=&#8221;fontheight-179065&#8243; sub_reduced=&#8221;yes&#8221; text_uppercase=&#8221;&#8221; uncode_shortcode_id=&#8221;189825&#8243;]\u00c4l\u00e4 unohda kotitalousv\u00e4hennyst\u00e4<br \/>\n\u2013 se voi tulla kannattavaksi[\/vc_custom_heading][\/vc_column][\/vc_row][vc_row row_height_percent=&#8221;0&#8243; override_padding=&#8221;yes&#8221; h_padding=&#8221;2&#8243; top_padding=&#8221;7&#8243; bottom_padding=&#8221;7&#8243; back_color=&#8221;color-xsdn&#8221; overlay_alpha=&#8221;50&#8243; gutter_size=&#8221;3&#8243; column_width_percent=&#8221;100&#8243; shift_y=&#8221;0&#8243; z_index=&#8221;0&#8243;][vc_column width=&#8221;1\/1&#8243;][vc_custom_heading heading_semantic=&#8221;h1&#8243; text_size=&#8221;custom&#8221; text_weight=&#8221;700&#8243; uncode_shortcode_id=&#8221;845542&#8243; heading_custom_size=&#8221;clamp(45px,5vw,75px)&#8221;]\u00c4l\u00e4 unohda <span class=\"text-accent-color\">kotitalousv\u00e4hennyst\u00e4<\/span>[\/vc_custom_heading][vc_custom_heading text_color=&#8221;color-wvjs&#8221; text_size=&#8221;h4&#8243; text_weight=&#8221;300&#8243; text_height=&#8221;fontheight-357766&#8243; uncode_shortcode_id=&#8221;699577&#8243; text_color_type=&#8221;uncode-palette&#8221;]<strong>Hy\u00f6dynn\u00e4 veroetua \u2013 pienenn\u00e4 asennuskustannuksia<\/strong><\/p>\n<p>&nbsp;<\/p>\n<p>Ikkunoiden tai ovien vaihtaminen on merkitt\u00e4v\u00e4 investointi \u2013 tiesitk\u00f6, ett\u00e4 voit saada suuren osan ty\u00f6n kustannuksista takaisin verotuksessa? K\u00e4ytt\u00e4m\u00e4ll\u00e4 kotitalousv\u00e4hennyst\u00e4 voit s\u00e4\u00e4st\u00e4\u00e4 jopa 3 200 \u20ac per talous.<\/p>\n<p>&nbsp;<\/p>\n<p><strong>Mik\u00e4 on kotitalousv\u00e4hennys?<\/strong><br \/>\nKotitalousv\u00e4hennys on verov\u00e4hennys kodin ja vapaa-ajan asunnon korjaus-, kunnossapito- ja parannust\u00f6ist\u00e4. Se koskee l\u00e4hes kaikkia asennuspalveluita, kunhan ty\u00f6n suorittaa ennakkoperint\u00e4rekisteriss\u00e4 oleva yritys.<\/p>\n<p>&nbsp;<\/p>\n<p><strong>Kuinka paljon voit v\u00e4hent\u00e4\u00e4?<\/strong><br \/>\n&#8211; Saat takaisin 35 % ty\u00f6n osuudesta.<br \/>\n&#8211; Omavastuu on 100 \u20ac henkil\u00f6\u00e4 kohden.<br \/>\n&#8211; Maksimiv\u00e4hennys on 1 600 \u20ac per henkil\u00f6 tai 3 200 \u20ac per talous (esim. puolisot).<\/p>\n<p>&nbsp;<\/p>\n<p><strong>Mit\u00e4 t\u00f6it\u00e4 t\u00e4m\u00e4 koskee?<\/strong><br \/>\nVoit saada kotitalousv\u00e4hennyksen, kun palkkaat meid\u00e4t asentamaan:<br \/>\n\u2022 Ikkunoita<br \/>\n\u2022 Ovia<br \/>\n\u2022 Sivurakenteita, kuten kuisteja tai ovikatoksia<br \/>\n\u2022 Poistamaan ja h\u00e4vitt\u00e4m\u00e4\u00e4n vanhoja tuotteita<br \/>\n(V\u00e4hennys koskee vain ty\u00f6n osuutta, ei materiaaleja.)<\/p>\n<p>&nbsp;<\/p>\n<p><strong>N\u00e4in se toimii:<\/strong><br \/>\n1. Maksat asennuksen normaalisti.<br \/>\n2. Haet v\u00e4hennyksen itse Verohallinnon OmaVerossa.<br \/>\n3. V\u00e4hennyksen m\u00e4\u00e4r\u00e4 huomioidaan seuraavan vuoden verotuksessa.<\/p>\n<p>&nbsp;<\/p>\n<p>Haluatko tiet\u00e4\u00e4, kuinka paljon voisit s\u00e4\u00e4st\u00e4\u00e4? Ota meihin yhteytt\u00e4 \u2013 laskemme sen puolestasi.<\/p>\n<p>&nbsp;<\/p>\n<p>Lis\u00e4tietoa saat verohallinnon verkkosivuilta (linkki alla) tai kysy meilt\u00e4, niin autamme mielell\u00e4mme![\/vc_custom_heading][vc_button button_color=&#8221;accent&#8221; radius=&#8221;btn-circle&#8221; border_width=&#8221;0&#8243; link=&#8221;url:https%3A%2F%2Fwww.vero.fi%2Fhenkiloasiakkaat%2Fvahennykset%2Fkotitalousvahennys%2F|target:_blank|&#8221; button_color_type=&#8221;uncode-palette&#8221; uncode_shortcode_id=&#8221;856949&#8243;]Verohallinnon sivu[\/vc_button][\/vc_column][\/vc_row]<\/p>\n<\/div>","protected":false},"excerpt":{"rendered":"<p>[vc_row row_height_percent=&#8221;55&#8243; override_padding=&#8221;yes&#8221; h_padding=&#8221;2&#8243; top_padding=&#8221;4&#8243; bottom_padding=&#8221;4&#8243; back_color=&#8221;color-wayh&#8221; back_image=&#8221;156002&#8243; back_position=&#8221;center center&#8221; overlay_color=&#8221;accent&#8221; overlay_alpha=&#8221;50&#8243; gutter_size=&#8221;3&#8243; column_width_percent=&#8221;100&#8243; shift_y=&#8221;0&#8243; z_index=&#8221;0&#8243; enable_bottom_divider=&#8221;default&#8221; bottom_divider=&#8221;gradient&#8221; shape_bottom_h_use_pixel=&#8221;true&#8221; shape_bottom_height_percent=&#8221;100&#8243; [&hellip;]<\/p>\n","protected":false},"author":1,"featured_media":0,"parent":0,"menu_order":0,"comment_status":"closed","ping_status":"closed","template":"","meta":{"footnotes":""},"class_list":["post-156701","page","type-page","status-publish","hentry"],"yoast_head":"<!-- This site is optimized with the Yoast SEO plugin v27.1.1 - https:\/\/yoast.com\/product\/yoast-seo-wordpress\/ -->\n<title>Kotitalousv\u00e4hennys ikkuna- ja oviasennuksessa \u2013 S\u00e4\u00e4st\u00e4 jopa 3 200 \u20ac<\/title>\n<meta name=\"description\" content=\"Vaihda ikkunat tai ovet ja saa takaisin jopa 3 200 \u20ac kotitalousv\u00e4hennyksen avulla. Katso miten se toimii ja miten haet v\u00e4hennyst\u00e4 askel askeleelta!\" \/>\n<meta name=\"robots\" content=\"index, follow, max-snippet:-1, max-image-preview:large, max-video-preview:-1\" \/>\n<link rel=\"canonical\" href=\"https:\/\/micus.fi\/fi\/kotitalousvahennys\/\" \/>\n<meta property=\"og:locale\" content=\"fi_FI\" \/>\n<meta property=\"og:type\" content=\"article\" \/>\n<meta property=\"og:title\" content=\"Kotitalousv\u00e4hennys ikkuna- ja oviasennuksessa \u2013 S\u00e4\u00e4st\u00e4 jopa 3 200 \u20ac\" \/>\n<meta property=\"og:description\" content=\"Vaihda ikkunat tai ovet ja saa takaisin jopa 3 200 \u20ac kotitalousv\u00e4hennyksen avulla. Katso miten se toimii ja miten haet v\u00e4hennyst\u00e4 askel askeleelta!\" \/>\n<meta property=\"og:url\" content=\"https:\/\/micus.fi\/fi\/kotitalousvahennys\/\" \/>\n<meta property=\"og:site_name\" content=\"Pihla \u2013 Ikkunat ja Ovet | F\u00f6nster &amp; D\u00f6rrar\" \/>\n<meta property=\"article:modified_time\" content=\"2025-06-03T07:19:54+00:00\" \/>\n<meta name=\"twitter:card\" content=\"summary_large_image\" \/>\n<meta name=\"twitter:label1\" content=\"Arvioitu lukuaika\" \/>\n\t<meta name=\"twitter:data1\" content=\"2 minuuttia\" \/>\n<script type=\"application\/ld+json\" class=\"yoast-schema-graph\">{\"@context\":\"https:\/\/schema.org\",\"@graph\":[{\"@type\":\"WebPage\",\"@id\":\"https:\/\/micus.fi\/fi\/kotitalousvahennys\/\",\"url\":\"https:\/\/micus.fi\/fi\/kotitalousvahennys\/\",\"name\":\"Kotitalousv\u00e4hennys ikkuna- ja oviasennuksessa \u2013 S\u00e4\u00e4st\u00e4 jopa 3 200 \u20ac\",\"isPartOf\":{\"@id\":\"https:\/\/micus.fi\/#website\"},\"datePublished\":\"2025-05-21T10:38:05+00:00\",\"dateModified\":\"2025-06-03T07:19:54+00:00\",\"description\":\"Vaihda ikkunat tai ovet ja saa takaisin jopa 3 200 \u20ac kotitalousv\u00e4hennyksen avulla. Katso miten se toimii ja miten haet v\u00e4hennyst\u00e4 askel askeleelta!\",\"breadcrumb\":{\"@id\":\"https:\/\/micus.fi\/fi\/kotitalousvahennys\/#breadcrumb\"},\"inLanguage\":\"fi\",\"potentialAction\":[{\"@type\":\"ReadAction\",\"target\":[\"https:\/\/micus.fi\/fi\/kotitalousvahennys\/\"]}]},{\"@type\":\"BreadcrumbList\",\"@id\":\"https:\/\/micus.fi\/fi\/kotitalousvahennys\/#breadcrumb\",\"itemListElement\":[{\"@type\":\"ListItem\",\"position\":1,\"name\":\"Home\",\"item\":\"https:\/\/micus.fi\/\"},{\"@type\":\"ListItem\",\"position\":2,\"name\":\"Kotitalousv\u00e4hennys\"}]},{\"@type\":\"WebSite\",\"@id\":\"https:\/\/micus.fi\/#website\",\"url\":\"https:\/\/micus.fi\/\",\"name\":\"Pihla \u2013 Ikkunat ja Ovet | F\u00f6nster &amp; D\u00f6rrar\",\"description\":\"Laatua kotiisi \u2013 Kvalitet f\u00f6r ditt hem\",\"potentialAction\":[{\"@type\":\"SearchAction\",\"target\":{\"@type\":\"EntryPoint\",\"urlTemplate\":\"https:\/\/micus.fi\/?s={search_term_string}\"},\"query-input\":{\"@type\":\"PropertyValueSpecification\",\"valueRequired\":true,\"valueName\":\"search_term_string\"}}],\"inLanguage\":\"fi\"}]}<\/script>\n<!-- \/ Yoast SEO plugin. -->","yoast_head_json":{"title":"Kotitalousv\u00e4hennys ikkuna- ja oviasennuksessa \u2013 S\u00e4\u00e4st\u00e4 jopa 3 200 \u20ac","description":"Vaihda ikkunat tai ovet ja saa takaisin jopa 3 200 \u20ac kotitalousv\u00e4hennyksen avulla. Katso miten se toimii ja miten haet v\u00e4hennyst\u00e4 askel askeleelta!","robots":{"index":"index","follow":"follow","max-snippet":"max-snippet:-1","max-image-preview":"max-image-preview:large","max-video-preview":"max-video-preview:-1"},"canonical":"https:\/\/micus.fi\/fi\/kotitalousvahennys\/","og_locale":"fi_FI","og_type":"article","og_title":"Kotitalousv\u00e4hennys ikkuna- ja oviasennuksessa \u2013 S\u00e4\u00e4st\u00e4 jopa 3 200 \u20ac","og_description":"Vaihda ikkunat tai ovet ja saa takaisin jopa 3 200 \u20ac kotitalousv\u00e4hennyksen avulla. Katso miten se toimii ja miten haet v\u00e4hennyst\u00e4 askel askeleelta!","og_url":"https:\/\/micus.fi\/fi\/kotitalousvahennys\/","og_site_name":"Pihla \u2013 Ikkunat ja Ovet | F\u00f6nster &amp; D\u00f6rrar","article_modified_time":"2025-06-03T07:19:54+00:00","twitter_card":"summary_large_image","twitter_misc":{"Arvioitu lukuaika":"2 minuuttia"},"schema":{"@context":"https:\/\/schema.org","@graph":[{"@type":"WebPage","@id":"https:\/\/micus.fi\/fi\/kotitalousvahennys\/","url":"https:\/\/micus.fi\/fi\/kotitalousvahennys\/","name":"Kotitalousv\u00e4hennys ikkuna- ja oviasennuksessa \u2013 S\u00e4\u00e4st\u00e4 jopa 3 200 \u20ac","isPartOf":{"@id":"https:\/\/micus.fi\/#website"},"datePublished":"2025-05-21T10:38:05+00:00","dateModified":"2025-06-03T07:19:54+00:00","description":"Vaihda ikkunat tai ovet ja saa takaisin jopa 3 200 \u20ac kotitalousv\u00e4hennyksen avulla. Katso miten se toimii ja miten haet v\u00e4hennyst\u00e4 askel askeleelta!","breadcrumb":{"@id":"https:\/\/micus.fi\/fi\/kotitalousvahennys\/#breadcrumb"},"inLanguage":"fi","potentialAction":[{"@type":"ReadAction","target":["https:\/\/micus.fi\/fi\/kotitalousvahennys\/"]}]},{"@type":"BreadcrumbList","@id":"https:\/\/micus.fi\/fi\/kotitalousvahennys\/#breadcrumb","itemListElement":[{"@type":"ListItem","position":1,"name":"Home","item":"https:\/\/micus.fi\/"},{"@type":"ListItem","position":2,"name":"Kotitalousv\u00e4hennys"}]},{"@type":"WebSite","@id":"https:\/\/micus.fi\/#website","url":"https:\/\/micus.fi\/","name":"Pihla \u2013 Ikkunat ja Ovet | F\u00f6nster &amp; D\u00f6rrar","description":"Laatua kotiisi \u2013 Kvalitet f\u00f6r ditt hem","potentialAction":[{"@type":"SearchAction","target":{"@type":"EntryPoint","urlTemplate":"https:\/\/micus.fi\/?s={search_term_string}"},"query-input":{"@type":"PropertyValueSpecification","valueRequired":true,"valueName":"search_term_string"}}],"inLanguage":"fi"}]}},"_links":{"self":[{"href":"https:\/\/micus.fi\/fi\/wp-json\/wp\/v2\/pages\/156701","targetHints":{"allow":["GET"]}}],"collection":[{"href":"https:\/\/micus.fi\/fi\/wp-json\/wp\/v2\/pages"}],"about":[{"href":"https:\/\/micus.fi\/fi\/wp-json\/wp\/v2\/types\/page"}],"author":[{"embeddable":true,"href":"https:\/\/micus.fi\/fi\/wp-json\/wp\/v2\/users\/1"}],"replies":[{"embeddable":true,"href":"https:\/\/micus.fi\/fi\/wp-json\/wp\/v2\/comments?post=156701"}],"version-history":[{"count":7,"href":"https:\/\/micus.fi\/fi\/wp-json\/wp\/v2\/pages\/156701\/revisions"}],"predecessor-version":[{"id":156792,"href":"https:\/\/micus.fi\/fi\/wp-json\/wp\/v2\/pages\/156701\/revisions\/156792"}],"wp:attachment":[{"href":"https:\/\/micus.fi\/fi\/wp-json\/wp\/v2\/media?parent=156701"}],"curies":[{"name":"wp","href":"https:\/\/api.w.org\/{rel}","templated":true}]}}