{"id":156704,"date":"2025-05-19T07:30:48","date_gmt":"2025-05-19T07:30:48","guid":{"rendered":"https:\/\/micus.fi\/asennus\/"},"modified":"2025-06-03T07:13:14","modified_gmt":"2025-06-03T07:13:14","slug":"asennus","status":"publish","type":"page","link":"https:\/\/micus.fi\/fi\/asennus\/","title":{"rendered":"Asennus"},"content":{"rendered":"<div class=\"wpb-content-wrapper\"><p>[vc_row row_height_percent=&#8221;55&#8243; override_padding=&#8221;yes&#8221; h_padding=&#8221;2&#8243; top_padding=&#8221;4&#8243; bottom_padding=&#8221;4&#8243; back_color=&#8221;color-wayh&#8221; back_image=&#8221;156002&#8243; back_position=&#8221;center center&#8221; overlay_color=&#8221;accent&#8221; overlay_alpha=&#8221;50&#8243; gutter_size=&#8221;3&#8243; column_width_percent=&#8221;100&#8243; shift_y=&#8221;0&#8243; z_index=&#8221;0&#8243; enable_bottom_divider=&#8221;default&#8221; bottom_divider=&#8221;gradient&#8221; shape_bottom_h_use_pixel=&#8221;true&#8221; shape_bottom_height_percent=&#8221;100&#8243; shape_bottom_color=&#8221;color-210407&#8243; shape_bottom_opacity=&#8221;50&#8243; shape_bottom_index=&#8221;0&#8243; content_parallax=&#8221;0&#8243; uncode_shortcode_id=&#8221;242145&#8243; back_color_type=&#8221;uncode-palette&#8221; overlay_color_type=&#8221;uncode-palette&#8221; shape_bottom_color_type=&#8221;uncode-palette&#8221;][vc_column column_width_percent=&#8221;100&#8243; position_vertical=&#8221;bottom&#8221; gutter_size=&#8221;3&#8243; style=&#8221;dark&#8221; overlay_alpha=&#8221;50&#8243; shift_x=&#8221;0&#8243; shift_y=&#8221;0&#8243; shift_y_down=&#8221;0&#8243; z_index=&#8221;0&#8243; medium_width=&#8221;0&#8243; mobile_width=&#8221;0&#8243; zoom_width=&#8221;0&#8243; zoom_height=&#8221;0&#8243; width=&#8221;1\/1&#8243; uncode_shortcode_id=&#8221;488640&#8243; mobile_height=&#8221;40vh&#8221;][vc_custom_heading heading_semantic=&#8221;h1&#8243; text_font=&#8221;font-846016&#8243; text_size=&#8221;fontsize-338686&#8243; text_height=&#8221;fontheight-179065&#8243; sub_reduced=&#8221;yes&#8221; text_uppercase=&#8221;&#8221; uncode_shortcode_id=&#8221;720982&#8243;]Toimituksesta valmiiseen lopputulokseen<br \/>\n\u2013 me hoidamme asennuksen.[\/vc_custom_heading][\/vc_column][\/vc_row][vc_row unlock_row_content=&#8221;yes&#8221; row_height_percent=&#8221;0&#8243; override_padding=&#8221;yes&#8221; h_padding=&#8221;5&#8243; top_padding=&#8221;7&#8243; bottom_padding=&#8221;7&#8243; overlay_alpha=&#8221;50&#8243; gutter_size=&#8221;5&#8243; column_width_percent=&#8221;100&#8243; shift_y=&#8221;0&#8243; z_index=&#8221;0&#8243; top_divider=&#8221;gradient&#8221; bottom_divider=&#8221;gradient&#8221; inverted_device_order=&#8221;yes&#8221; content_parallax=&#8221;0&#8243; uncode_shortcode_id=&#8221;154890&#8243;][vc_column column_width_percent=&#8221;100&#8243; position_horizontal=&#8221;left&#8221; position_vertical=&#8221;middle&#8221; gutter_size=&#8221;3&#8243; overlay_alpha=&#8221;50&#8243; shift_x=&#8221;0&#8243; shift_y=&#8221;0&#8243; shift_y_down=&#8221;0&#8243; z_index=&#8221;0&#8243; medium_width=&#8221;0&#8243; mobile_width=&#8221;0&#8243; css_animation=&#8221;alpha-anim&#8221; animation_speed=&#8221;1000&#8243; width=&#8221;1\/2&#8243; uncode_shortcode_id=&#8221;181862&#8243;][vc_custom_heading heading_semantic=&#8221;h3&#8243; text_size=&#8221;fontsize-155944&#8243; text_weight=&#8221;700&#8243; uncode_shortcode_id=&#8221;567425&#8243;]Turvallinen ja sujuva Pihla-ikkunoiden ja -ovien asennus Pohjanmaalla.[\/vc_custom_heading][vc_custom_heading heading_semantic=&#8221;h4&#8243; text_size=&#8221;custom&#8221; text_weight=&#8221;400&#8243; text_height=&#8221;fontheight-357766&#8243; uncode_shortcode_id=&#8221;152002&#8243; heading_custom_size=&#8221;clamp(1.125rem, 0.5625rem + 0.9375vw, 1.5rem)&#8221; text_color_type=&#8221;uncode-solid&#8221; text_color_solid=&#8221;#5b616b&#8221;]Sertifioidut asentajamme ovat erikoistuneet ikkunoiden ja ovien asennuksiin \u2013 ja takaavat aina siistin, turvallisen ja ammattimaisen lopputuloksen. Tarjoamme avaimet k\u00e4teen -ratkaisun purkut\u00f6ist\u00e4 valmiiseen asennukseen.<\/p>\n<p>&nbsp;<\/p>\n<p>Tarvitsetko muutoksia ikkuna- tai oviaukkoihin? Ei ongelmaa \u2013 hoidamme senkin.<br \/>\nAsennamme ymp\u00e4ri vuoden, my\u00f6s talvella, ja vaihdamme ikkunat yksi kerrallaan l\u00e4mm\u00f6nhukan minimoimiseksi. Halutessasi huolehdimme my\u00f6s vanhojen ovien tai ikkunoiden poisviennist\u00e4 ja kierr\u00e4tyksest\u00e4.[\/vc_custom_heading][vc_empty_space empty_h=&#8221;2&#8243; medium_visibility=&#8221;yes&#8221; mobile_visibility=&#8221;yes&#8221;][vc_button button_color=&#8221;accent&#8221; size=&#8221;link&#8221; btn_link_size=&#8221;h4&#8243; btn_link_underline=&#8221;btn-underline-out&#8221; custom_typo=&#8221;yes&#8221; font_family=&#8221;font-377884&#8243; font_weight=&#8221;500&#8243; scale_mobile=&#8221;no&#8221; link=&#8221;url:https%3A%2F%2Fmicus.fi%2Ffi%2Fkotitalousvahennys%2F|&#8221; uncode_shortcode_id=&#8221;164498&#8243; button_color_type=&#8221;uncode-palette&#8221;]Muista, ett\u00e4 voit saada kotitalousv\u00e4hennyst\u00e4 ty\u00f6n osuudesta.[\/vc_button][\/vc_column][vc_column column_width_percent=&#8221;100&#8243; position_horizontal=&#8221;left&#8221; gutter_size=&#8221;3&#8243; overlay_alpha=&#8221;50&#8243; shift_x=&#8221;0&#8243; shift_y=&#8221;0&#8243; shift_y_down=&#8221;0&#8243; z_index=&#8221;0&#8243; medium_width=&#8221;0&#8243; mobile_width=&#8221;0&#8243; css_animation=&#8221;alpha-anim&#8221; animation_speed=&#8221;1000&#8243; width=&#8221;1\/2&#8243; uncode_shortcode_id=&#8221;126966&#8243;][vc_single_image media=&#8221;156152&#8243; media_width_percent=&#8221;100&#8243; media_ratio=&#8221;one-one&#8221; advanced=&#8221;yes&#8221; media_overlay_opacity=&#8221;50&#8243; media_overlay_anim=&#8221;no&#8221; media_text_anim=&#8221;no&#8221; media_image_anim=&#8221;scroll&#8221; media_image_scroll_val=&#8221;2&#8243; media_padding=&#8221;2&#8243; css_animation=&#8221;parallax&#8221; parallax_intensity=&#8221;2&#8243; uncode_shortcode_id=&#8221;180672&#8243;][\/vc_column][\/vc_row][vc_row row_height_percent=&#8221;0&#8243; override_padding=&#8221;yes&#8221; h_padding=&#8221;2&#8243; top_padding=&#8221;6&#8243; bottom_padding=&#8221;6&#8243; back_color=&#8221;color-nhtu&#8221; overlay_alpha=&#8221;50&#8243; gutter_size=&#8221;3&#8243; column_width_percent=&#8221;100&#8243; shift_y=&#8221;0&#8243; z_index=&#8221;1&#8243; content_parallax=&#8221;0&#8243; row_name=&#8221;About Me&#8221; uncode_shortcode_id=&#8221;195133&#8243; back_color_type=&#8221;uncode-palette&#8221;][vc_column column_width_percent=&#8221;100&#8243; position_vertical=&#8221;middle&#8221; gutter_size=&#8221;4&#8243; style=&#8221;dark&#8221; overlay_alpha=&#8221;50&#8243; shift_x=&#8221;0&#8243; shift_y=&#8221;0&#8243; shift_y_down=&#8221;0&#8243; z_index=&#8221;0&#8243; medium_width=&#8221;0&#8243; mobile_width=&#8221;0&#8243; css_animation=&#8221;alpha-anim&#8221; animation_speed=&#8221;1000&#8243; width=&#8221;1\/1&#8243; uncode_shortcode_id=&#8221;209936&#8243;][vc_row_inner row_inner_height_percent=&#8221;0&#8243; overlay_alpha=&#8221;50&#8243; gutter_size=&#8221;4&#8243; shift_y=&#8221;0&#8243; z_index=&#8221;0&#8243; limit_content=&#8221;&#8221;][vc_column_inner column_width_percent=&#8221;100&#8243; position_vertical=&#8221;bottom&#8221; gutter_size=&#8221;3&#8243; style=&#8221;dark&#8221; overlay_alpha=&#8221;50&#8243; shift_x=&#8221;0&#8243; shift_y=&#8221;0&#8243; shift_y_down=&#8221;0&#8243; z_index=&#8221;0&#8243; medium_width=&#8221;0&#8243; align_mobile=&#8221;align_center_mobile&#8221; mobile_width=&#8221;0&#8243; width=&#8221;1\/2&#8243; uncode_shortcode_id=&#8221;103451&#8243;][vc_custom_heading heading_semantic=&#8221;h3&#8243; text_font=&#8221;font-161747&#8243; text_size=&#8221;fontsize-210105&#8243; text_weight=&#8221;700&#8243; text_space=&#8221;fontspace-781688&#8243; uncode_shortcode_id=&#8221;706051&#8243;]Ikkunoiden ja<br \/>\novien asennus<br \/>\nPohjanmaalla[\/vc_custom_heading][\/vc_column_inner][vc_column_inner column_width_percent=&#8221;100&#8243; position_horizontal=&#8221;left&#8221; position_vertical=&#8221;bottom&#8221; gutter_size=&#8221;4&#8243; style=&#8221;dark&#8221; overlay_alpha=&#8221;50&#8243; shift_x=&#8221;0&#8243; shift_y=&#8221;0&#8243; shift_y_down=&#8221;0&#8243; z_index=&#8221;0&#8243; medium_width=&#8221;0&#8243; align_mobile=&#8221;align_center_mobile&#8221; mobile_width=&#8221;0&#8243; width=&#8221;1\/2&#8243; uncode_shortcode_id=&#8221;192897&#8243;][vc_custom_heading heading_semantic=&#8221;h3&#8243; text_font=&#8221;font-161747&#8243; text_size=&#8221;custom&#8221; text_weight=&#8221;400&#8243; text_height=&#8221;fontheight-357766&#8243; text_space=&#8221;fontspace-781688&#8243; uncode_shortcode_id=&#8221;967007&#8243; heading_custom_size=&#8221;clamp(18px,3vw,29px)&#8221;]Asennamme tarkasti, kunnioittavasti ja selke\u00e4ll\u00e4 tavoitteella \u2013 haluamme, ett\u00e4 tunnet olosi turvalliseksi ja olet tyytyv\u00e4inen lopputulokseen.<\/p>\n<p>&nbsp;<\/p>\n<p>Ty\u00f6tapamme perustuu seuraaviin periaatteisiin:[\/vc_custom_heading][\/vc_column_inner][\/vc_row_inner][vc_separator sep_color=&#8221;,Default&#8221;][vc_row_inner row_inner_height_percent=&#8221;0&#8243; overlay_alpha=&#8221;50&#8243; gutter_size=&#8221;4&#8243; shift_y=&#8221;0&#8243; z_index=&#8221;0&#8243; limit_content=&#8221;&#8221; uncode_shortcode_id=&#8221;113687&#8243;][vc_column_inner column_width_percent=&#8221;100&#8243; gutter_size=&#8221;2&#8243; style=&#8221;dark&#8221; overlay_alpha=&#8221;50&#8243; shift_x=&#8221;0&#8243; shift_y=&#8221;0&#8243; shift_y_down=&#8221;0&#8243; z_index=&#8221;0&#8243; medium_width=&#8221;4&#8243; mobile_width=&#8221;4&#8243; width=&#8221;1\/4&#8243; uncode_shortcode_id=&#8221;101441&#8243;][vc_custom_heading text_color=&#8221;accent&#8221; heading_semantic=&#8221;h3&#8243; text_font=&#8221;font-161747&#8243; text_size=&#8221;h3&#8243; text_weight=&#8221;700&#8243; text_space=&#8221;fontspace-781688&#8243; uncode_shortcode_id=&#8221;162058&#8243; text_color_type=&#8221;uncode-palette&#8221;]01. Laatu jokaisessa vaiheessa[\/vc_custom_heading][vc_column_text text_lead=&#8221;yes&#8221; uncode_shortcode_id=&#8221;558993&#8243;]Tarkka mittaus, luotettavat tuotteet ja sertifioidut asentajat takaavat kest\u00e4v\u00e4n lopputuloksen.[\/vc_column_text][\/vc_column_inner][vc_column_inner column_width_percent=&#8221;100&#8243; gutter_size=&#8221;2&#8243; style=&#8221;dark&#8221; overlay_alpha=&#8221;50&#8243; shift_x=&#8221;0&#8243; shift_y=&#8221;0&#8243; shift_y_down=&#8221;0&#8243; z_index=&#8221;0&#8243; medium_width=&#8221;4&#8243; mobile_width=&#8221;4&#8243; width=&#8221;1\/4&#8243; uncode_shortcode_id=&#8221;296472&#8243;][vc_custom_heading text_color=&#8221;accent&#8221; heading_semantic=&#8221;h3&#8243; text_font=&#8221;font-161747&#8243; text_size=&#8221;h3&#8243; text_weight=&#8221;700&#8243; text_space=&#8221;fontspace-781688&#8243; uncode_shortcode_id=&#8221;383154&#8243; text_color_type=&#8221;uncode-palette&#8221;]02. Turvallisuus alusta loppuun[\/vc_custom_heading][vc_column_text text_lead=&#8221;yes&#8221; uncode_shortcode_id=&#8221;161448&#8243;]Olemme mukanasi koko matkan \u2013 ensimm\u00e4isest\u00e4 yhteydenotosta valmiiseen asennukseen \u2013 ilman stressi\u00e4 tai yll\u00e4tyksi\u00e4.[\/vc_column_text][\/vc_column_inner][vc_column_inner column_width_percent=&#8221;100&#8243; gutter_size=&#8221;2&#8243; style=&#8221;dark&#8221; overlay_alpha=&#8221;50&#8243; shift_x=&#8221;0&#8243; shift_y=&#8221;0&#8243; shift_y_down=&#8221;0&#8243; z_index=&#8221;0&#8243; medium_width=&#8221;4&#8243; mobile_width=&#8221;4&#8243; width=&#8221;1\/4&#8243; uncode_shortcode_id=&#8221;142690&#8243;][vc_custom_heading text_color=&#8221;accent&#8221; heading_semantic=&#8221;h3&#8243; text_font=&#8221;font-161747&#8243; text_size=&#8221;h3&#8243; text_weight=&#8221;700&#8243; text_space=&#8221;fontspace-781688&#8243; uncode_shortcode_id=&#8221;116668&#8243; text_color_type=&#8221;uncode-palette&#8221;]03. Joustavuus ja kunnioitus[\/vc_custom_heading][vc_column_text text_lead=&#8221;yes&#8221; uncode_shortcode_id=&#8221;144136&#8243;]Sovitamme ty\u00f6mme arkeesi ja kohtelemme sinua huolella ja kunnioituksella.[\/vc_column_text][\/vc_column_inner][vc_column_inner column_width_percent=&#8221;100&#8243; gutter_size=&#8221;2&#8243; style=&#8221;dark&#8221; overlay_alpha=&#8221;50&#8243; shift_x=&#8221;0&#8243; shift_y=&#8221;0&#8243; shift_y_down=&#8221;0&#8243; z_index=&#8221;0&#8243; medium_width=&#8221;4&#8243; mobile_width=&#8221;4&#8243; width=&#8221;1\/4&#8243; uncode_shortcode_id=&#8221;149674&#8243;][vc_custom_heading text_color=&#8221;accent&#8221; heading_semantic=&#8221;h3&#8243; text_font=&#8221;font-161747&#8243; text_size=&#8221;h3&#8243; text_weight=&#8221;700&#8243; text_space=&#8221;fontspace-781688&#8243; uncode_shortcode_id=&#8221;316846&#8243; text_color_type=&#8221;uncode-palette&#8221;]04. Kokonaisvastuu[\/vc_custom_heading][vc_column_text text_lead=&#8221;yes&#8221; uncode_shortcode_id=&#8221;914415&#8243;]Vastaamme kaikesta \u2013 suunnittelusta vanhojen ikkunoiden ja ovien purkuun sek\u00e4 poisvientiin asti.[\/vc_column_text][\/vc_column_inner][\/vc_row_inner][\/vc_column][\/vc_row][vc_section back_color=&#8221;accent&#8221; overlay_alpha=&#8221;50&#8243; content_parallax=&#8221;0&#8243; uncode_shortcode_id=&#8221;195289&#8243; back_color_type=&#8221;uncode-palette&#8221;][vc_row row_height_percent=&#8221;0&#8243; override_padding=&#8221;yes&#8221; h_padding=&#8221;2&#8243; top_padding=&#8221;6&#8243; bottom_padding=&#8221;6&#8243; overlay_alpha=&#8221;50&#8243; gutter_size=&#8221;3&#8243; column_width_percent=&#8221;100&#8243; shift_y=&#8221;0&#8243; z_index=&#8221;2&#8243; content_parallax=&#8221;3&#8243; uncode_shortcode_id=&#8221;120616&#8243;][vc_column column_width_percent=&#8221;100&#8243; position_vertical=&#8221;middle&#8221; align_horizontal=&#8221;align_center&#8221; gutter_size=&#8221;4&#8243; style=&#8221;dark&#8221; font_family=&#8221;font-161747&#8243; overlay_alpha=&#8221;50&#8243; shift_x=&#8221;0&#8243; shift_y=&#8221;0&#8243; shift_y_down=&#8221;0&#8243; z_index=&#8221;0&#8243; medium_width=&#8221;0&#8243; mobile_width=&#8221;0&#8243; css_animation=&#8221;alpha-anim&#8221; animation_speed=&#8221;1000&#8243; width=&#8221;1\/1&#8243; uncode_shortcode_id=&#8221;166338&#8243;][vc_row_inner limit_content=&#8221;&#8221;][vc_column_inner column_width_use_pixel=&#8221;yes&#8221; align_horizontal=&#8221;align_center&#8221; gutter_size=&#8221;3&#8243; style=&#8221;dark&#8221; overlay_alpha=&#8221;50&#8243; shift_x=&#8221;0&#8243; shift_y=&#8221;0&#8243; shift_y_down=&#8221;0&#8243; z_index=&#8221;0&#8243; medium_width=&#8221;0&#8243; align_mobile=&#8221;align_center_mobile&#8221; mobile_width=&#8221;0&#8243; width=&#8221;1\/1&#8243; uncode_shortcode_id=&#8221;168999&#8243; column_width_pixel=&#8221;740&#8243;][vc_custom_heading heading_semantic=&#8221;h3&#8243; text_font=&#8221;font-161747&#8243; text_size=&#8221;fontsize-338686&#8243; text_weight=&#8221;700&#8243; text_space=&#8221;fontspace-781688&#8243; uncode_shortcode_id=&#8221;229366&#8243;]Miten voimme auttaa sinua?[\/vc_custom_heading][vc_empty_space empty_h=&#8221;1&#8243;][vc_button button_color=&#8221;color-rgdb&#8221; size=&#8221;btn-lg&#8221; radius=&#8221;btn-circle&#8221; hover_fx=&#8221;outlined&#8221; custom_typo=&#8221;yes&#8221; font_family=&#8221;font-161747&#8243; font_weight=&#8221;600&#8243; letter_spacing=&#8221;fontspace-111509&#8243; border_width=&#8221;0&#8243; scale_mobile=&#8221;no&#8221; custom_cursor=&#8221;yes&#8221; uncode_shortcode_id=&#8221;161067&#8243; button_color_type=&#8221;uncode-palette&#8221; link=&#8221;url:https%3A%2F%2Fmicus.fi%2Ffi%2Fpyyda-tarjous%2F&#8221;]Varaa maksuton kotik\u00e4ynti[\/vc_button][\/vc_column_inner][\/vc_row_inner][\/vc_column][\/vc_row][\/vc_section][vc_row row_height_percent=&#8221;0&#8243; overlay_alpha=&#8221;50&#8243; gutter_size=&#8221;3&#8243; column_width_percent=&#8221;100&#8243; shift_y=&#8221;0&#8243; z_index=&#8221;0&#8243; el_class=&#8221;inverted-device-order .service-sidebar&#8221;][vc_column width=&#8221;1\/3&#8243;][\/vc_column][vc_column width=&#8221;1\/3&#8243;][vc_custom_heading heading_semantic=&#8221;p&#8221; text_size=&#8221;&#8221; text_weight=&#8221;800&#8243; uncode_shortcode_id=&#8221;964145&#8243;]Kysytt\u00e4v\u00e4\u00e4 ikkunoiden tai ovien asennuksesta? Ota yhteytt\u00e4 suoraan minuun.[\/vc_custom_heading][vc_single_image media=&#8221;156114&#8243; media_width_percent=&#8221;70&#8243; uncode_shortcode_id=&#8221;115194&#8243;][vc_custom_heading heading_semantic=&#8221;p&#8221; text_size=&#8221;&#8221; text_weight=&#8221;800&#8243; uncode_shortcode_id=&#8221;775087&#8243; text_color_type=&#8221;uncode-palette&#8221; text_color_solid=&#8221;#ff0000&#8243; subheading=&#8221;Nimeni on Marcus Granberg ja autan sinua mielell\u00e4ni neuvojen ja tarjousten kanssa tai jos haluat vain keskustella ideoista ikkuna- tai ovihankkeeseesi Pohjanmaalla.<\/p>\n<p>marcus.granberg@pihla.fi<br \/>\n+358 50 596 3432<\/p>\n<p>Marcus Granberg, toimitusjohtaja &#8211; Micus Ab Oy&#8221;][\/vc_custom_heading][vc_button button_color=&#8221;accent&#8221; radius=&#8221;btn-circle&#8221; border_width=&#8221;0&#8243; link=&#8221;url:https%3A%2F%2Fmicus.fi%2Ffi%2Fpyyda-tarjous%2F|&#8221; uncode_shortcode_id=&#8221;607129&#8243; button_color_type=&#8221;uncode-palette&#8221;]Ota yhteytt\u00e4[\/vc_button][\/vc_column][vc_column width=&#8221;1\/3&#8243;][\/vc_column][\/vc_row]<\/p>\n<\/div>","protected":false},"excerpt":{"rendered":"<p>[vc_row row_height_percent=&#8221;55&#8243; override_padding=&#8221;yes&#8221; h_padding=&#8221;2&#8243; top_padding=&#8221;4&#8243; bottom_padding=&#8221;4&#8243; back_color=&#8221;color-wayh&#8221; back_image=&#8221;156002&#8243; back_position=&#8221;center center&#8221; overlay_color=&#8221;accent&#8221; overlay_alpha=&#8221;50&#8243; gutter_size=&#8221;3&#8243; column_width_percent=&#8221;100&#8243; shift_y=&#8221;0&#8243; z_index=&#8221;0&#8243; enable_bottom_divider=&#8221;default&#8221; bottom_divider=&#8221;gradient&#8221; shape_bottom_h_use_pixel=&#8221;true&#8221; shape_bottom_height_percent=&#8221;100&#8243; [&hellip;]<\/p>\n","protected":false},"author":1,"featured_media":0,"parent":0,"menu_order":0,"comment_status":"closed","ping_status":"closed","template":"","meta":{"footnotes":""},"class_list":["post-156704","page","type-page","status-publish","hentry"],"yoast_head":"<!-- This site is optimized with the Yoast SEO plugin v27.1.1 - https:\/\/yoast.com\/product\/yoast-seo-wordpress\/ -->\n<title>Turvallinen Pihla-ikkunoiden ja -ovien asennus \u2013 Pohjanmaa<\/title>\n<meta name=\"description\" content=\"Pihla-ikkunoiden ja -ovien asennus Pohjanmaalla \u2013 turvallisesti, tyylikk\u00e4\u00e4sti ja ammattitaidolla. Tarjoamme avaimet k\u00e4teen -ratkaisut ensikontaktista valmiiseen asennukseen.\" \/>\n<meta name=\"robots\" content=\"index, follow, max-snippet:-1, max-image-preview:large, max-video-preview:-1\" \/>\n<link rel=\"canonical\" href=\"https:\/\/micus.fi\/fi\/asennus\/\" \/>\n<meta property=\"og:locale\" content=\"fi_FI\" \/>\n<meta property=\"og:type\" content=\"article\" \/>\n<meta property=\"og:title\" content=\"Turvallinen Pihla-ikkunoiden ja -ovien asennus \u2013 Pohjanmaa\" \/>\n<meta property=\"og:description\" content=\"Pihla-ikkunoiden ja -ovien asennus Pohjanmaalla \u2013 turvallisesti, tyylikk\u00e4\u00e4sti ja ammattitaidolla. Tarjoamme avaimet k\u00e4teen -ratkaisut ensikontaktista valmiiseen asennukseen.\" \/>\n<meta property=\"og:url\" content=\"https:\/\/micus.fi\/fi\/asennus\/\" \/>\n<meta property=\"og:site_name\" content=\"Pihla \u2013 Ikkunat ja Ovet | F\u00f6nster &amp; D\u00f6rrar\" \/>\n<meta property=\"article:modified_time\" content=\"2025-06-03T07:13:14+00:00\" \/>\n<meta name=\"twitter:card\" content=\"summary_large_image\" \/>\n<meta name=\"twitter:label1\" content=\"Arvioitu lukuaika\" \/>\n\t<meta name=\"twitter:data1\" content=\"3 minuuttia\" \/>\n<script type=\"application\/ld+json\" class=\"yoast-schema-graph\">{\"@context\":\"https:\/\/schema.org\",\"@graph\":[{\"@type\":\"WebPage\",\"@id\":\"https:\/\/micus.fi\/fi\/asennus\/\",\"url\":\"https:\/\/micus.fi\/fi\/asennus\/\",\"name\":\"Turvallinen Pihla-ikkunoiden ja -ovien asennus \u2013 Pohjanmaa\",\"isPartOf\":{\"@id\":\"https:\/\/micus.fi\/#website\"},\"datePublished\":\"2025-05-19T07:30:48+00:00\",\"dateModified\":\"2025-06-03T07:13:14+00:00\",\"description\":\"Pihla-ikkunoiden ja -ovien asennus Pohjanmaalla \u2013 turvallisesti, tyylikk\u00e4\u00e4sti ja ammattitaidolla. Tarjoamme avaimet k\u00e4teen -ratkaisut ensikontaktista valmiiseen asennukseen.\",\"breadcrumb\":{\"@id\":\"https:\/\/micus.fi\/fi\/asennus\/#breadcrumb\"},\"inLanguage\":\"fi\",\"potentialAction\":[{\"@type\":\"ReadAction\",\"target\":[\"https:\/\/micus.fi\/fi\/asennus\/\"]}]},{\"@type\":\"BreadcrumbList\",\"@id\":\"https:\/\/micus.fi\/fi\/asennus\/#breadcrumb\",\"itemListElement\":[{\"@type\":\"ListItem\",\"position\":1,\"name\":\"Home\",\"item\":\"https:\/\/micus.fi\/\"},{\"@type\":\"ListItem\",\"position\":2,\"name\":\"Asennus\"}]},{\"@type\":\"WebSite\",\"@id\":\"https:\/\/micus.fi\/#website\",\"url\":\"https:\/\/micus.fi\/\",\"name\":\"Pihla \u2013 Ikkunat ja Ovet | F\u00f6nster &amp; D\u00f6rrar\",\"description\":\"Laatua kotiisi \u2013 Kvalitet f\u00f6r ditt hem\",\"potentialAction\":[{\"@type\":\"SearchAction\",\"target\":{\"@type\":\"EntryPoint\",\"urlTemplate\":\"https:\/\/micus.fi\/?s={search_term_string}\"},\"query-input\":{\"@type\":\"PropertyValueSpecification\",\"valueRequired\":true,\"valueName\":\"search_term_string\"}}],\"inLanguage\":\"fi\"}]}<\/script>\n<!-- \/ Yoast SEO plugin. -->","yoast_head_json":{"title":"Turvallinen Pihla-ikkunoiden ja -ovien asennus \u2013 Pohjanmaa","description":"Pihla-ikkunoiden ja -ovien asennus Pohjanmaalla \u2013 turvallisesti, tyylikk\u00e4\u00e4sti ja ammattitaidolla. Tarjoamme avaimet k\u00e4teen -ratkaisut ensikontaktista valmiiseen asennukseen.","robots":{"index":"index","follow":"follow","max-snippet":"max-snippet:-1","max-image-preview":"max-image-preview:large","max-video-preview":"max-video-preview:-1"},"canonical":"https:\/\/micus.fi\/fi\/asennus\/","og_locale":"fi_FI","og_type":"article","og_title":"Turvallinen Pihla-ikkunoiden ja -ovien asennus \u2013 Pohjanmaa","og_description":"Pihla-ikkunoiden ja -ovien asennus Pohjanmaalla \u2013 turvallisesti, tyylikk\u00e4\u00e4sti ja ammattitaidolla. Tarjoamme avaimet k\u00e4teen -ratkaisut ensikontaktista valmiiseen asennukseen.","og_url":"https:\/\/micus.fi\/fi\/asennus\/","og_site_name":"Pihla \u2013 Ikkunat ja Ovet | F\u00f6nster &amp; D\u00f6rrar","article_modified_time":"2025-06-03T07:13:14+00:00","twitter_card":"summary_large_image","twitter_misc":{"Arvioitu lukuaika":"3 minuuttia"},"schema":{"@context":"https:\/\/schema.org","@graph":[{"@type":"WebPage","@id":"https:\/\/micus.fi\/fi\/asennus\/","url":"https:\/\/micus.fi\/fi\/asennus\/","name":"Turvallinen Pihla-ikkunoiden ja -ovien asennus \u2013 Pohjanmaa","isPartOf":{"@id":"https:\/\/micus.fi\/#website"},"datePublished":"2025-05-19T07:30:48+00:00","dateModified":"2025-06-03T07:13:14+00:00","description":"Pihla-ikkunoiden ja -ovien asennus Pohjanmaalla \u2013 turvallisesti, tyylikk\u00e4\u00e4sti ja ammattitaidolla. Tarjoamme avaimet k\u00e4teen -ratkaisut ensikontaktista valmiiseen asennukseen.","breadcrumb":{"@id":"https:\/\/micus.fi\/fi\/asennus\/#breadcrumb"},"inLanguage":"fi","potentialAction":[{"@type":"ReadAction","target":["https:\/\/micus.fi\/fi\/asennus\/"]}]},{"@type":"BreadcrumbList","@id":"https:\/\/micus.fi\/fi\/asennus\/#breadcrumb","itemListElement":[{"@type":"ListItem","position":1,"name":"Home","item":"https:\/\/micus.fi\/"},{"@type":"ListItem","position":2,"name":"Asennus"}]},{"@type":"WebSite","@id":"https:\/\/micus.fi\/#website","url":"https:\/\/micus.fi\/","name":"Pihla \u2013 Ikkunat ja Ovet | F\u00f6nster &amp; D\u00f6rrar","description":"Laatua kotiisi \u2013 Kvalitet f\u00f6r ditt hem","potentialAction":[{"@type":"SearchAction","target":{"@type":"EntryPoint","urlTemplate":"https:\/\/micus.fi\/?s={search_term_string}"},"query-input":{"@type":"PropertyValueSpecification","valueRequired":true,"valueName":"search_term_string"}}],"inLanguage":"fi"}]}},"_links":{"self":[{"href":"https:\/\/micus.fi\/fi\/wp-json\/wp\/v2\/pages\/156704","targetHints":{"allow":["GET"]}}],"collection":[{"href":"https:\/\/micus.fi\/fi\/wp-json\/wp\/v2\/pages"}],"about":[{"href":"https:\/\/micus.fi\/fi\/wp-json\/wp\/v2\/types\/page"}],"author":[{"embeddable":true,"href":"https:\/\/micus.fi\/fi\/wp-json\/wp\/v2\/users\/1"}],"replies":[{"embeddable":true,"href":"https:\/\/micus.fi\/fi\/wp-json\/wp\/v2\/comments?post=156704"}],"version-history":[{"count":7,"href":"https:\/\/micus.fi\/fi\/wp-json\/wp\/v2\/pages\/156704\/revisions"}],"predecessor-version":[{"id":156788,"href":"https:\/\/micus.fi\/fi\/wp-json\/wp\/v2\/pages\/156704\/revisions\/156788"}],"wp:attachment":[{"href":"https:\/\/micus.fi\/fi\/wp-json\/wp\/v2\/media?parent=156704"}],"curies":[{"name":"wp","href":"https:\/\/api.w.org\/{rel}","templated":true}]}}