{"id":156707,"date":"2025-05-19T06:16:36","date_gmt":"2025-05-19T06:16:36","guid":{"rendered":"https:\/\/micus.fi\/meista\/"},"modified":"2025-06-03T07:18:03","modified_gmt":"2025-06-03T07:18:03","slug":"meista","status":"publish","type":"page","link":"https:\/\/micus.fi\/fi\/meista\/","title":{"rendered":"Meist\u00e4"},"content":{"rendered":"<div class=\"wpb-content-wrapper\"><p>[vc_row row_height_percent=&#8221;55&#8243; override_padding=&#8221;yes&#8221; h_padding=&#8221;2&#8243; top_padding=&#8221;4&#8243; bottom_padding=&#8221;4&#8243; back_color=&#8221;color-wayh&#8221; back_image=&#8221;156002&#8243; back_position=&#8221;center center&#8221; overlay_color=&#8221;accent&#8221; overlay_alpha=&#8221;50&#8243; gutter_size=&#8221;3&#8243; column_width_percent=&#8221;100&#8243; shift_y=&#8221;0&#8243; z_index=&#8221;0&#8243; enable_bottom_divider=&#8221;default&#8221; bottom_divider=&#8221;gradient&#8221; shape_bottom_h_use_pixel=&#8221;true&#8221; shape_bottom_height_percent=&#8221;100&#8243; shape_bottom_color=&#8221;color-210407&#8243; shape_bottom_opacity=&#8221;50&#8243; shape_bottom_index=&#8221;0&#8243; content_parallax=&#8221;0&#8243; uncode_shortcode_id=&#8221;242145&#8243; back_color_type=&#8221;uncode-palette&#8221; overlay_color_type=&#8221;uncode-palette&#8221; shape_bottom_color_type=&#8221;uncode-palette&#8221;][vc_column column_width_percent=&#8221;100&#8243; position_vertical=&#8221;bottom&#8221; gutter_size=&#8221;3&#8243; style=&#8221;dark&#8221; overlay_alpha=&#8221;50&#8243; shift_x=&#8221;0&#8243; shift_y=&#8221;0&#8243; shift_y_down=&#8221;0&#8243; z_index=&#8221;0&#8243; medium_width=&#8221;0&#8243; mobile_width=&#8221;0&#8243; zoom_width=&#8221;0&#8243; zoom_height=&#8221;0&#8243; width=&#8221;1\/1&#8243; uncode_shortcode_id=&#8221;488640&#8243; mobile_height=&#8221;40vh&#8221;][vc_custom_heading heading_semantic=&#8221;h1&#8243; text_size=&#8221;fontsize-338686&#8243; text_height=&#8221;fontheight-179065&#8243; sub_reduced=&#8221;yes&#8221; text_uppercase=&#8221;&#8221; uncode_shortcode_id=&#8221;143083&#8243;]Olemme paikallinen kumppanisi<br \/>\nikkuna- ja oviremonteissa Pohjanmaalla.[\/vc_custom_heading][\/vc_column][\/vc_row][vc_row row_height_percent=&#8221;0&#8243; override_padding=&#8221;yes&#8221; h_padding=&#8221;2&#8243; top_padding=&#8221;7&#8243; bottom_padding=&#8221;7&#8243; back_color=&#8221;color-xsdn&#8221; overlay_alpha=&#8221;50&#8243; gutter_size=&#8221;3&#8243; column_width_percent=&#8221;100&#8243; shift_y=&#8221;0&#8243; z_index=&#8221;0&#8243;][vc_column width=&#8221;1\/1&#8243;][vc_custom_heading heading_semantic=&#8221;h1&#8243; text_size=&#8221;custom&#8221; text_weight=&#8221;300&#8243; uncode_shortcode_id=&#8221;202428&#8243; heading_custom_size=&#8221;clamp(45px,5vw,75px)&#8221;]Paikallinen asiantuntijasi ikkunoiden ja ovien vaihtoon <span class=\"text-accent-color\">Pohjanmaalla.<\/span>[\/vc_custom_heading][vc_custom_heading text_color=&#8221;color-wvjs&#8221; text_size=&#8221;h3&#8243; text_weight=&#8221;300&#8243; text_height=&#8221;fontheight-357766&#8243; uncode_shortcode_id=&#8221;177052&#8243; text_color_type=&#8221;uncode-palette&#8221;]Micuksella uskomme henkil\u00f6kohtaiseen palveluun, paikallisuuteen ja pitk\u00e4ik\u00e4isiin ratkaisuihin \u2013 sek\u00e4 laadun ett\u00e4 energiatehokkuuden osalta.<\/p>\n<p>&nbsp;<\/p>\n<p>Olemme valtuutettu Pihla-ikkunoiden ja -ovien j\u00e4lleenmyyj\u00e4 ja asentaja \u2013 yksi Suomen luotetuimmista tuotemerkeist\u00e4. Tuotteet valmistetaan Suomessa ja on suunniteltu kest\u00e4m\u00e4\u00e4n pohjoismaista ilmastoa.<\/p>\n<p>&nbsp;<\/p>\n<p>Yrityksen omistaa ja sit\u00e4 johtaa Marcus Granberg, jolla on pitk\u00e4 kokemus rakentamisesta, myynnist\u00e4 ja remontoinnista. H\u00e4nen tavoitteenaan on l\u00f6yt\u00e4\u00e4 ratkaisu jokaiseen kotiin ja asiakkaaseen sopivalla tavalla.<\/p>\n<p>&nbsp;<\/p>\n<p>Tavoitteemme on yksinkertainen: tehd\u00e4 ikkuna- ja oviremonteista turvallisia, sujuvia ja kustannustehokkaita \u2013 alusta loppuun asti. Asuitpa omakotitalossa, rivitalossa tai m\u00f6kill\u00e4, autamme sinua parantamaan asumismukavuutta ja energiatehokkuutta.[\/vc_custom_heading][\/vc_column][\/vc_row][vc_row row_height_percent=&#8221;55&#8243; back_color=&#8221;color-wayh&#8221; back_image=&#8221;155959&#8243; back_position=&#8221;center bottom&#8221; parallax=&#8221;yes&#8221; kburns=&#8221;magnetic&#8221; overlay_color=&#8221;color-wayh&#8221; overlay_alpha=&#8221;15&#8243; gutter_size=&#8221;3&#8243; column_width_percent=&#8221;100&#8243; shift_y=&#8221;0&#8243; z_index=&#8221;0&#8243; content_parallax=&#8221;0&#8243; uncode_shortcode_id=&#8221;154616&#8243; back_color_type=&#8221;uncode-palette&#8221; overlay_color_type=&#8221;uncode-palette&#8221;][vc_column column_width_percent=&#8221;100&#8243; position_vertical=&#8221;middle&#8221; align_horizontal=&#8221;align_center&#8221; gutter_size=&#8221;3&#8243; style=&#8221;dark&#8221; overlay_alpha=&#8221;50&#8243; shift_x=&#8221;0&#8243; shift_y=&#8221;0&#8243; shift_y_down=&#8221;0&#8243; z_index=&#8221;0&#8243; medium_width=&#8221;0&#8243; mobile_width=&#8221;0&#8243; width=&#8221;1\/1&#8243; uncode_shortcode_id=&#8221;202914&#8243; mobile_height=&#8221;380&#8243;][vc_icon icon=&#8221;fa fa-play&#8221; background_style=&#8221;fa-rounded&#8221; size=&#8221;fa-3x&#8221; icon_automatic=&#8221;yes&#8221; shadow=&#8221;yes&#8221; uncode_shortcode_id=&#8221;176422&#8243; link=&#8221;url:https%3A%2F%2Fwww.youtube.com%2Fwatch%3Fv%3DzPbsB-OdxXw|target:_blank|&#8221;][\/vc_icon][\/vc_column][\/vc_row][vc_row row_height_percent=&#8221;0&#8243; override_padding=&#8221;yes&#8221; h_padding=&#8221;2&#8243; top_padding=&#8221;5&#8243; bottom_padding=&#8221;5&#8243; back_color=&#8221;accent&#8221; overlay_alpha=&#8221;50&#8243; gutter_size=&#8221;3&#8243; column_width_percent=&#8221;100&#8243; shift_y=&#8221;0&#8243; z_index=&#8221;0&#8243;][vc_column column_width_percent=&#8221;100&#8243; gutter_size=&#8221;4&#8243; overlay_alpha=&#8221;50&#8243; shift_x=&#8221;0&#8243; shift_y=&#8221;0&#8243; shift_y_down=&#8221;0&#8243; z_index=&#8221;0&#8243; medium_width=&#8221;0&#8243; mobile_width=&#8221;0&#8243; width=&#8221;1\/1&#8243;][vc_row_inner row_inner_height_percent=&#8221;0&#8243; overlay_alpha=&#8221;50&#8243; gutter_size=&#8221;4&#8243; shift_y=&#8221;0&#8243; z_index=&#8221;0&#8243; limit_content=&#8221;&#8221;][vc_column_inner column_width_percent=&#8221;100&#8243; gutter_size=&#8221;3&#8243; style=&#8221;dark&#8221; overlay_alpha=&#8221;50&#8243; shift_x=&#8221;0&#8243; shift_y=&#8221;0&#8243; shift_y_down=&#8221;0&#8243; z_index=&#8221;0&#8243; medium_width=&#8221;0&#8243; mobile_width=&#8221;0&#8243; width=&#8221;4\/12&#8243;][vc_custom_heading heading_semantic=&#8221;h6&#8243; text_size=&#8221;fontsize-160000&#8243; text_transform=&#8221;uppercase&#8221; text_space=&#8221;fontspace-210350&#8243; uncode_shortcode_id=&#8221;269958&#8243;]<\/p>\n<p class=\"p1\">N\u00e4in se toimii<\/p>\n<p>[\/vc_custom_heading][\/vc_column_inner][vc_column_inner column_width_percent=&#8221;100&#8243; gutter_size=&#8221;2&#8243; style=&#8221;dark&#8221; overlay_alpha=&#8221;50&#8243; shift_x=&#8221;0&#8243; shift_y=&#8221;0&#8243; shift_y_down=&#8221;0&#8243; z_index=&#8221;0&#8243; medium_width=&#8221;0&#8243; mobile_width=&#8221;0&#8243; width=&#8221;8\/12&#8243;][vc_custom_heading text_size=&#8221;h1&#8243; text_weight=&#8221;300&#8243; text_height=&#8221;fontheight-357766&#8243; uncode_shortcode_id=&#8221;374480&#8243;]Ikkunoiden ja ovien vaihto on helppoa \u2013 keskitymme sinuun ja kotiisi.[\/vc_custom_heading][\/vc_column_inner][\/vc_row_inner][vc_row_inner row_inner_height_percent=&#8221;0&#8243; overlay_alpha=&#8221;50&#8243; gutter_size=&#8221;4&#8243; shift_y=&#8221;0&#8243; z_index=&#8221;0&#8243; limit_content=&#8221;&#8221;][vc_column_inner column_width_percent=&#8221;100&#8243; gutter_size=&#8221;3&#8243; style=&#8221;dark&#8221; overlay_alpha=&#8221;50&#8243; shift_x=&#8221;0&#8243; shift_y=&#8221;0&#8243; shift_y_down=&#8221;0&#8243; z_index=&#8221;0&#8243; medium_width=&#8221;0&#8243; mobile_width=&#8221;0&#8243; width=&#8221;1\/3&#8243;][vc_custom_heading heading_semantic=&#8221;h3&#8243; text_size=&#8221;h3&#8243; text_weight=&#8221;700&#8243; sub_lead=&#8221;yes&#8221; sub_reduced=&#8221;yes&#8221; subheading=&#8221;Aloitamme maksuttomalla kotik\u00e4ynnill\u00e4, jossa kuuntelemme toiveitasi, k\u00e4ymme l\u00e4pi kotisi ja selvit\u00e4mme, mik\u00e4 toimii parhaiten sek\u00e4 toiminnallisuuden ett\u00e4 tyylin kannalta.&#8221; uncode_shortcode_id=&#8221;171218&#8243;]Kuuntelemme tarpeitasi[\/vc_custom_heading][\/vc_column_inner][vc_column_inner column_width_percent=&#8221;100&#8243; gutter_size=&#8221;3&#8243; style=&#8221;dark&#8221; overlay_alpha=&#8221;50&#8243; shift_x=&#8221;0&#8243; shift_y=&#8221;0&#8243; shift_y_down=&#8221;0&#8243; z_index=&#8221;0&#8243; medium_width=&#8221;0&#8243; mobile_width=&#8221;0&#8243; width=&#8221;1\/3&#8243;][vc_custom_heading heading_semantic=&#8221;h3&#8243; text_size=&#8221;h3&#8243; text_weight=&#8221;700&#8243; sub_lead=&#8221;yes&#8221; sub_reduced=&#8221;yes&#8221; subheading=&#8221;Laadimme ratkaisun, joka on r\u00e4\u00e4t\u00e4l\u00f6ity kotiisi, budjettiisi ja mieltymyksiisi \u2013 selke\u00e4 tarjous ilman yll\u00e4tyksi\u00e4.&#8221; uncode_shortcode_id=&#8221;230627&#8243;]Saat selke\u00e4n tarjouksen[\/vc_custom_heading][\/vc_column_inner][vc_column_inner column_width_percent=&#8221;100&#8243; gutter_size=&#8221;3&#8243; style=&#8221;dark&#8221; overlay_alpha=&#8221;50&#8243; shift_x=&#8221;0&#8243; shift_y=&#8221;0&#8243; shift_y_down=&#8221;0&#8243; z_index=&#8221;0&#8243; medium_width=&#8221;0&#8243; mobile_width=&#8221;0&#8243; width=&#8221;1\/3&#8243;][vc_custom_heading heading_semantic=&#8221;h3&#8243; text_size=&#8221;h3&#8243; text_weight=&#8221;700&#8243; sub_lead=&#8221;yes&#8221; sub_reduced=&#8221;yes&#8221; subheading=&#8221;Omat sertifioidut asentajamme hoitavat asennuksen nopeasti, siististi ja huolellisesti \u2013 takuu sek\u00e4 tuotteelle ett\u00e4 ty\u00f6lle.&#8221; uncode_shortcode_id=&#8221;195677&#8243;]Asennus, johon voit luottaa[\/vc_custom_heading][\/vc_column_inner][\/vc_row_inner][\/vc_column][\/vc_row][vc_row unlock_row_content=&#8221;yes&#8221; row_height_percent=&#8221;0&#8243; override_padding=&#8221;yes&#8221; h_padding=&#8221;0&#8243; top_padding=&#8221;0&#8243; bottom_padding=&#8221;0&#8243; back_color=&#8221;color-wayh&#8221; overlay_alpha=&#8221;50&#8243; gutter_size=&#8221;3&#8243; column_width_percent=&#8221;100&#8243; shift_y=&#8221;0&#8243; z_index=&#8221;0&#8243;][vc_column width=&#8221;1\/1&#8243;][vc_gallery el_id=&#8221;gallery-18997768&#8243; type=&#8221;carousel&#8221; medias=&#8221;156002,155982,155980,155959,155957,155955&#8243; carousel_lg=&#8221;3&#8243; carousel_md=&#8221;3&#8243; carousel_sm=&#8221;1&#8243; thumb_size=&#8221;one-one&#8221; gutter_size=&#8221;0&#8243; media_items=&#8221;media|nolink|original,icon&#8221; carousel_interval=&#8221;5000&#8243; carousel_navspeed=&#8221;400&#8243; carousel_loop=&#8221;yes&#8221; stage_padding=&#8221;0&#8243; single_overlay_opacity=&#8221;50&#8243; single_overlay_anim=&#8221;no&#8221; single_text_anim=&#8221;no&#8221; single_image_anim=&#8221;no&#8221; single_padding=&#8221;2&#8243; single_border=&#8221;yes&#8221; items=&#8221;e30=&#8221; uncode_shortcode_id=&#8221;172339&#8243;][\/vc_column][\/vc_row][vc_row row_height_percent=&#8221;0&#8243; override_padding=&#8221;yes&#8221; h_padding=&#8221;2&#8243; top_padding=&#8221;5&#8243; bottom_padding=&#8221;5&#8243; back_color=&#8221;color-wayh&#8221; overlay_alpha=&#8221;50&#8243; gutter_size=&#8221;4&#8243; column_width_percent=&#8221;100&#8243; shift_y=&#8221;0&#8243; z_index=&#8221;0&#8243;][vc_column column_width_percent=&#8221;100&#8243; gutter_size=&#8221;2&#8243; style=&#8221;dark&#8221; overlay_alpha=&#8221;50&#8243; shift_x=&#8221;0&#8243; shift_y=&#8221;0&#8243; shift_y_down=&#8221;0&#8243; z_index=&#8221;0&#8243; medium_width=&#8221;0&#8243; mobile_width=&#8221;0&#8243; width=&#8221;1\/3&#8243;][vc_custom_heading text_color=&#8221;accent&#8221; text_size=&#8221;fontsize-338686&#8243; text_weight=&#8221;700&#8243; uncode_shortcode_id=&#8221;792689&#8243; text_color_type=&#8221;uncode-palette&#8221;]Suomalaista laatua[\/vc_custom_heading][vc_empty_space empty_h=&#8221;1&#8243;][vc_custom_heading heading_semantic=&#8221;h3&#8243; text_size=&#8221;h3&#8243; text_weight=&#8221;300&#8243; text_height=&#8221;fontheight-357766&#8243; uncode_shortcode_id=&#8221;107335&#8243;]Valmistettu Suomessa pohjoiseen ilmastoon \u2013 kest\u00e4vi\u00e4, energiatehokkaita ja pitk\u00e4ik\u00e4isi\u00e4.[\/vc_custom_heading][vc_custom_heading text_color=&#8221;color-wvjs&#8221; heading_semantic=&#8221;p&#8221; text_size=&#8221;h4&#8243; text_weight=&#8221;300&#8243; text_height=&#8221;fontheight-357766&#8243; uncode_shortcode_id=&#8221;193254&#8243; text_color_type=&#8221;uncode-palette&#8221;]K\u00e4yt\u00e4mme Pihlaa, Suomen arvostetuinta ikkunamerkki\u00e4. Tuotteet kest\u00e4v\u00e4t tuulta, pakkasta ja kuumuutta \u2013 ymp\u00e4ri vuoden.[\/vc_custom_heading][\/vc_column][vc_column column_width_percent=&#8221;100&#8243; gutter_size=&#8221;2&#8243; style=&#8221;dark&#8221; overlay_alpha=&#8221;50&#8243; shift_x=&#8221;0&#8243; shift_y=&#8221;0&#8243; shift_y_down=&#8221;0&#8243; z_index=&#8221;0&#8243; medium_width=&#8221;0&#8243; mobile_width=&#8221;0&#8243; width=&#8221;1\/3&#8243;][vc_custom_heading text_color=&#8221;accent&#8221; text_size=&#8221;fontsize-338686&#8243; text_weight=&#8221;700&#8243; uncode_shortcode_id=&#8221;201150&#8243; text_color_type=&#8221;uncode-palette&#8221;]Paikallinen l\u00e4sn\u00e4olo[\/vc_custom_heading][vc_empty_space empty_h=&#8221;1&#8243;][vc_custom_heading heading_semantic=&#8221;h3&#8243; text_size=&#8221;h3&#8243; text_weight=&#8221;300&#8243; text_height=&#8221;fontheight-357766&#8243; uncode_shortcode_id=&#8221;590411&#8243;]Toimimme l\u00e4hell\u00e4 sinua Pohjanmaalla. Henkil\u00f6kohtainen palvelu, kotik\u00e4ynti ja neuvonta, joihin voit luottaa.[\/vc_custom_heading][vc_custom_heading text_color=&#8221;color-wvjs&#8221; heading_semantic=&#8221;p&#8221; text_size=&#8221;h4&#8243; text_weight=&#8221;300&#8243; text_height=&#8221;fontheight-357766&#8243; uncode_shortcode_id=&#8221;102364&#8243; text_color_type=&#8221;uncode-palette&#8221;]Saat nopeasti apua tiimilt\u00e4, joka tuntee alueen ja antaa neuvoja, jotka sopivat juuri sinun kiinteist\u00f6\u00f6si.[\/vc_custom_heading][\/vc_column][vc_column column_width_percent=&#8221;100&#8243; gutter_size=&#8221;2&#8243; style=&#8221;dark&#8221; overlay_alpha=&#8221;50&#8243; shift_x=&#8221;0&#8243; shift_y=&#8221;0&#8243; shift_y_down=&#8221;0&#8243; z_index=&#8221;0&#8243; medium_width=&#8221;0&#8243; mobile_width=&#8221;0&#8243; width=&#8221;1\/3&#8243;][vc_custom_heading text_color=&#8221;accent&#8221; text_size=&#8221;fontsize-338686&#8243; text_weight=&#8221;700&#8243; uncode_shortcode_id=&#8221;159986&#8243; text_color_type=&#8221;uncode-palette&#8221;]Turvallinen asennus[\/vc_custom_heading][vc_empty_space empty_h=&#8221;1&#8243;][vc_custom_heading heading_semantic=&#8221;h3&#8243; text_size=&#8221;h3&#8243; text_weight=&#8221;300&#8243; text_height=&#8221;fontheight-357766&#8243; uncode_shortcode_id=&#8221;171432&#8243;]Omat asentajamme asentavat siististi ja turvallisesti \u2013 takuu sek\u00e4 tuotteelle ett\u00e4 ty\u00f6lle.[\/vc_custom_heading][vc_custom_heading text_color=&#8221;color-wvjs&#8221; heading_semantic=&#8221;p&#8221; text_size=&#8221;h4&#8243; text_weight=&#8221;300&#8243; text_height=&#8221;fontheight-357766&#8243; uncode_shortcode_id=&#8221;840652&#8243; text_color_type=&#8221;uncode-palette&#8221;]Suunnittelemme huolellisesti ja asennamme nopeasti, siististi ja mahdollisimman v\u00e4h\u00e4isill\u00e4 h\u00e4iri\u00f6ill\u00e4 arjessa.[\/vc_custom_heading][\/vc_column][\/vc_row][vc_row row_height_percent=&#8221;0&#8243; overlay_alpha=&#8221;50&#8243; gutter_size=&#8221;3&#8243; column_width_percent=&#8221;100&#8243; shift_y=&#8221;0&#8243; z_index=&#8221;0&#8243; el_class=&#8221;inverted-device-order .service-sidebar&#8221;][vc_column width=&#8221;1\/3&#8243;][\/vc_column][vc_column width=&#8221;1\/3&#8243;][vc_custom_heading heading_semantic=&#8221;p&#8221; text_size=&#8221;&#8221; text_weight=&#8221;800&#8243; uncode_shortcode_id=&#8221;226262&#8243;]Autamme mielell\u00e4mme, jos sinulla on kysytt\u00e4v\u00e4\u00e4 tai tarvitset neuvoja.[\/vc_custom_heading][vc_single_image media=&#8221;156114&#8243; media_width_percent=&#8221;70&#8243; uncode_shortcode_id=&#8221;115194&#8243;][vc_custom_heading text_size=&#8221;h4&#8243; text_weight=&#8221;300&#8243; text_height=&#8221;fontheight-357766&#8243; sub_lead=&#8221;yes&#8221; sub_reduced=&#8221;yes&#8221; subheading=&#8221;Marcus on Micus Oy:n perustaja ja vet\u00e4j\u00e4. Yli 20 vuoden kokemuksella myynnist\u00e4, remontoinnista ja rakennusprojekteista h\u00e4n on auttanut monia asiakkaita parantamaan kotinsa laatutuotteilla ja huolellisesti toteutetuilla asennuksilla.<\/p>\n<p>Soita, l\u00e4het\u00e4 s\u00e4hk\u00f6postia tai varaa tapaaminen \u2013 keskustelen mielell\u00e4ni tarpeistasi ja siit\u00e4, miten voimme auttaa.<\/p>\n<p>marcus.granberg@pihla.fi<br \/>\n+358 50 596 3432<\/p>\n<p>Marcus Granberg, TJ&#8221; uncode_shortcode_id=&#8221;199155&#8243; text_color_type=&#8221;uncode-palette&#8221; text_color_solid=&#8221;#ff0000&#8243;]<strong>Marcus Granberg, TJ<\/strong>[\/vc_custom_heading][vc_button button_color=&#8221;accent&#8221; radius=&#8221;btn-circle&#8221; border_width=&#8221;0&#8243; link=&#8221;url:https%3A%2F%2Fmicus.fi%2Ffi%2Fpyyda-tarjous%2F|&#8221; uncode_shortcode_id=&#8221;166859&#8243; button_color_type=&#8221;uncode-palette&#8221;]Ota yhteytt\u00e4[\/vc_button][\/vc_column][vc_column width=&#8221;1\/3&#8243;][\/vc_column][\/vc_row][vc_row row_height_percent=&#8221;0&#8243; override_padding=&#8221;yes&#8221; h_padding=&#8221;2&#8243; top_padding=&#8221;5&#8243; bottom_padding=&#8221;5&#8243; back_color=&#8221;accent&#8221; overlay_alpha=&#8221;50&#8243; gutter_size=&#8221;4&#8243; column_width_percent=&#8221;100&#8243; shift_y=&#8221;0&#8243; z_index=&#8221;0&#8243;][vc_column column_width_use_pixel=&#8221;yes&#8221; align_horizontal=&#8221;align_center&#8221; gutter_size=&#8221;3&#8243; style=&#8221;dark&#8221; overlay_alpha=&#8221;50&#8243; shift_x=&#8221;0&#8243; shift_y=&#8221;0&#8243; shift_y_down=&#8221;0&#8243; z_index=&#8221;0&#8243; medium_width=&#8221;0&#8243; mobile_width=&#8221;0&#8243; width=&#8221;1\/1&#8243; column_width_pixel=&#8221;900&#8243;][vc_custom_heading heading_semantic=&#8221;h5&#8243; text_weight=&#8221;300&#8243; text_height=&#8221;fontheight-357766&#8243; uncode_shortcode_id=&#8221;131407&#8243;]Minulle kyse ei ole vain ikkunoista ja ovista \u2013 vaan siit\u00e4, ett\u00e4 kodistasi tulee turvallisempi, mukavampi ja energiatehokkaampi. Haluan, ett\u00e4 olet tyytyv\u00e4inen lopputulokseen \u2013 alusta loppuun.<\/p>\n<p>&nbsp;<\/p>\n<p>\u2014 Marcus Granberg, TJ<\/p>\n<p>[\/vc_custom_heading][\/vc_column][\/vc_row]<\/p>\n<\/div>","protected":false},"excerpt":{"rendered":"<p>[vc_row row_height_percent=&#8221;55&#8243; override_padding=&#8221;yes&#8221; h_padding=&#8221;2&#8243; top_padding=&#8221;4&#8243; bottom_padding=&#8221;4&#8243; back_color=&#8221;color-wayh&#8221; back_image=&#8221;156002&#8243; back_position=&#8221;center center&#8221; overlay_color=&#8221;accent&#8221; overlay_alpha=&#8221;50&#8243; gutter_size=&#8221;3&#8243; column_width_percent=&#8221;100&#8243; shift_y=&#8221;0&#8243; z_index=&#8221;0&#8243; enable_bottom_divider=&#8221;default&#8221; bottom_divider=&#8221;gradient&#8221; shape_bottom_h_use_pixel=&#8221;true&#8221; shape_bottom_height_percent=&#8221;100&#8243; [&hellip;]<\/p>\n","protected":false},"author":1,"featured_media":0,"parent":0,"menu_order":0,"comment_status":"closed","ping_status":"closed","template":"","meta":{"footnotes":""},"class_list":["post-156707","page","type-page","status-publish","hentry"],"yoast_head":"<!-- This site is optimized with the Yoast SEO plugin v27.1.1 - https:\/\/yoast.com\/product\/yoast-seo-wordpress\/ -->\n<title>Micus \u2013 Paikallinen Pihla-j\u00e4lleenmyyj\u00e4 Pohjanmaalla<\/title>\n<meta name=\"description\" content=\"Olemme paikallinen toimija Pohjanmaalla, joka on erikoistunut Pihla-ikkunoihin ja -oviin \u2013 keski\u00f6ss\u00e4 laatu, turvallinen asennus ja asiakastyytyv\u00e4isyys.\" \/>\n<meta name=\"robots\" content=\"index, follow, max-snippet:-1, max-image-preview:large, max-video-preview:-1\" \/>\n<link rel=\"canonical\" href=\"https:\/\/micus.fi\/fi\/meista\/\" \/>\n<meta property=\"og:locale\" content=\"fi_FI\" \/>\n<meta property=\"og:type\" content=\"article\" \/>\n<meta property=\"og:title\" content=\"Micus \u2013 Paikallinen Pihla-j\u00e4lleenmyyj\u00e4 Pohjanmaalla\" \/>\n<meta property=\"og:description\" content=\"Olemme paikallinen toimija Pohjanmaalla, joka on erikoistunut Pihla-ikkunoihin ja -oviin \u2013 keski\u00f6ss\u00e4 laatu, turvallinen asennus ja asiakastyytyv\u00e4isyys.\" \/>\n<meta property=\"og:url\" content=\"https:\/\/micus.fi\/fi\/meista\/\" \/>\n<meta property=\"og:site_name\" content=\"Pihla \u2013 Ikkunat ja Ovet | F\u00f6nster &amp; D\u00f6rrar\" \/>\n<meta property=\"article:modified_time\" content=\"2025-06-03T07:18:03+00:00\" \/>\n<meta name=\"twitter:card\" content=\"summary_large_image\" \/>\n<meta name=\"twitter:label1\" content=\"Arvioitu lukuaika\" \/>\n\t<meta name=\"twitter:data1\" content=\"4 minuuttia\" \/>\n<script type=\"application\/ld+json\" class=\"yoast-schema-graph\">{\"@context\":\"https:\/\/schema.org\",\"@graph\":[{\"@type\":\"WebPage\",\"@id\":\"https:\/\/micus.fi\/fi\/meista\/\",\"url\":\"https:\/\/micus.fi\/fi\/meista\/\",\"name\":\"Micus \u2013 Paikallinen Pihla-j\u00e4lleenmyyj\u00e4 Pohjanmaalla\",\"isPartOf\":{\"@id\":\"https:\/\/micus.fi\/#website\"},\"datePublished\":\"2025-05-19T06:16:36+00:00\",\"dateModified\":\"2025-06-03T07:18:03+00:00\",\"description\":\"Olemme paikallinen toimija Pohjanmaalla, joka on erikoistunut Pihla-ikkunoihin ja -oviin \u2013 keski\u00f6ss\u00e4 laatu, turvallinen asennus ja asiakastyytyv\u00e4isyys.\",\"breadcrumb\":{\"@id\":\"https:\/\/micus.fi\/fi\/meista\/#breadcrumb\"},\"inLanguage\":\"fi\",\"potentialAction\":[{\"@type\":\"ReadAction\",\"target\":[\"https:\/\/micus.fi\/fi\/meista\/\"]}]},{\"@type\":\"BreadcrumbList\",\"@id\":\"https:\/\/micus.fi\/fi\/meista\/#breadcrumb\",\"itemListElement\":[{\"@type\":\"ListItem\",\"position\":1,\"name\":\"Home\",\"item\":\"https:\/\/micus.fi\/\"},{\"@type\":\"ListItem\",\"position\":2,\"name\":\"Meist\u00e4\"}]},{\"@type\":\"WebSite\",\"@id\":\"https:\/\/micus.fi\/#website\",\"url\":\"https:\/\/micus.fi\/\",\"name\":\"Pihla \u2013 Ikkunat ja Ovet | F\u00f6nster &amp; D\u00f6rrar\",\"description\":\"Laatua kotiisi \u2013 Kvalitet f\u00f6r ditt hem\",\"potentialAction\":[{\"@type\":\"SearchAction\",\"target\":{\"@type\":\"EntryPoint\",\"urlTemplate\":\"https:\/\/micus.fi\/?s={search_term_string}\"},\"query-input\":{\"@type\":\"PropertyValueSpecification\",\"valueRequired\":true,\"valueName\":\"search_term_string\"}}],\"inLanguage\":\"fi\"}]}<\/script>\n<!-- \/ Yoast SEO plugin. -->","yoast_head_json":{"title":"Micus \u2013 Paikallinen Pihla-j\u00e4lleenmyyj\u00e4 Pohjanmaalla","description":"Olemme paikallinen toimija Pohjanmaalla, joka on erikoistunut Pihla-ikkunoihin ja -oviin \u2013 keski\u00f6ss\u00e4 laatu, turvallinen asennus ja asiakastyytyv\u00e4isyys.","robots":{"index":"index","follow":"follow","max-snippet":"max-snippet:-1","max-image-preview":"max-image-preview:large","max-video-preview":"max-video-preview:-1"},"canonical":"https:\/\/micus.fi\/fi\/meista\/","og_locale":"fi_FI","og_type":"article","og_title":"Micus \u2013 Paikallinen Pihla-j\u00e4lleenmyyj\u00e4 Pohjanmaalla","og_description":"Olemme paikallinen toimija Pohjanmaalla, joka on erikoistunut Pihla-ikkunoihin ja -oviin \u2013 keski\u00f6ss\u00e4 laatu, turvallinen asennus ja asiakastyytyv\u00e4isyys.","og_url":"https:\/\/micus.fi\/fi\/meista\/","og_site_name":"Pihla \u2013 Ikkunat ja Ovet | F\u00f6nster &amp; D\u00f6rrar","article_modified_time":"2025-06-03T07:18:03+00:00","twitter_card":"summary_large_image","twitter_misc":{"Arvioitu lukuaika":"4 minuuttia"},"schema":{"@context":"https:\/\/schema.org","@graph":[{"@type":"WebPage","@id":"https:\/\/micus.fi\/fi\/meista\/","url":"https:\/\/micus.fi\/fi\/meista\/","name":"Micus \u2013 Paikallinen Pihla-j\u00e4lleenmyyj\u00e4 Pohjanmaalla","isPartOf":{"@id":"https:\/\/micus.fi\/#website"},"datePublished":"2025-05-19T06:16:36+00:00","dateModified":"2025-06-03T07:18:03+00:00","description":"Olemme paikallinen toimija Pohjanmaalla, joka on erikoistunut Pihla-ikkunoihin ja -oviin \u2013 keski\u00f6ss\u00e4 laatu, turvallinen asennus ja asiakastyytyv\u00e4isyys.","breadcrumb":{"@id":"https:\/\/micus.fi\/fi\/meista\/#breadcrumb"},"inLanguage":"fi","potentialAction":[{"@type":"ReadAction","target":["https:\/\/micus.fi\/fi\/meista\/"]}]},{"@type":"BreadcrumbList","@id":"https:\/\/micus.fi\/fi\/meista\/#breadcrumb","itemListElement":[{"@type":"ListItem","position":1,"name":"Home","item":"https:\/\/micus.fi\/"},{"@type":"ListItem","position":2,"name":"Meist\u00e4"}]},{"@type":"WebSite","@id":"https:\/\/micus.fi\/#website","url":"https:\/\/micus.fi\/","name":"Pihla \u2013 Ikkunat ja Ovet | F\u00f6nster &amp; D\u00f6rrar","description":"Laatua kotiisi \u2013 Kvalitet f\u00f6r ditt hem","potentialAction":[{"@type":"SearchAction","target":{"@type":"EntryPoint","urlTemplate":"https:\/\/micus.fi\/?s={search_term_string}"},"query-input":{"@type":"PropertyValueSpecification","valueRequired":true,"valueName":"search_term_string"}}],"inLanguage":"fi"}]}},"_links":{"self":[{"href":"https:\/\/micus.fi\/fi\/wp-json\/wp\/v2\/pages\/156707","targetHints":{"allow":["GET"]}}],"collection":[{"href":"https:\/\/micus.fi\/fi\/wp-json\/wp\/v2\/pages"}],"about":[{"href":"https:\/\/micus.fi\/fi\/wp-json\/wp\/v2\/types\/page"}],"author":[{"embeddable":true,"href":"https:\/\/micus.fi\/fi\/wp-json\/wp\/v2\/users\/1"}],"replies":[{"embeddable":true,"href":"https:\/\/micus.fi\/fi\/wp-json\/wp\/v2\/comments?post=156707"}],"version-history":[{"count":7,"href":"https:\/\/micus.fi\/fi\/wp-json\/wp\/v2\/pages\/156707\/revisions"}],"predecessor-version":[{"id":156791,"href":"https:\/\/micus.fi\/fi\/wp-json\/wp\/v2\/pages\/156707\/revisions\/156791"}],"wp:attachment":[{"href":"https:\/\/micus.fi\/fi\/wp-json\/wp\/v2\/media?parent=156707"}],"curies":[{"name":"wp","href":"https:\/\/api.w.org\/{rel}","templated":true}]}}