{"id":156710,"date":"2025-05-19T08:01:37","date_gmt":"2025-05-19T08:01:37","guid":{"rendered":"https:\/\/micus.fi\/usein-kysytyt-kysymykset\/"},"modified":"2025-06-04T10:30:24","modified_gmt":"2025-06-04T10:30:24","slug":"usein-kysytyt-kysymykset","status":"publish","type":"page","link":"https:\/\/micus.fi\/fi\/usein-kysytyt-kysymykset\/","title":{"rendered":"Usein kysytyt kysymykset"},"content":{"rendered":"<div class=\"wpb-content-wrapper\"><p>[vc_row row_height_percent=&#8221;55&#8243; override_padding=&#8221;yes&#8221; h_padding=&#8221;2&#8243; top_padding=&#8221;4&#8243; bottom_padding=&#8221;4&#8243; back_color=&#8221;color-wayh&#8221; back_image=&#8221;156002&#8243; back_position=&#8221;center center&#8221; overlay_color=&#8221;accent&#8221; overlay_alpha=&#8221;50&#8243; gutter_size=&#8221;3&#8243; column_width_percent=&#8221;100&#8243; shift_y=&#8221;0&#8243; z_index=&#8221;0&#8243; enable_bottom_divider=&#8221;default&#8221; bottom_divider=&#8221;gradient&#8221; shape_bottom_h_use_pixel=&#8221;true&#8221; shape_bottom_height_percent=&#8221;100&#8243; shape_bottom_color=&#8221;color-210407&#8243; shape_bottom_opacity=&#8221;50&#8243; shape_bottom_index=&#8221;0&#8243; content_parallax=&#8221;0&#8243; uncode_shortcode_id=&#8221;242145&#8243; back_color_type=&#8221;uncode-palette&#8221; overlay_color_type=&#8221;uncode-palette&#8221; shape_bottom_color_type=&#8221;uncode-palette&#8221;][vc_column column_width_percent=&#8221;100&#8243; position_vertical=&#8221;bottom&#8221; gutter_size=&#8221;3&#8243; style=&#8221;dark&#8221; overlay_alpha=&#8221;50&#8243; shift_x=&#8221;0&#8243; shift_y=&#8221;0&#8243; shift_y_down=&#8221;0&#8243; z_index=&#8221;0&#8243; medium_width=&#8221;0&#8243; mobile_width=&#8221;0&#8243; zoom_width=&#8221;0&#8243; zoom_height=&#8221;0&#8243; width=&#8221;1\/1&#8243; uncode_shortcode_id=&#8221;488640&#8243; mobile_height=&#8221;40vh&#8221;][vc_custom_heading heading_semantic=&#8221;h1&#8243; text_font=&#8221;font-846016&#8243; text_size=&#8221;fontsize-338686&#8243; text_height=&#8221;fontheight-179065&#8243; sub_reduced=&#8221;yes&#8221; text_uppercase=&#8221;&#8221; uncode_shortcode_id=&#8221;132377&#8243;]Ikkunat, ovet ja asennus<br \/>\n\u2013 vastaukset yleisimpiin kysymyksiin.[\/vc_custom_heading][\/vc_column][\/vc_row][vc_section back_color=&#8221;color-lxmt&#8221; overlay_alpha=&#8221;50&#8243; content_parallax=&#8221;0&#8243; uncode_shortcode_id=&#8221;568389&#8243; back_color_type=&#8221;uncode-palette&#8221;][vc_row row_height_percent=&#8221;0&#8243; override_padding=&#8221;yes&#8221; h_padding=&#8221;2&#8243; top_padding=&#8221;7&#8243; bottom_padding=&#8221;7&#8243; back_color=&#8221;color-lxmt&#8221; overlay_alpha=&#8221;50&#8243; gutter_size=&#8221;5&#8243; column_width_percent=&#8221;100&#8243; shift_y=&#8221;0&#8243; z_index=&#8221;0&#8243; top_divider=&#8221;gradient&#8221; content_parallax=&#8221;0&#8243; uncode_shortcode_id=&#8221;158686&#8243; el_class=&#8221;row-round-padding&#8221; back_color_type=&#8221;uncode-palette&#8221;][vc_column column_width_percent=&#8221;100&#8243; gutter_size=&#8221;3&#8243; style=&#8221;light&#8221; overlay_alpha=&#8221;50&#8243; shift_x=&#8221;0&#8243; shift_y=&#8221;0&#8243; shift_y_down=&#8221;0&#8243; z_index=&#8221;0&#8243; medium_width=&#8221;0&#8243; mobile_width=&#8221;0&#8243; css_animation=&#8221;alpha-anim&#8221; animation_speed=&#8221;1000&#8243; width=&#8221;4\/12&#8243; uncode_shortcode_id=&#8221;202562&#8243;][vc_custom_heading text_size=&#8221;fontsize-155944&#8243; text_weight=&#8221;700&#8243; uncode_shortcode_id=&#8221;112465&#8243;]Usein kysytyt kysymykset ikkunoiden, ovien ja asennusten vaihdosta Pohjanmaalla[\/vc_custom_heading][\/vc_column][vc_column column_width_percent=&#8221;100&#8243; gutter_size=&#8221;2&#8243; style=&#8221;light&#8221; overlay_alpha=&#8221;50&#8243; shift_x=&#8221;0&#8243; shift_y=&#8221;0&#8243; shift_y_down=&#8221;0&#8243; z_index=&#8221;0&#8243; medium_width=&#8221;0&#8243; mobile_width=&#8221;0&#8243; css_animation=&#8221;alpha-anim&#8221; animation_speed=&#8221;1000&#8243; width=&#8221;8\/12&#8243; uncode_shortcode_id=&#8221;191621&#8243;][vc_accordion typography=&#8221;advanced&#8221; sign=&#8221;plus&#8221; sign_size=&#8221;md&#8221; gutter_simple=&#8221;1&#8243; no_h_padding=&#8221;yes&#8221; heading_semantic=&#8221;h3&#8243; titles_size=&#8221;custom&#8221; titles_weight=&#8221;400&#8243; uncode_shortcode_id=&#8221;136154&#8243; active_tab=&#8221;0&#8243; heading_custom_size=&#8221;clamp(1.25rem, -0.1563rem + 2.3438vw, 2.1875rem)&#8221;][vc_accordion_tab gutter_size=&#8221;2&#8243; column_padding=&#8221;2&#8243; title=&#8221;Miten maksuton kotik\u00e4ynti toimii?&#8221; tab_id=&#8221;1744847280789-5-8&#8243;][vc_custom_heading text_size=&#8221;custom&#8221; text_weight=&#8221;400&#8243; uncode_shortcode_id=&#8221;208376&#8243; heading_custom_size=&#8221;clamp(1.125rem, 0.5625rem + 0.9375vw, 1.5rem)&#8221;]<\/p>\n<blockquote><p>Ilmainen kotik\u00e4yntimme on yksinkertainen ja turvallinen. T\u00e4yt\u00e4 <strong><a href=\"https:\/\/micus.fi\/fi\/pyyda-tarjous\/\">t\u00e4ll\u00e4<\/a><\/strong> sivulla oleva lomake, niin otamme sinuun yhteytt\u00e4 varataksemme sinulle sopivan ajan. Yksi paikallisista asiantuntijoistamme tulee kotiisi, tarkastelee tarpeitasi, mittaa ikkunasi tai ovesi ja antaa sinulle selke\u00e4n, ei-sitovan tarjouksen \u2013 veloituksetta.<\/p><\/blockquote>\n<p>[\/vc_custom_heading][\/vc_accordion_tab][vc_accordion_tab gutter_size=&#8221;2&#8243; column_padding=&#8221;2&#8243; title=&#8221;Voinko varata maksuttoman kotik\u00e4ynnin ilman sitoutumista?&#8221; tab_id=&#8221;1744847280789-5-88&#8243;][vc_custom_heading text_size=&#8221;custom&#8221; text_weight=&#8221;400&#8243; uncode_shortcode_id=&#8221;177100&#8243; heading_custom_size=&#8221;clamp(1.125rem, 0.5625rem + 0.9375vw, 1.5rem)&#8221;]<\/p>\n<blockquote><p>Ehdottomasti! Kotik\u00e4yntimme ja tarjouslaskelmamme ovat aina 100 % maksuttomia eik\u00e4 niihin liity mink\u00e4\u00e4nlaista sitoutumista. P\u00e4\u00e4t\u00e4t itse, haluatko edet\u00e4 asennuksessa \u2013 ja jos niin, milloin ja miten.<\/p><\/blockquote>\n<p>[\/vc_custom_heading][\/vc_accordion_tab][vc_accordion_tab gutter_size=&#8221;2&#8243; column_padding=&#8221;2&#8243; title=&#8221;Voinko saada tarjouksen ilman kotik\u00e4ynti\u00e4?&#8221; tab_id=&#8221;1744847280789-5-80&#8243;][vc_custom_heading text_size=&#8221;custom&#8221; text_weight=&#8221;400&#8243; uncode_shortcode_id=&#8221;204710&#8243; heading_custom_size=&#8221;clamp(1.125rem, 0.5625rem + 0.9375vw, 1.5rem)&#8221;]<\/p>\n<blockquote><p>Suosittelemme maksutonta kotik\u00e4ynti\u00e4, jotta voimme antaa tarkan tarjouksen oikeiden mittojen ja tarpeiden mukaan. Mutta haluatko alustavan hinta-arvion jo ennen sit\u00e4? Ota meihin yhteytt\u00e4 \u2013 voimme usein antaa alustavan tarjouksen puhelimitse tai s\u00e4hk\u00f6postitse.<\/p><\/blockquote>\n<p>[\/vc_custom_heading][\/vc_accordion_tab][vc_accordion_tab gutter_size=&#8221;2&#8243; column_padding=&#8221;2&#8243; title=&#8221;Mit\u00e4 tuotteita tarjoatte?&#8221; tab_id=&#8221;1744847312998-6-0&#8243;][vc_custom_heading text_size=&#8221;custom&#8221; text_weight=&#8221;400&#8243; uncode_shortcode_id=&#8221;107952&#8243; heading_custom_size=&#8221;clamp(1.125rem, 0.5625rem + 0.9375vw, 1.5rem)&#8221;]<\/p>\n<blockquote><p>Kyll\u00e4! Olemme valtuutettu Pihla-j\u00e4lleenmyyj\u00e4 \u2013 yksi Suomen johtavista ikkunoiden ja ovien valmistajista. Kaikki tuotteet valmistetaan Suomessa ja ne on suunniteltu energiatehokkuuteen, kest\u00e4vyyteen ja korkeaan laatuun, erityisesti pohjoismaisiin olosuhteisiin.<\/p>\n<p>&nbsp;<\/p>\n<p>Selaa valikoimaamme <a href=\"https:\/\/view.taiqa.com\/kspaino\/pihla-esite-ikkunat-ja-ovet#\/\/page=1\" target=\"_blank\" rel=\"noopener\">t\u00e4\u00e4ll\u00e4.<\/a><\/p><\/blockquote>\n<p>[\/vc_custom_heading][\/vc_accordion_tab][vc_accordion_tab gutter_size=&#8221;2&#8243; column_padding=&#8221;2&#8243; title=&#8221;Hoidatteko my\u00f6s asennuksen?&#8221; tab_id=&#8221;10314d48-70e0-01666889187905171561023870517422056015417&#8243;][vc_custom_heading text_size=&#8221;custom&#8221; text_weight=&#8221;400&#8243; uncode_shortcode_id=&#8221;110273&#8243; heading_custom_size=&#8221;clamp(1.125rem, 0.5625rem + 0.9375vw, 1.5rem)&#8221;]<\/p>\n<blockquote><p>Sertifioidut asentajamme ovat kokeneita ja ty\u00f6skentelev\u00e4t aina tarkasti ja huolellisesti. Hoidamme koko prosessin \u2013 vanhojen ovien tai ikkunoiden poistosta uusien ammattilaistasoiseen asennukseen. Voit olla rauhallisin mielin, sill\u00e4 kaikki tehd\u00e4\u00e4n alusta asti oikein ja takuulla sek\u00e4 ty\u00f6n ett\u00e4 materiaalien osalta.<\/p><\/blockquote>\n<p>[\/vc_custom_heading][\/vc_accordion_tab][vc_accordion_tab gutter_size=&#8221;2&#8243; column_padding=&#8221;2&#8243; title=&#8221;Kuinka kauan uusien ovien ja ikkunoiden toimitus kest\u00e4\u00e4 Pohjanmaalla?&#8221; tab_id=&#8221;efe01523-2776-61666889187905171561023870517422056015413&#8243;][vc_custom_heading text_size=&#8221;custom&#8221; text_weight=&#8221;400&#8243; uncode_shortcode_id=&#8221;128511&#8243; heading_custom_size=&#8221;clamp(1.125rem, 0.5625rem + 0.9375vw, 1.5rem)&#8221;]<\/p>\n<blockquote><p>Toimitusaika vaihtelee tuotetyypin ja sesongin mukaan, mutta normaalisti kest\u00e4\u00e4 4\u20138 viikkoa tilauksesta valmiiseen asennukseen. Kotik\u00e4ynnill\u00e4 annamme sinulle selke\u00e4n arvion toimitusajasta valintojesi perusteella \u2013 jotta tied\u00e4t tarkkaan mit\u00e4 odottaa.<\/p><\/blockquote>\n<p>[\/vc_custom_heading][\/vc_accordion_tab][vc_accordion_tab gutter_size=&#8221;2&#8243; column_padding=&#8221;2&#8243; title=&#8221;Kuinka kauan asennus kest\u00e4\u00e4?&#8221; tab_id=&#8221;1744990304620-8-3&#8243;][vc_custom_heading text_size=&#8221;custom&#8221; text_weight=&#8221;400&#8243; uncode_shortcode_id=&#8221;212465&#8243; heading_custom_size=&#8221;clamp(1.125rem, 0.5625rem + 0.9375vw, 1.5rem)&#8221;]<\/p>\n<blockquote><p>Ikkunoiden tai ovien asennus kest\u00e4\u00e4 yleens\u00e4 1\u20132 p\u00e4iv\u00e4\u00e4 riippuen ty\u00f6n laajuudesta, s\u00e4\u00e4olosuhteista ja rakennustyypist\u00e4. Suunnittelemme asennuksen aina yhdess\u00e4 kanssasi, jotta se sujuu mahdollisimman jouhevasti \u2013 vuoden ymp\u00e4ri, my\u00f6s talvella.<\/p><\/blockquote>\n<p>[\/vc_custom_heading][\/vc_accordion_tab][vc_accordion_tab gutter_size=&#8221;2&#8243; column_padding=&#8221;2&#8243; title=&#8221;Mit\u00e4 ikkunoiden tai ovien vaihto maksaa Pohjanmaalla?&#8221; tab_id=&#8221;1744990331141-9-8&#8243;][vc_custom_heading text_size=&#8221;custom&#8221; text_weight=&#8221;400&#8243; uncode_shortcode_id=&#8221;839936&#8243; heading_custom_size=&#8221;clamp(1.125rem, 0.5625rem + 0.9375vw, 1.5rem)&#8221;]<\/p>\n<blockquote><p>Hinta riippuu useista tekij\u00f6ist\u00e4 kuten ikkunoiden\/ovien m\u00e4\u00e4r\u00e4st\u00e4, mallista, lis\u00e4varusteista ja asennuksen vaatimuksista. Tarjoamme ikkunoiden ja ovien vaihtoa koko Pohjanmaan alueella \u2013 Pietarsaaresta, Peders\u00f6rest\u00e4 ja Kruunupyyst\u00e4 aina Vaasaan ja N\u00e4rpi\u00f6\u00f6n asti \u2013 ja laskemme sinulle mielell\u00e4mme ilmaisen hinta-arvion.<\/p>\n<p>T\u00e4yt\u00e4 tietosi <strong><a href=\"https:\/\/micus.fi\/fi\/pyyda-tarjous\/\">t\u00e4h\u00e4n<\/a><\/strong>, niin otamme sinuun yhteytt\u00e4 tarkan tarjouksen kanssa \u2013 t\u00e4ysin sitoumuksetta.<\/p><\/blockquote>\n<p>[\/vc_custom_heading][\/vc_accordion_tab][vc_accordion_tab gutter_size=&#8221;2&#8243; column_padding=&#8221;2&#8243; title=&#8221;Tarjoatteko takuuta tuotteille ja asennukselle?&#8221; tab_id=&#8221;1665420124-2-01666889187905171561023870517422056015412&#8243;][vc_custom_heading text_size=&#8221;custom&#8221; text_weight=&#8221;400&#8243; uncode_shortcode_id=&#8221;161978&#8243; heading_custom_size=&#8221;clamp(1.125rem, 0.5625rem + 0.9375vw, 1.5rem)&#8221;]<\/p>\n<blockquote><p>Kyll\u00e4, saat aina takuun sek\u00e4 Pihla-ikkunoille ja -oville ett\u00e4 itse asennusty\u00f6lle. Takuuehdot m\u00e4\u00e4ritell\u00e4\u00e4n tarjouksen yhteydess\u00e4.<\/p>\n<p>Olemme valtuutettu Pihla-kumppani ja vastaamme koko prosessista \u2013 neuvonnasta valmiiseen asennukseen.<\/p><\/blockquote>\n<p>[\/vc_custom_heading][\/vc_accordion_tab][vc_accordion_tab gutter_size=&#8221;2&#8243; column_padding=&#8221;2&#8243; title=&#8221;Tarjoatteko rahoitusta?&#8221; tab_id=&#8221;6232a039-f9b5-71666889187905171561023870517422056015411&#8243;][vc_custom_heading text_size=&#8221;custom&#8221; text_weight=&#8221;400&#8243; uncode_shortcode_id=&#8221;129837&#8243; heading_custom_size=&#8221;clamp(1.125rem, 0.5625rem + 0.9375vw, 1.5rem)&#8221;]<\/p>\n<blockquote><p>Kyll\u00e4! Teemme yhteisty\u00f6t\u00e4 rahoituskumppanimme Osuuspankin kanssa ja voimme tarjota sek\u00e4 rahoitusta ett\u00e4 joustavia osamaksuratkaisuja. Kysy meilt\u00e4 vaihtoehdoista tarjouksen yhteydess\u00e4 \u2013 autamme mielell\u00e4mme l\u00f6yt\u00e4m\u00e4\u00e4n ratkaisun, joka sopii talouteesi. Tai lue lis\u00e4\u00e4 <strong><a href=\"https:\/\/micus.fi\/fi\/rahoitus\/\">t\u00e4\u00e4lt\u00e4<\/a><\/strong>.<\/p><\/blockquote>\n<p>[\/vc_custom_heading][\/vc_accordion_tab][vc_accordion_tab gutter_size=&#8221;2&#8243; column_padding=&#8221;2&#8243; title=&#8221;Mill\u00e4 alueilla tarjoatte ilmaisen kotik\u00e4ynnin ikkuna- ja ovi\u00adasennuksiin?&#8221; tab_id=&#8221;1744990304620-8-364&#8243;][vc_custom_heading text_size=&#8221;custom&#8221; text_weight=&#8221;400&#8243; uncode_shortcode_id=&#8221;177325&#8243; heading_custom_size=&#8221;clamp(1.125rem, 0.5625rem + 0.9375vw, 1.5rem)&#8221;]<\/p>\n<blockquote><p>Tarjoamme maksuttomia kotik\u00e4yntej\u00e4 ikkuna- ja ovi\u00adasennuksiin koko Pohjanmaan alueella. Kokeneet asentajamme liikkuvat p\u00e4ivitt\u00e4in laajalla alueella ja tulevat mielell\u00e4\u00e4n k\u00e4ym\u00e4\u00e4n \u2013 asuitpa miss\u00e4 tahansa.<\/p>\n<p>&nbsp;<\/p>\n<p>Olemme aktiivisia muun muassa seuraavilla paikkakunnilla:<br \/>\nPietarsaari, Peders\u00f6ren kunta, Uusikaarlepyy, Kruunupyy, Kokkola, V\u00f6yri, Oravainen, Mustasaari, Vaasa, N\u00e4rpi\u00f6, Maalahti, Kaskinen, Laihia, Ilmajoki, Sein\u00e4joki, Kurikka, Kauhava, Lapua, \u00c4ht\u00e4ri, Alah\u00e4rm\u00e4, Ylih\u00e4rm\u00e4, Alaj\u00e4rvi ja Jalasj\u00e4rvi.<\/p>\n<p>&nbsp;<\/p>\n<p>Asutko jollain n\u00e4ist\u00e4 paikkakunnista tai niiden l\u00e4hell\u00e4? <strong><a href=\"https:\/\/micus.fi\/fi\/pyyda-tarjous\/\">Varaa<\/a><\/strong> maksuton kotik\u00e4ynti \u2013 tulemme luoksesi.<\/p><\/blockquote>\n<p>[\/vc_custom_heading][\/vc_accordion_tab][vc_accordion_tab gutter_size=&#8221;2&#8243; column_padding=&#8221;2&#8243; title=&#8221;Mit\u00e4 jos jokin menee pieleen asennuksen j\u00e4lkeen?&#8221; tab_id=&#8221;1744990304620-8-36&#8243;][vc_custom_heading text_size=&#8221;custom&#8221; text_weight=&#8221;400&#8243; uncode_shortcode_id=&#8221;140344&#8243; heading_custom_size=&#8221;clamp(1.125rem, 0.5625rem + 0.9375vw, 1.5rem)&#8221;]<\/p>\n<blockquote><p>Olemme tavoitettavissa my\u00f6s asennuksen j\u00e4lkeen. Jos jokin ei toimi kuten pit\u00e4\u00e4, ota meihin suoraan yhteytt\u00e4 \u2013 vastaamme kokonaisuudesta ja autamme nopeasti. Tavoitteemme on, ett\u00e4 tunnet olosi turvalliseksi ennen, aikana ja j\u00e4lkeen asennuksen.<\/p><\/blockquote>\n<p>[\/vc_custom_heading][\/vc_accordion_tab][\/vc_accordion][\/vc_column][\/vc_row][\/vc_section]<\/p>\n<\/div>","protected":false},"excerpt":{"rendered":"<p>[vc_row row_height_percent=&#8221;55&#8243; override_padding=&#8221;yes&#8221; h_padding=&#8221;2&#8243; top_padding=&#8221;4&#8243; bottom_padding=&#8221;4&#8243; back_color=&#8221;color-wayh&#8221; back_image=&#8221;156002&#8243; back_position=&#8221;center center&#8221; overlay_color=&#8221;accent&#8221; overlay_alpha=&#8221;50&#8243; gutter_size=&#8221;3&#8243; column_width_percent=&#8221;100&#8243; shift_y=&#8221;0&#8243; z_index=&#8221;0&#8243; enable_bottom_divider=&#8221;default&#8221; bottom_divider=&#8221;gradient&#8221; shape_bottom_h_use_pixel=&#8221;true&#8221; shape_bottom_height_percent=&#8221;100&#8243; [&hellip;]<\/p>\n","protected":false},"author":1,"featured_media":0,"parent":0,"menu_order":0,"comment_status":"closed","ping_status":"closed","template":"","meta":{"footnotes":""},"class_list":["post-156710","page","type-page","status-publish","hentry"],"yoast_head":"<!-- This site is optimized with the Yoast SEO plugin v27.1.1 - https:\/\/yoast.com\/product\/yoast-seo-wordpress\/ -->\n<title>Usein kysytty\u00e4 ikkunoiden ja ovien vaihdosta Pohjanmaalla<\/title>\n<meta name=\"description\" content=\"Onko sinulla kysymyksi\u00e4 ikkunoiden tai ovien vaihdosta Pohjanmaalla? T\u00e4\u00e4lt\u00e4 l\u00f6yd\u00e4t vastaukset kotik\u00e4ynteihin, rahoitukseen, toimitusaikoihin, takuuseen ja hintoihin \u2013 kaikki mit\u00e4 tarvitset ennen varauksen tekemist\u00e4.\" \/>\n<meta name=\"robots\" content=\"index, follow, max-snippet:-1, max-image-preview:large, max-video-preview:-1\" \/>\n<link rel=\"canonical\" href=\"https:\/\/micus.fi\/fi\/usein-kysytyt-kysymykset\/\" \/>\n<meta property=\"og:locale\" content=\"fi_FI\" \/>\n<meta property=\"og:type\" content=\"article\" \/>\n<meta property=\"og:title\" content=\"Usein kysytty\u00e4 ikkunoiden ja ovien vaihdosta Pohjanmaalla\" \/>\n<meta property=\"og:description\" content=\"Onko sinulla kysymyksi\u00e4 ikkunoiden tai ovien vaihdosta Pohjanmaalla? T\u00e4\u00e4lt\u00e4 l\u00f6yd\u00e4t vastaukset kotik\u00e4ynteihin, rahoitukseen, toimitusaikoihin, takuuseen ja hintoihin \u2013 kaikki mit\u00e4 tarvitset ennen varauksen tekemist\u00e4.\" \/>\n<meta property=\"og:url\" content=\"https:\/\/micus.fi\/fi\/usein-kysytyt-kysymykset\/\" \/>\n<meta property=\"og:site_name\" content=\"Pihla \u2013 Ikkunat ja Ovet | F\u00f6nster &amp; D\u00f6rrar\" \/>\n<meta property=\"article:modified_time\" content=\"2025-06-04T10:30:24+00:00\" \/>\n<meta name=\"twitter:card\" content=\"summary_large_image\" \/>\n<meta name=\"twitter:label1\" content=\"Arvioitu lukuaika\" \/>\n\t<meta name=\"twitter:data1\" content=\"2 minuuttia\" \/>\n<script type=\"application\/ld+json\" class=\"yoast-schema-graph\">{\"@context\":\"https:\/\/schema.org\",\"@graph\":[{\"@type\":\"WebPage\",\"@id\":\"https:\/\/micus.fi\/fi\/usein-kysytyt-kysymykset\/\",\"url\":\"https:\/\/micus.fi\/fi\/usein-kysytyt-kysymykset\/\",\"name\":\"Usein kysytty\u00e4 ikkunoiden ja ovien vaihdosta Pohjanmaalla\",\"isPartOf\":{\"@id\":\"https:\/\/micus.fi\/#website\"},\"datePublished\":\"2025-05-19T08:01:37+00:00\",\"dateModified\":\"2025-06-04T10:30:24+00:00\",\"description\":\"Onko sinulla kysymyksi\u00e4 ikkunoiden tai ovien vaihdosta Pohjanmaalla? T\u00e4\u00e4lt\u00e4 l\u00f6yd\u00e4t vastaukset kotik\u00e4ynteihin, rahoitukseen, toimitusaikoihin, takuuseen ja hintoihin \u2013 kaikki mit\u00e4 tarvitset ennen varauksen tekemist\u00e4.\",\"breadcrumb\":{\"@id\":\"https:\/\/micus.fi\/fi\/usein-kysytyt-kysymykset\/#breadcrumb\"},\"inLanguage\":\"fi\",\"potentialAction\":[{\"@type\":\"ReadAction\",\"target\":[\"https:\/\/micus.fi\/fi\/usein-kysytyt-kysymykset\/\"]}]},{\"@type\":\"BreadcrumbList\",\"@id\":\"https:\/\/micus.fi\/fi\/usein-kysytyt-kysymykset\/#breadcrumb\",\"itemListElement\":[{\"@type\":\"ListItem\",\"position\":1,\"name\":\"Home\",\"item\":\"https:\/\/micus.fi\/\"},{\"@type\":\"ListItem\",\"position\":2,\"name\":\"Usein kysytyt kysymykset\"}]},{\"@type\":\"WebSite\",\"@id\":\"https:\/\/micus.fi\/#website\",\"url\":\"https:\/\/micus.fi\/\",\"name\":\"Pihla \u2013 Ikkunat ja Ovet | F\u00f6nster &amp; D\u00f6rrar\",\"description\":\"Laatua kotiisi \u2013 Kvalitet f\u00f6r ditt hem\",\"potentialAction\":[{\"@type\":\"SearchAction\",\"target\":{\"@type\":\"EntryPoint\",\"urlTemplate\":\"https:\/\/micus.fi\/?s={search_term_string}\"},\"query-input\":{\"@type\":\"PropertyValueSpecification\",\"valueRequired\":true,\"valueName\":\"search_term_string\"}}],\"inLanguage\":\"fi\"}]}<\/script>\n<!-- \/ Yoast SEO plugin. -->","yoast_head_json":{"title":"Usein kysytty\u00e4 ikkunoiden ja ovien vaihdosta Pohjanmaalla","description":"Onko sinulla kysymyksi\u00e4 ikkunoiden tai ovien vaihdosta Pohjanmaalla? T\u00e4\u00e4lt\u00e4 l\u00f6yd\u00e4t vastaukset kotik\u00e4ynteihin, rahoitukseen, toimitusaikoihin, takuuseen ja hintoihin \u2013 kaikki mit\u00e4 tarvitset ennen varauksen tekemist\u00e4.","robots":{"index":"index","follow":"follow","max-snippet":"max-snippet:-1","max-image-preview":"max-image-preview:large","max-video-preview":"max-video-preview:-1"},"canonical":"https:\/\/micus.fi\/fi\/usein-kysytyt-kysymykset\/","og_locale":"fi_FI","og_type":"article","og_title":"Usein kysytty\u00e4 ikkunoiden ja ovien vaihdosta Pohjanmaalla","og_description":"Onko sinulla kysymyksi\u00e4 ikkunoiden tai ovien vaihdosta Pohjanmaalla? T\u00e4\u00e4lt\u00e4 l\u00f6yd\u00e4t vastaukset kotik\u00e4ynteihin, rahoitukseen, toimitusaikoihin, takuuseen ja hintoihin \u2013 kaikki mit\u00e4 tarvitset ennen varauksen tekemist\u00e4.","og_url":"https:\/\/micus.fi\/fi\/usein-kysytyt-kysymykset\/","og_site_name":"Pihla \u2013 Ikkunat ja Ovet | F\u00f6nster &amp; D\u00f6rrar","article_modified_time":"2025-06-04T10:30:24+00:00","twitter_card":"summary_large_image","twitter_misc":{"Arvioitu lukuaika":"2 minuuttia"},"schema":{"@context":"https:\/\/schema.org","@graph":[{"@type":"WebPage","@id":"https:\/\/micus.fi\/fi\/usein-kysytyt-kysymykset\/","url":"https:\/\/micus.fi\/fi\/usein-kysytyt-kysymykset\/","name":"Usein kysytty\u00e4 ikkunoiden ja ovien vaihdosta Pohjanmaalla","isPartOf":{"@id":"https:\/\/micus.fi\/#website"},"datePublished":"2025-05-19T08:01:37+00:00","dateModified":"2025-06-04T10:30:24+00:00","description":"Onko sinulla kysymyksi\u00e4 ikkunoiden tai ovien vaihdosta Pohjanmaalla? T\u00e4\u00e4lt\u00e4 l\u00f6yd\u00e4t vastaukset kotik\u00e4ynteihin, rahoitukseen, toimitusaikoihin, takuuseen ja hintoihin \u2013 kaikki mit\u00e4 tarvitset ennen varauksen tekemist\u00e4.","breadcrumb":{"@id":"https:\/\/micus.fi\/fi\/usein-kysytyt-kysymykset\/#breadcrumb"},"inLanguage":"fi","potentialAction":[{"@type":"ReadAction","target":["https:\/\/micus.fi\/fi\/usein-kysytyt-kysymykset\/"]}]},{"@type":"BreadcrumbList","@id":"https:\/\/micus.fi\/fi\/usein-kysytyt-kysymykset\/#breadcrumb","itemListElement":[{"@type":"ListItem","position":1,"name":"Home","item":"https:\/\/micus.fi\/"},{"@type":"ListItem","position":2,"name":"Usein kysytyt kysymykset"}]},{"@type":"WebSite","@id":"https:\/\/micus.fi\/#website","url":"https:\/\/micus.fi\/","name":"Pihla \u2013 Ikkunat ja Ovet | F\u00f6nster &amp; D\u00f6rrar","description":"Laatua kotiisi \u2013 Kvalitet f\u00f6r ditt hem","potentialAction":[{"@type":"SearchAction","target":{"@type":"EntryPoint","urlTemplate":"https:\/\/micus.fi\/?s={search_term_string}"},"query-input":{"@type":"PropertyValueSpecification","valueRequired":true,"valueName":"search_term_string"}}],"inLanguage":"fi"}]}},"_links":{"self":[{"href":"https:\/\/micus.fi\/fi\/wp-json\/wp\/v2\/pages\/156710","targetHints":{"allow":["GET"]}}],"collection":[{"href":"https:\/\/micus.fi\/fi\/wp-json\/wp\/v2\/pages"}],"about":[{"href":"https:\/\/micus.fi\/fi\/wp-json\/wp\/v2\/types\/page"}],"author":[{"embeddable":true,"href":"https:\/\/micus.fi\/fi\/wp-json\/wp\/v2\/users\/1"}],"replies":[{"embeddable":true,"href":"https:\/\/micus.fi\/fi\/wp-json\/wp\/v2\/comments?post=156710"}],"version-history":[{"count":10,"href":"https:\/\/micus.fi\/fi\/wp-json\/wp\/v2\/pages\/156710\/revisions"}],"predecessor-version":[{"id":156799,"href":"https:\/\/micus.fi\/fi\/wp-json\/wp\/v2\/pages\/156710\/revisions\/156799"}],"wp:attachment":[{"href":"https:\/\/micus.fi\/fi\/wp-json\/wp\/v2\/media?parent=156710"}],"curies":[{"name":"wp","href":"https:\/\/api.w.org\/{rel}","templated":true}]}}